{"id":54,"date":"2020-10-16T01:45:23","date_gmt":"2020-10-16T06:45:23","guid":{"rendered":"https:\/\/cultural.edu.pe\/tacna\/?page_id=54"},"modified":"2024-12-18T12:44:42","modified_gmt":"2024-12-18T17:44:42","slug":"asesoria-educacional","status":"publish","type":"page","link":"https:\/\/cultural.edu.pe\/tacna\/asesoria-educacional\/","title":{"rendered":"Asesor\u00eda Educacional"},"content":{"rendered":"<p>[vc_row][vc_column][vc_empty_space][vc_column_text]<\/p>\n<h1 class=\"vc_custom_heading\"><a href=\"https:\/\/educationusa.state.gov\/\" target=\"_blank\" rel=\"nofollow noopener\">Asesor\u00edas Personalizadas para Estudios Superiores en los EE.UU.<\/a><\/h1>\n<p>Asesoramiento personalizado para estudios superiores y tratar de conseguir becas para estudios superiores (pregrado y\/o posgrado en Estados Unidos).<\/p>\n<h3><b>Precio<\/b><\/h3>\n<ul>\n<li aria-level=\"1\">Un \u00fanico pago de 20.00 soles.<\/li>\n<li aria-level=\"1\">Gratuito para alumnos CCPNA , ex alumnos CCPNA con antig\u00fcedad no mayor a 1 a\u00f1o, personal administrativo, alumnos de colegios COAR y particulares que acrediten no contar con los fondos suficientes para realizar el pago.<\/li>\n<\/ul>\n<p>&nbsp;<\/p>\n<h3><b>Beneficios<\/b><\/h3>\n<p>Desarrollo personal y profesional.<\/p>\n<p>&nbsp;<\/p>\n<h3><b>Respaldo<\/b><\/h3>\n<p>Departamento del estado de los Estados Unidos.<\/p>\n<p>&nbsp;<\/p>\n<h3><b>Alcance (Nivel acad\u00e9mico, formas de atenci\u00f3n, territorialidad)<\/b><\/h3>\n<ul>\n<li aria-level=\"1\"><b>\u00a0<\/b>Nivel acad\u00e9mico: Secundaria, Instituto y Universitario<\/li>\n<li aria-level=\"1\">\u00a0Formas de atenci\u00f3n: Presencial y Virtual<\/li>\n<li aria-level=\"1\">Territorialidad: Arequipa, Moquegua, Ilo, Tacna, Puno y Juliaca.<\/li>\n<\/ul>\n<p>&nbsp;<\/p>\n<h3><b>Proceso para recibir la asesor\u00eda<\/b><\/h3>\n<ol>\n<li>Primer contacto por inter\u00e9s del cliente o charlas informativas. Una vez el interesado decida tomar el servicio de asesor\u00eda personalizada, debe solicitar una cita al siguiente correo: <a href=\"mailto:miparraguirre@education.usa.org\">miparraguirre@education.usa.org<\/a><\/li>\n<li>Luego se env\u00eda por correo el link de un video de la charla de \u201cLos 5 pasos para estudios en USA\u201d y un formulario para que el alumno interesado complete todos sus datos e intereses.<\/li>\n<li>Se coordina una fecha, hora y modalidad (presencial o virtual) para la asesor\u00eda con el director del \u00e1rea, Sandro Molina.<\/li>\n<li>Finalmente el d\u00eda de la asesor\u00eda se le brinda al asesorado volantes informativos y se procede a empezar la asesor\u00eda.<\/li>\n<li>La asesor\u00eda consiste en :<\/li>\n<\/ol>\n<ol>\n<li>\n<ol>\n<li aria-level=\"1\"><b>An\u00e1lisis del perfil del postulante<\/b>: Notas, nivel acad\u00e9mico, interes de estudios, etc<\/li>\n<li aria-level=\"1\"><b>Solicitud de requisitos<\/b>: Se le solicitar\u00e1 al alumno requisitos como ex\u00e1menes, puntajes en los ex\u00e1menes, actividades extracurriculares, nivel de ingl\u00e9s, notas de colegio, universidad o instituto etc.<\/li>\n<li aria-level=\"1\"><b>Reuni\u00f3n para analizar las opciones seg\u00fan los requisitos obtenidos:<\/b>\u00a0Se genera una lista de opciones que vayan de acuerdo con los requisitos y perfil de estudiante.\u00a0 El estudiante realiza el an\u00e1lisis seg\u00fan sus posibilidades y preferencias para finalmente elegir la instituci\u00f3n a la que quiere postular.<\/li>\n<li aria-level=\"1\"><b>Reuni\u00f3n con la informaci\u00f3n recopilada:<\/b>\u00a0La oficina de EDU USA se asegura que los requisitos se cumplan para la postulaci\u00f3n seg\u00fan la instituci\u00f3n elegida de tal manera que se pueda iniciar el proceso de postulaci\u00f3n.<\/li>\n<li aria-level=\"1\"><b>Acompa\u00f1amiento y asesor\u00eda en el proceso de postulaci\u00f3n<\/b>: Una vez elegida la instituci\u00f3n para los estudios superiores se brinda un acompa\u00f1amiento durante el proceso de postulaci\u00f3n (ayuda en el llenado de la aplicaci\u00f3n, revisi\u00f3n de ensayos, requisitos, cumplimiento de fechas, etc)<\/li>\n<li aria-level=\"1\"><b>Asesor\u00eda en la obtenci\u00f3n de la visa:\u00a0<\/b>La oficina de EDU USA asesora al estudiante para la obtenci\u00f3n de la visa necesaria para empezar sus estudios en EEUU.<\/li>\n<\/ol>\n<\/li>\n<\/ol>\n<p>&nbsp;<\/p>\n<p><b>Recomendaciones y consejer\u00eda:<\/b>\u00a0La asesor\u00eda de la oficina de EDU USA termina con recomendaciones finales para el estudiante para\u00a0 el viaje y estudios en los EEUU[\/vc_column_text][\/vc_column][\/vc_row][vc_row][vc_column][vc_empty_space][\/vc_column][\/vc_row]<\/p>\n","protected":false},"excerpt":{"rendered":"<p>[vc_row][vc_column][vc_empty_space][vc_column_text] Asesor\u00edas Personalizadas para Estudios Superiores en los EE.UU. Asesoramiento personalizado para estudios superiores y tratar de conseguir becas para estudios superiores (pregrado y\/o posgrado en Estados Unidos). Precio Un [&hellip;]<\/p>\n","protected":false},"author":7,"featured_media":4486,"parent":0,"menu_order":0,"comment_status":"closed","ping_status":"closed","template":"","meta":{"footnotes":""},"tags":[],"tipo_pagina":[],"class_list":["post-54","page","type-page","status-publish","has-post-thumbnail","hentry"],"acf":[],"_links":{"self":[{"href":"https:\/\/cultural.edu.pe\/tacna\/wp-json\/wp\/v2\/pages\/54","targetHints":{"allow":["GET"]}}],"collection":[{"href":"https:\/\/cultural.edu.pe\/tacna\/wp-json\/wp\/v2\/pages"}],"about":[{"href":"https:\/\/cultural.edu.pe\/tacna\/wp-json\/wp\/v2\/types\/page"}],"author":[{"embeddable":true,"href":"https:\/\/cultural.edu.pe\/tacna\/wp-json\/wp\/v2\/users\/7"}],"replies":[{"embeddable":true,"href":"https:\/\/cultural.edu.pe\/tacna\/wp-json\/wp\/v2\/comments?post=54"}],"version-history":[{"count":7,"href":"https:\/\/cultural.edu.pe\/tacna\/wp-json\/wp\/v2\/pages\/54\/revisions"}],"predecessor-version":[{"id":4485,"href":"https:\/\/cultural.edu.pe\/tacna\/wp-json\/wp\/v2\/pages\/54\/revisions\/4485"}],"wp:featuredmedia":[{"embeddable":true,"href":"https:\/\/cultural.edu.pe\/tacna\/wp-json\/wp\/v2\/media\/4486"}],"wp:attachment":[{"href":"https:\/\/cultural.edu.pe\/tacna\/wp-json\/wp\/v2\/media?parent=54"}],"wp:term":[{"taxonomy":"post_tag","embeddable":true,"href":"https:\/\/cultural.edu.pe\/tacna\/wp-json\/wp\/v2\/tags?post=54"},{"taxonomy":"tipo_pagina","embeddable":true,"href":"https:\/\/cultural.edu.pe\/tacna\/wp-json\/wp\/v2\/tipo_pagina?post=54"}],"curies":[{"name":"wp","href":"https:\/\/api.w.org\/{rel}","templated":true}]}}