{"id":4907,"date":"2025-08-27T09:37:52","date_gmt":"2025-08-27T14:37:52","guid":{"rendered":"https:\/\/cultural.edu.pe\/tacna\/?page_id=4907"},"modified":"2026-01-09T17:38:17","modified_gmt":"2026-01-09T22:38:17","slug":"preparacion-examenes-internacionales","status":"publish","type":"page","link":"https:\/\/cultural.edu.pe\/tacna\/preparacion-examenes-internacionales\/","title":{"rendered":"Preparaci\u00f3n para ex\u00e1menes internacionales"},"content":{"rendered":"<p>[vc_row css=\u00bb.vc_custom_1725245477008{background-color: #f9f9f9 !important;}\u00bb][vc_column][vc_empty_space height=\u00bb50px\u00bb]<div class=\"ult-content-box-container intro-body\" >\t\t<div class=\"ult-content-box\" style=\"box-shadow: px px px px none;-webkit-transition: all 700ms ease;-moz-transition: all 700ms ease;-ms-transition: all 700ms ease;-o-transition: all 700ms ease;transition: all 700ms ease;\"  data-hover_box_shadow=\"none\"    >[vc_column_text el_class=\u00bbcontainer-subtitle intro-title\u00bb]<\/p>\n<p style=\"text-align: left;\"><span class=\"first-subtitle\"><strong>\u00a1Clases totalmente virtuales!<\/strong><\/span><br \/>\n<span class=\"second-subtitle\"><strong>Cursos de preparaci\u00f3n<\/strong><\/span><\/p>\n<p>[\/vc_column_text][vc_column_text el_class=\u00bbintro-desc\u00bb]<span style=\"font-weight: 400;\">Todas los turnos y horarios se encuentran disponibles de manera 100% online a excepci\u00f3n de los cursos de preparaci\u00f3n para el ECCE o el ECPE. Algunos de nuestros cursos son dictados por Fulbright (socio estrat\u00e9gico) y otros con la metodolog\u00eda de ense\u00f1anza y calidad que caracterizan al Cultural. Recuerda que para acceder a nuestras clases virtuales, necesitas una laptop con conexi\u00f3n a internet.\u00a0<\/span>[\/vc_column_text]<div class=\"aio-icon-component   intro-compu style_1\"><div id=\"Info-box-wrap-6849\" class=\"aio-icon-box top-icon\" style=\"\"  ><div class=\"aio-icon-top\"><div class=\"ult-just-icon-wrapper  \"><div class=\"align-icon\" style=\"text-align:center;\">\n<div class=\"aio-icon circle \"  style=\"color:#ffffff;background:#2e3192;font-size:48px;display:inline-block;\">\n\t<i class=\"Defaults-laptop\"><\/i>\n<\/div><\/div><\/div><\/div><div class=\"aio-icon-description ult-responsive\"  data-ultimate-target='#Info-box-wrap-6849 .aio-icon-description'  data-responsive-json-new='{\"font-size\":\"\",\"line-height\":\"\"}'  style=\"\">Se recomienda computadora<\/div> <!-- description --><\/div> <!-- aio-icon-box --><\/div> <!-- aio-icon-component --><div class=\"aio-icon-component   intro-celular style_1\"><div id=\"Info-box-wrap-4356\" class=\"aio-icon-box top-icon\" style=\"\"  ><div class=\"aio-icon-top\"><div class=\"ult-just-icon-wrapper  \"><div class=\"align-icon\" style=\"text-align:center;\">\n<div class=\"aio-icon-img  uavc-circle \" style=\"font-size:48px;background:#2e3192;display:inline-block;\" >\n\t<img decoding=\"async\" class=\"img-icon\" alt=\"null\" src=\"https:\/\/cultural.edu.pe\/tacna\/wp-content\/uploads\/2025\/08\/telefono-prohibido.png\"\/>\n<\/div><\/div><\/div><\/div><div class=\"aio-icon-description ult-responsive\"  data-ultimate-target='#Info-box-wrap-4356 .aio-icon-description'  data-responsive-json-new='{\"font-size\":\"\",\"line-height\":\"\"}'  style=\"\">Prohibido celular<\/div> <!-- description --><\/div> <!-- aio-icon-box --><\/div> <!-- aio-icon-component -->[vc_single_image image=\u00bb4991&#8243; img_size=\u00bbfull\u00bb alignment=\u00bbright\u00bb el_class=\u00bbintro-img hide-elem\u00bb]\t\t<\/div><\/div>[\/vc_column][\/vc_row][vc_row css=\u00bb.vc_custom_1725244200425{background-image: url(https:\/\/cultural.edu.pe\/wp-content\/uploads\/2024\/02\/seccion-bg-1.png?id=9474) !important;background-position: center !important;background-repeat: no-repeat !important;background-size: cover !important;}\u00bb][vc_column][vc_empty_space height=\u00bb60px\u00bb][vc_basic_grid post_type=\u00bbcursos\u00bb max_items=\u00bb16&#8243; element_width=\u00bb6&#8243; item=\u00bb5000&#8243; grid_id=\u00bbvc_gid:1756740821936-5cb517a8-dd88-4&#8243; taxonomies=\u00bb52&#8243;][vc_empty_space height=\u00bb20px\u00bb][\/vc_column][\/vc_row][vc_section el_class=\u00bbportal-academico secciones-nlg\u00bb css=\u00bb.vc_custom_1725244281612{background-color: #2e3192 !important;}\u00bb][vc_row][vc_column width=\u00bb1\/4&#8243;][vc_single_image image=\u00bb5033&#8243; img_size=\u00bb200&#215;200&#8243; el_class=\u00bbimg-portal\u00bb][\/vc_column][vc_column width=\u00bb3\/4&#8243;][vc_column_text]<\/p>\n<h5>Portal Acad\u00e9mico<\/h5>\n<p>Consulta tu informaci\u00f3n, matr\u00edcula web, notas y plataforma virtual National Geographic Learning.[\/vc_column_text][vc_btn title=\u00bbIngresa aqu\u00ed\u00bb style=\u00bbflat\u00bb color=\u00bbwhite\u00bb link=\u00bburl:https%3A%2F%2Fportalacademico.cultural.edu.pe%2Fccpna%2Fstudents\u00bb][\/vc_column][\/vc_row][\/vc_section]<\/p>\n","protected":false},"excerpt":{"rendered":"<p>Conoce nuestros cursos de preparaci\u00f3n.<\/p>\n","protected":false},"author":7,"featured_media":4119,"parent":0,"menu_order":0,"comment_status":"closed","ping_status":"closed","template":"","meta":{"footnotes":""},"tags":[],"tipo_pagina":[47],"class_list":["post-4907","page","type-page","status-publish","has-post-thumbnail","hentry","tipo_pagina-cursos"],"acf":[],"_links":{"self":[{"href":"https:\/\/cultural.edu.pe\/tacna\/wp-json\/wp\/v2\/pages\/4907","targetHints":{"allow":["GET"]}}],"collection":[{"href":"https:\/\/cultural.edu.pe\/tacna\/wp-json\/wp\/v2\/pages"}],"about":[{"href":"https:\/\/cultural.edu.pe\/tacna\/wp-json\/wp\/v2\/types\/page"}],"author":[{"embeddable":true,"href":"https:\/\/cultural.edu.pe\/tacna\/wp-json\/wp\/v2\/users\/7"}],"replies":[{"embeddable":true,"href":"https:\/\/cultural.edu.pe\/tacna\/wp-json\/wp\/v2\/comments?post=4907"}],"version-history":[{"count":9,"href":"https:\/\/cultural.edu.pe\/tacna\/wp-json\/wp\/v2\/pages\/4907\/revisions"}],"predecessor-version":[{"id":5038,"href":"https:\/\/cultural.edu.pe\/tacna\/wp-json\/wp\/v2\/pages\/4907\/revisions\/5038"}],"wp:featuredmedia":[{"embeddable":true,"href":"https:\/\/cultural.edu.pe\/tacna\/wp-json\/wp\/v2\/media\/4119"}],"wp:attachment":[{"href":"https:\/\/cultural.edu.pe\/tacna\/wp-json\/wp\/v2\/media?parent=4907"}],"wp:term":[{"taxonomy":"post_tag","embeddable":true,"href":"https:\/\/cultural.edu.pe\/tacna\/wp-json\/wp\/v2\/tags?post=4907"},{"taxonomy":"tipo_pagina","embeddable":true,"href":"https:\/\/cultural.edu.pe\/tacna\/wp-json\/wp\/v2\/tipo_pagina?post=4907"}],"curies":[{"name":"wp","href":"https:\/\/api.w.org\/{rel}","templated":true}]}}