{"id":4892,"date":"2025-08-07T14:18:47","date_gmt":"2025-08-07T19:18:47","guid":{"rendered":"https:\/\/cultural.edu.pe\/tacna\/?page_id=4892"},"modified":"2025-10-31T11:56:43","modified_gmt":"2025-10-31T16:56:43","slug":"american-spaces","status":"publish","type":"page","link":"https:\/\/cultural.edu.pe\/tacna\/american-spaces\/","title":{"rendered":"American Spaces"},"content":{"rendered":"<p>[vc_row content_placement=\u00bbmiddle\u00bb el_id=\u00bbamericanSpaces\u00bb css=\u00bb.vc_custom_1733841716614{background-color: #ffffff !important;}\u00bb][vc_column][vc_row_inner el_class=\u00bbdirection-reverse\u00bb][vc_column_inner width=\u00bb1\/2&#8243;][vc_column_text el_class=\u00bbtext-justify\u00bb]<span style=\"color: #2e3192;\"><strong>Somos un American Space<\/strong><\/span>, lo que quiere decir que ofrecemos un ambiente acogedor y accesible donde los visitantes pueden explorar, interactuar y aprender m\u00e1s sobre la cultura, la historia y los valores de los Estados Unidos.<\/p>\n<p>Aqu\u00ed los estudiantes pueden acceder a informaci\u00f3n sobre estudios en EE. UU., aprender ingl\u00e9s, participar en talleres de educaci\u00f3n, de emprendimiento, y conocer m\u00e1s sobre la sociedad estadounidense en un entorno de respeto y colaboraci\u00f3n.<\/p>\n<p>Adem\u00e1s, gracias a nuestro socio estrat\u00e9gico, la Embajada de los Estados Unidos, contamos con una amplia gama de recursos, actividades y programas educativos, facilitando el intercambio cultural, el acceso a becas y fomentar el entendimiento mutuo entre ambas naciones.[\/vc_column_text][vc_btn title=\u00bbVer p\u00e1gina oficial\u00bb style=\u00bbclassic\u00bb color=\u00bbblue\u00bb link=\u00bburl:https%3A%2F%2Fpe.usembassy.gov%2Fes%2Feducation-es%2Famerican-spaces-es%2F|target:_blank\u00bb][\/vc_column_inner][vc_column_inner width=\u00bb1\/2&#8243;][vc_single_image image=\u00bb4893&#8243; img_size=\u00bb300&#215;378&#8243; alignment=\u00bbcenter\u00bb el_class=\u00bbpic-american-spaces\u00bb][\/vc_column_inner][\/vc_row_inner][\/vc_column][\/vc_row][vc_row content_placement=\u00bbmiddle\u00bb el_id=\u00bbbookCloud\u00bb css=\u00bb.vc_custom_1754593480368{background: #ffffff url(https:\/\/cultural.edu.pe\/wp-content\/uploads\/2024\/02\/seccion-bg-1.png?id=9474) !important;background-position: center !important;background-repeat: no-repeat !important;background-size: cover !important;}\u00bb][vc_column][vc_row_inner content_placement=\u00bbmiddle\u00bb el_class=\u00bbdirection-reverse\u00bb][vc_column_inner width=\u00bb1\/2&#8243;][vc_single_image image=\u00bb4894&#8243; img_size=\u00bb400&#215;591&#8243; alignment=\u00bbcenter\u00bb el_class=\u00bbmarginB0&#8243;][\/vc_column_inner][vc_column_inner el_class=\u00bbbg-circle\u00bb width=\u00bb1\/2&#8243; css=\u00bb.vc_custom_1754593550355{background: #ffffff url(https:\/\/cultural.edu.pe\/tacna\/wp-content\/uploads\/2025\/08\/bg-dots.png?id=4896) !important;background-position: 0 0 !important;background-repeat: repeat !important;}\u00bb][vc_single_image image=\u00bb4895&#8243; img_size=\u00bb250&#215;84&#8243; alignment=\u00bbcenter\u00bb el_class=\u00bblogo-bc\u00bb][vc_column_text]<\/p>\n<p style=\"text-align: center;\">Contamos con una biblioteca de estanter\u00eda abierta en nuestra sede, adem\u00e1s de una biblioteca virtual llamada Bookcloud, que ofrece miles de recursos liberados para los American Spaces y su comunidad.<\/p>\n<p>[\/vc_column_text][vc_btn title=\u00bbIr a BookCloud\u00bb style=\u00bbclassic\u00bb color=\u00bbdanger\u00bb align=\u00bbcenter\u00bb link=\u00bburl:https%3A%2F%2Fbookcloud.overdrive.com%2F|target:_blank\u00bb][\/vc_column_inner][\/vc_row_inner][\/vc_column][\/vc_row][vc_row content_placement=\u00bbmiddle\u00bb el_id=\u00bbeducationUsa\u00bb css=\u00bb.vc_custom_1733842645944{background-color: #ffffff !important;}\u00bb][vc_column][vc_row_inner][vc_column_inner width=\u00bb1\/2&#8243;][vc_column_text]<\/p>\n<p style=\"text-align: left;\"><span class=\"first-subtitle\"><strong>Beneficio exclusivo de la red<\/strong><\/span><br \/>\n<span class=\"second-subtitle\"><strong>Oficinas de EducationUSA<\/strong><\/span><\/p>\n<p>[\/vc_column_text][vc_column_text el_class=\u00bbtext-justify\u00bb]EducationUSA es tambi\u00e9n una red del Departamento de Estado de los Estados Unidos con m\u00e1s de 430 centros de asesoramiento para estudiantes internacionales en m\u00e1s de 175 pa\u00edses y la fuente oficial de educaci\u00f3n superior de dicho pa\u00eds.<\/p>\n<p>En el Cultural, como American Space, contamos con el \u00e1rea de Asesor\u00eda Educacional (EducationUSA) y cuyo principal objetivo es ofrecer a nuestros estudiantes informaci\u00f3n precisa, completa y actualizada sobre oportunidades para estudiar en instituciones postsecundarias acreditadas en los Estados Unidos, c\u00f3mo postular a ellas de forma remota, obtener certificaciones internacionales, realizar viajes de inmersi\u00f3n, entre muchos otros beneficios.<\/p>\n<p>Revisa nuestra programaci\u00f3n de eventos para ver si tenemos charlas informativas de EdUSA pr\u00f3ximamente:[\/vc_column_text][vc_btn title=\u00bbBuscar eventos\u00bb style=\u00bbclassic\u00bb color=\u00bbblue\u00bb link=\u00bburl:https%3A%2F%2Fcultural.edu.pe%2Ftacna%2Feventos%2F\u00bb][\/vc_column_inner][vc_column_inner el_class=\u00bbleft-eduUsa\u00bb width=\u00bb1\/2&#8243;][vc_single_image image=\u00bb5053&#8243; img_size=\u00bbfull\u00bb alignment=\u00bbcenter\u00bb el_class=\u00bbborder20 pic-eduUsa\u00bb]<div class=\"uavc-list-icon uavc-list-icon-wrapper ult-adjust-bottom-margin container-info-eduUsa  \"><ul class=\"uavc-list\"><li><div class=\"uavc-list-content\" id=\"list-icon-wrap-5807\">\n<div class=\"uavc-list-icon info-eduUsa \" data-animation=\"\" data-animation-delay=\"03\" style=\"margin-right:15px;\"><div class=\"ult-just-icon-wrapper  \"><div class=\"align-icon\" style=\"text-align:center;\">\n<div class=\"aio-icon none \"  style=\"color:#df4f3e;font-size:24px;display:inline-block;\">\n\t<i class=\"Defaults-envelope-o\"><\/i>\n<\/div><\/div><\/div>\n<\/div><span  data-ultimate-target='#list-icon-wrap-5807 .uavc-list-desc'  data-responsive-json-new='{\"font-size\":\"\",\"line-height\":\"\"}'  class=\"uavc-list-desc ult-responsive\" style=\"\"><strong>Escr\u00edbenos a:<\/strong> educationusa@cultural.edu.pe<\/span><\/div><\/li><li><div class=\"uavc-list-content\" id=\"list-icon-wrap-5888\">\n<div class=\"uavc-list-icon info-eduUsa \" data-animation=\"\" data-animation-delay=\"03\" style=\"margin-right:15px;\"><div class=\"ult-just-icon-wrapper  \"><div class=\"align-icon\" style=\"text-align:center;\">\n<div class=\"aio-icon none \"  style=\"color:#df4f3e;font-size:24px;display:inline-block;\">\n\t<i class=\"Defaults-whatsapp\"><\/i>\n<\/div><\/div><\/div>\n<\/div><span  data-ultimate-target='#list-icon-wrap-5888 .uavc-list-desc'  data-responsive-json-new='{\"font-size\":\"\",\"line-height\":\"\"}'  class=\"uavc-list-desc ult-responsive\" style=\"\"><strong>Env\u00edanos un WhatsApp a:<\/strong> 932 138 540<\/span><\/div><\/li><li><div class=\"uavc-list-content\" id=\"list-icon-wrap-2125\">\n<div class=\"uavc-list-icon info-eduUsa \" data-animation=\"\" data-animation-delay=\"03\" style=\"margin-right:15px;\"><div class=\"ult-just-icon-wrapper  \"><div class=\"align-icon\" style=\"text-align:center;\">\n<div class=\"aio-icon none \"  style=\"color:#df4f3e;font-size:24px;display:inline-block;\">\n\t<i class=\"Defaults-location-arrow\"><\/i>\n<\/div><\/div><\/div>\n<\/div><span  data-ultimate-target='#list-icon-wrap-2125 .uavc-list-desc'  data-responsive-json-new='{\"font-size\":\"\",\"line-height\":\"\"}'  class=\"uavc-list-desc ult-responsive\" style=\"\">B\u00fascanos presencialmente en nuestras oficinas.<\/span><\/div><\/li><\/ul><\/div>[\/vc_column_inner][\/vc_row_inner][\/vc_column][\/vc_row][vc_row content_placement=\u00bbmiddle\u00bb el_id=\u00bbservicesEduUsa\u00bb css=\u00bb.vc_custom_1754593889542{background-image: url(https:\/\/cultural.edu.pe\/wp-content\/uploads\/2024\/12\/bg-services-eduUsa.jpg?id=12714) !important;background-position: center !important;background-repeat: no-repeat !important;background-size: cover !important;}\u00bb][vc_column][vc_custom_heading text=\u00bb<strong>Nuestros servicios vinculados<\/strong>\u00bb font_container=\u00bbtag:h4|text_align:center|color:%232e3192&#8243; use_theme_fonts=\u00bbyes\u00bb][\/vc_column][vc_column][vc_row_inner equal_height=\u00bbyes\u00bb][vc_column_inner width=\u00bb1\/3&#8243;]<div class=\"ult-content-box-container services-card box-shadow\" >\t<a class=\"ult-content-box-anchor\" href=\"https:\/\/cultural.edu.pe\/tacna\/examenes-internacionales\/\" >\t\t<div class=\"ult-content-box\" style=\"box-shadow: px px px px none;-webkit-transition: all 700ms ease;-moz-transition: all 700ms ease;-ms-transition: all 700ms ease;-o-transition: all 700ms ease;transition: all 700ms ease;\"  data-hover_box_shadow=\"none\"    >[vc_single_image image=\u00bb4872&#8243; img_size=\u00bb200&#215;200&#8243; alignment=\u00bbcenter\u00bb el_class=\u00bbmarginB0&#8243;][vc_column_text el_class=\u00bbtitle-card\u00bb]<\/p>\n<p style=\"text-align: center;\"><strong>Ex\u00e1menes internacionales<\/strong><\/p>\n<p>[\/vc_column_text][vc_column_text]Para certificar tu ingl\u00e9s o seguir estudios superiores en Estados Unidos y otros pa\u00edses de habla inglesa.[\/vc_column_text][vc_column_text el_class=\u00bblink-card marginB0&#8243;]<a href=\"https:\/\/cultural.edu.pe\/tacna\/examenes-internacionales\/\" target=\"_blank\" rel=\"noopener\">Quiero saber m\u00e1s \u2192<\/a>[\/vc_column_text]\t\t<\/div>\t<\/a><\/div>[\/vc_column_inner][vc_column_inner width=\u00bb1\/3&#8243;]<div class=\"ult-content-box-container services-card box-shadow\" >\t<a class=\"ult-content-box-anchor\" href=\"https:\/\/cultural.edu.pe\/tacna\/asesoria-educacional\/programas-de-inmersion\/\" >\t\t<div class=\"ult-content-box\" style=\"box-shadow: px px px px none;-webkit-transition: all 700ms ease;-moz-transition: all 700ms ease;-ms-transition: all 700ms ease;-o-transition: all 700ms ease;transition: all 700ms ease;\"  data-hover_box_shadow=\"none\"    >[vc_single_image image=\u00bb4899&#8243; img_size=\u00bb200&#215;200&#8243; alignment=\u00bbcenter\u00bb el_class=\u00bbmarginB0&#8243;][vc_column_text el_class=\u00bbtitle-card\u00bb]<\/p>\n<p style=\"text-align: center;\"><strong>Viajes de inmersi\u00f3n<\/strong><\/p>\n<p>[\/vc_column_text][vc_column_text]M\u00e1s oportunidades de reforzar el idioma ingl\u00e9s mediante viajes de inmersi\u00f3n a los Estados Unidos y sumergirte en la cultura americana.[\/vc_column_text][vc_column_text el_class=\u00bblink-card marginB0&#8243;]<a href=\"https:\/\/cultural.edu.pe\/tacna\/asesoria-educacional\/programas-de-inmersion\/\" target=\"_blank\" rel=\"noopener\">Quiero saber m\u00e1s \u2192<\/a>[\/vc_column_text]\t\t<\/div>\t<\/a><\/div>[\/vc_column_inner][vc_column_inner width=\u00bb1\/3&#8243;]<div class=\"ult-content-box-container services-card box-shadow\" >\t<a class=\"ult-content-box-anchor\" href=\"https:\/\/cultural.edu.pe\/tacna\/asesoria-educacional\/personalizadas\/\" title=\"Asesor\u00edas Personalizadas\" >\t\t<div class=\"ult-content-box\" style=\"box-shadow: px px px px none;-webkit-transition: all 700ms ease;-moz-transition: all 700ms ease;-ms-transition: all 700ms ease;-o-transition: all 700ms ease;transition: all 700ms ease;\"  data-hover_box_shadow=\"none\"    >[vc_single_image image=\u00bb4900&#8243; img_size=\u00bb200&#215;200&#8243; alignment=\u00bbcenter\u00bb el_class=\u00bbmarginB0&#8243;][vc_column_text el_class=\u00bbtitle-card\u00bb]<\/p>\n<p style=\"text-align: center;\"><strong>Asesor\u00eda sobre estudios en Estados Unidos<\/strong><\/p>\n<p>[\/vc_column_text][vc_column_text]Asesoramiento para conseguir becas de estudios superiores en Estados Unidos.[\/vc_column_text][vc_column_text el_class=\u00bblink-card marginB0&#8243;]<a href=\"https:\/\/cultural.edu.pe\/tacna\/asesoria-educacional\/personalizadas\/\" target=\"_blank\" rel=\"noopener\">Quiero saber m\u00e1s \u2192<\/a>[\/vc_column_text]\t\t<\/div>\t<\/a><\/div>[\/vc_column_inner][\/vc_row_inner][\/vc_column][\/vc_row][vc_row content_placement=\u00bbmiddle\u00bb el_id=\u00bbaliadosEstrategicos\u00bb css=\u00bb.vc_custom_1754594072230{background: #ffffff url(https:\/\/cultural.edu.pe\/tacna\/wp-content\/uploads\/2024\/02\/seccion-bg-1.png?id=4104) !important;background-position: center !important;background-repeat: no-repeat !important;background-size: cover !important;}\u00bb][vc_column][vc_row_inner content_placement=\u00bbmiddle\u00bb][vc_column_inner el_class=\u00bbaliados-r box-shadow\u00bb width=\u00bb1\/2&#8243;][vc_column_text]<\/p>\n<p style=\"text-align: left;\"><span class=\"first-subtitle\"><strong>M\u00faltiples beneficios<\/strong><\/span><br \/>\n<span class=\"second-subtitle\"><strong>Aliados estrat\u00e9gicos<\/strong><\/span><\/p>\n<p>[\/vc_column_text]<div class=\"uavc-list-icon uavc-list-icon-wrapper ult-adjust-bottom-margin   \"><ul class=\"uavc-list\"><li><div class=\"uavc-list-content\" id=\"list-icon-wrap-2574\">\n<div class=\"uavc-list-icon  \" data-animation=\"\" data-animation-delay=\"03\" style=\"margin-right:15px;\"><div class=\"ult-just-icon-wrapper  \"><div class=\"align-icon\" style=\"text-align:center;\">\n<div class=\"aio-icon none \"  style=\"color:#df4f3e;font-size:24px;display:inline-block;\">\n\t<i class=\"Defaults-check\"><\/i>\n<\/div><\/div><\/div>\n<\/div><span  data-ultimate-target='#list-icon-wrap-2574 .uavc-list-desc'  data-responsive-json-new='{\"font-size\":\"\",\"line-height\":\"\"}'  class=\"uavc-list-desc ult-responsive\" style=\"\">Embajada de los Estados Unidos<\/span><\/div><\/li><li><div class=\"uavc-list-content\" id=\"list-icon-wrap-3137\">\n<div class=\"uavc-list-icon  \" data-animation=\"\" data-animation-delay=\"03\" style=\"margin-right:15px;\"><div class=\"ult-just-icon-wrapper  \"><div class=\"align-icon\" style=\"text-align:center;\">\n<div class=\"aio-icon none \"  style=\"color:#df4f3e;font-size:24px;display:inline-block;\">\n\t<i class=\"Defaults-check\"><\/i>\n<\/div><\/div><\/div>\n<\/div><span  data-ultimate-target='#list-icon-wrap-3137 .uavc-list-desc'  data-responsive-json-new='{\"font-size\":\"\",\"line-height\":\"\"}'  class=\"uavc-list-desc ult-responsive\" style=\"\">National Geographic Learning<\/span><\/div><\/li><li><div class=\"uavc-list-content\" id=\"list-icon-wrap-9060\">\n<div class=\"uavc-list-icon  \" data-animation=\"\" data-animation-delay=\"03\" style=\"margin-right:15px;\"><div class=\"ult-just-icon-wrapper  \"><div class=\"align-icon\" style=\"text-align:center;\">\n<div class=\"aio-icon none \"  style=\"color:#df4f3e;font-size:24px;display:inline-block;\">\n\t<i class=\"Defaults-check\"><\/i>\n<\/div><\/div><\/div>\n<\/div><span  data-ultimate-target='#list-icon-wrap-9060 .uavc-list-desc'  data-responsive-json-new='{\"font-size\":\"\",\"line-height\":\"\"}'  class=\"uavc-list-desc ult-responsive\" style=\"\">Universidad de Michigan<\/span><\/div><\/li><li><div class=\"uavc-list-content\" id=\"list-icon-wrap-3886\">\n<div class=\"uavc-list-icon  \" data-animation=\"\" data-animation-delay=\"03\" style=\"margin-right:15px;\"><div class=\"ult-just-icon-wrapper  \"><div class=\"align-icon\" style=\"text-align:center;\">\n<div class=\"aio-icon none \"  style=\"color:#df4f3e;font-size:24px;display:inline-block;\">\n\t<i class=\"Defaults-check\"><\/i>\n<\/div><\/div><\/div>\n<\/div><span  data-ultimate-target='#list-icon-wrap-3886 .uavc-list-desc'  data-responsive-json-new='{\"font-size\":\"\",\"line-height\":\"\"}'  class=\"uavc-list-desc ult-responsive\" style=\"\">Fulbright<\/span><\/div><\/li><li><div class=\"uavc-list-content\" id=\"list-icon-wrap-5575\">\n<div class=\"uavc-list-icon  \" data-animation=\"\" data-animation-delay=\"03\" style=\"margin-right:15px;\"><div class=\"ult-just-icon-wrapper  \"><div class=\"align-icon\" style=\"text-align:center;\">\n<div class=\"aio-icon none \"  style=\"color:#df4f3e;font-size:24px;display:inline-block;\">\n\t<i class=\"Defaults-check\"><\/i>\n<\/div><\/div><\/div>\n<\/div><span  data-ultimate-target='#list-icon-wrap-5575 .uavc-list-desc'  data-responsive-json-new='{\"font-size\":\"\",\"line-height\":\"\"}'  class=\"uavc-list-desc ult-responsive\" style=\"\">Google Partner for Education<\/span><\/div><\/li><\/ul><\/div>[vc_btn title=\u00bbConocer m\u00e1s\u00bb style=\u00bbclassic\u00bb color=\u00bbdanger\u00bb link=\u00bburl:%23&#8243; el_class=\u00bbmarginB0&#8243;][\/vc_column_inner][vc_column_inner width=\u00bb1\/2&#8243;][vc_single_image image=\u00bb4901&#8243; img_size=\u00bb350&#215;521&#8243; alignment=\u00bbcenter\u00bb el_class=\u00bbmarginB0 pic-eduUsa\u00bb][\/vc_column_inner][\/vc_row_inner][\/vc_column][\/vc_row]<\/p>\n","protected":false},"excerpt":{"rendered":"<p>Junto con la Embajada de los Estados Unidos, ofrecemos oportunidades, estudios, becas y diversos recursos para promover el intercambio cultural.<\/p>\n","protected":false},"author":7,"featured_media":4902,"parent":0,"menu_order":0,"comment_status":"closed","ping_status":"closed","template":"","meta":{"footnotes":""},"tags":[],"tipo_pagina":[50],"class_list":["post-4892","page","type-page","status-publish","has-post-thumbnail","hentry","tipo_pagina-parte-de-la-exclusiva-red"],"acf":[],"_links":{"self":[{"href":"https:\/\/cultural.edu.pe\/tacna\/wp-json\/wp\/v2\/pages\/4892","targetHints":{"allow":["GET"]}}],"collection":[{"href":"https:\/\/cultural.edu.pe\/tacna\/wp-json\/wp\/v2\/pages"}],"about":[{"href":"https:\/\/cultural.edu.pe\/tacna\/wp-json\/wp\/v2\/types\/page"}],"author":[{"embeddable":true,"href":"https:\/\/cultural.edu.pe\/tacna\/wp-json\/wp\/v2\/users\/7"}],"replies":[{"embeddable":true,"href":"https:\/\/cultural.edu.pe\/tacna\/wp-json\/wp\/v2\/comments?post=4892"}],"version-history":[{"count":5,"href":"https:\/\/cultural.edu.pe\/tacna\/wp-json\/wp\/v2\/pages\/4892\/revisions"}],"predecessor-version":[{"id":5119,"href":"https:\/\/cultural.edu.pe\/tacna\/wp-json\/wp\/v2\/pages\/4892\/revisions\/5119"}],"wp:featuredmedia":[{"embeddable":true,"href":"https:\/\/cultural.edu.pe\/tacna\/wp-json\/wp\/v2\/media\/4902"}],"wp:attachment":[{"href":"https:\/\/cultural.edu.pe\/tacna\/wp-json\/wp\/v2\/media?parent=4892"}],"wp:term":[{"taxonomy":"post_tag","embeddable":true,"href":"https:\/\/cultural.edu.pe\/tacna\/wp-json\/wp\/v2\/tags?post=4892"},{"taxonomy":"tipo_pagina","embeddable":true,"href":"https:\/\/cultural.edu.pe\/tacna\/wp-json\/wp\/v2\/tipo_pagina?post=4892"}],"curies":[{"name":"wp","href":"https:\/\/api.w.org\/{rel}","templated":true}]}}