{"id":36,"date":"2020-10-16T01:42:48","date_gmt":"2020-10-16T06:42:48","guid":{"rendered":"http:\/\/devmacanudo.com\/webcultural\/?page_id=36"},"modified":"2026-01-07T11:18:03","modified_gmt":"2026-01-07T16:18:03","slug":"valida-ingles-nacional-internacionalmente","status":"publish","type":"page","link":"https:\/\/cultural.edu.pe\/puno\/examenes-internacionales\/valida-ingles-nacional-internacionalmente\/","title":{"rendered":"Valida tu ingl\u00e9s nacional e internacionalmente"},"content":{"rendered":"<p>[vc_section][vc_row][vc_column][vc_row_inner disable_element=&#8221;yes&#8221; el_id=&#8221;navbar&#8221;][vc_column_inner]<div class=\"ult_row_spacer\"><div class=\"ult-sticky-anchor\"><div class=\"ult-sticky-section ult-sticky nav-pc\"  data-gutter= '78' data-stick_behaviour= 'stick_with_scroll'  data-sticky_position= 'top' data-mobile='no' data-support='no'>[vc_column_text]<\/p>\n<ul class=\"navv\">\n<li><a href=\"#toefl-itp\" data-vc-container=\".vc_tta\" data-vc-tabs=\"\">TOEFL-ITP<\/a><\/li>\n<li><a style=\"border-left: 2px solid #5A7EBE;\" href=\"#ecce\" data-vc-container=\".vc_tta\" data-vc-tabs=\"\">ECCE<\/a><\/li>\n<li><a style=\"border-left: 2px solid #5A7EBE;\" href=\"#ecpe\" data-vc-container=\".vc_tta\" data-vc-tabs=\"\">ECPE<\/a><\/li>\n<li><a style=\"border-left: 2px solid #5A7EBE;\" href=\"#met\" data-vc-container=\".vc_tta\" data-vc-tabs=\"\">MET<\/a><\/li>\n<li><a style=\"border-left: 2px solid #5A7EBE;\" href=\"#met-go\" data-vc-container=\".vc_tta\" data-vc-tabs=\"\">MET Go!<\/a><\/li>\n<\/ul>\n<p>[\/vc_column_text]<\/div><div class=\"ult-space\"><\/div><\/div><\/div>[\/vc_column_inner][\/vc_row_inner][vc_tta_tabs color=&#8221;white&#8221; active_section=&#8221;1&#8243;][vc_tta_section title=&#8221;ECCE&#8221; tab_id=&#8221;ecce&#8221;][vc_row_inner css=&#8221;.vc_custom_1767798282208{background-color: #ffffff !important;}&#8221;][vc_column_inner][vc_empty_space height=&#8221;35px&#8221;][\/vc_column_inner][\/vc_row_inner][vc_row_inner el_class=&#8221;vc_row-has-fill exam-intro&#8221; css=&#8221;.vc_custom_1724046017166{background-color: #ffffff !important;}&#8221;][vc_column_inner][vc_custom_heading text=&#8221;ECCE | The Examination for the Certificate of Competency in English&#8221; font_container=&#8221;tag:h3|text_align:left|color:%232e3192&#8243; use_theme_fonts=&#8221;yes&#8221;][vc_empty_space height=&#8221;20px&#8221;][vc_custom_heading text=&#8221;\u00bfEn qu\u00e9 consiste este examen?&#8221; font_container=&#8221;tag:h5|text_align:left|color:%23df4f3e&#8221; use_theme_fonts=&#8221;yes&#8221; el_class=&#8221;elem-question&#8221;][vc_column_text]<span style=\"font-weight: 400;\">Examen de certificaci\u00f3n de 4 habilidades para estudiantes de secundaria y adultos en el nivel <strong>B2<\/strong> (intermedio-avanzado) del dominio del idioma ingl\u00e9s. Otorgada por los centros de idiomas de las universidades Cambridge (Reino Unido) y Michigan (Estados Unidos). Este examen debe ser aprobado para recibir la certificaci\u00f3n.<\/span>[\/vc_column_text][\/vc_column_inner][\/vc_row_inner][vc_row_inner el_class=&#8221;vc_row-has-fill exam-info&#8221; css=&#8221;.vc_custom_1724047413866{background-image: url(https:\/\/cultural.edu.pe\/wp-content\/uploads\/2024\/02\/seccion-bg-1.png?id=9474) !important;background-position: center !important;background-repeat: no-repeat !important;background-size: cover !important;}&#8221;][vc_column_inner el_class=&#8221;exam-info-body&#8221;]<div class=\"aio-icon-component   info-box exam-dirigido style_1\"><div id=\"Info-box-wrap-9624\" class=\"aio-icon-box left-icon\" style=\"\"  ><div class=\"aio-icon-left\"><div class=\"ult-just-icon-wrapper  \"><div class=\"align-icon\" style=\"text-align:center;\">\n<div class=\"aio-icon circle \"  style=\"color:#ffffff;background:#2e3192;font-size:48px;display:inline-block;\">\n\t<i class=\"Defaults-user\"><\/i>\n<\/div><\/div><\/div><\/div><div class=\"aio-ibd-block\"><div class=\"aio-icon-header\" ><h5 class=\"aio-icon-title ult-responsive\"  data-ultimate-target='#Info-box-wrap-9624 .aio-icon-title'  data-responsive-json-new='{\"font-size\":\"\",\"line-height\":\"\"}'  style=\"\">Dirigido a<\/h5><\/div> <!-- header --><div class=\"aio-icon-description ult-responsive\"  data-ultimate-target='#Info-box-wrap-9624 .aio-icon-description'  data-responsive-json-new='{\"font-size\":\"\",\"line-height\":\"\"}'  style=\"\"><span style=\"font-weight: 400;\">P\u00fablico en general.<\/span><\/div> <!-- description --><\/div> <!-- aio-ibd-block --><\/div> <!-- aio-icon-box --><\/div> <!-- aio-icon-component --><div class=\"aio-icon-component   info-box exam-reconocido style_1\"><div id=\"Info-box-wrap-8505\" class=\"aio-icon-box left-icon\" style=\"\"  ><div class=\"aio-icon-left\"><div class=\"ult-just-icon-wrapper  \"><div class=\"align-icon\" style=\"text-align:center;\">\n<div class=\"aio-icon circle \"  style=\"color:#ffffff;background:#2e3192;font-size:48px;display:inline-block;\">\n\t<i class=\"Defaults-globe\"><\/i>\n<\/div><\/div><\/div><\/div><div class=\"aio-ibd-block\"><div class=\"aio-icon-header\" ><h5 class=\"aio-icon-title ult-responsive\"  data-ultimate-target='#Info-box-wrap-8505 .aio-icon-title'  data-responsive-json-new='{\"font-size\":\"\",\"line-height\":\"\"}'  style=\"\">Reconocido por<\/h5><\/div> <!-- header --><div class=\"aio-icon-description ult-responsive\"  data-ultimate-target='#Info-box-wrap-8505 .aio-icon-description'  data-responsive-json-new='{\"font-size\":\"\",\"line-height\":\"\"}'  style=\"\"><span style=\"font-weight: 400;\">Instituciones acad\u00e9micas en Per\u00fa, Estados Unidos y el mundo.<\/span><\/div> <!-- description --><\/div> <!-- aio-ibd-block --><\/div> <!-- aio-icon-box --><\/div> <!-- aio-icon-component --><div class=\"aio-icon-component   info-box exam-objetivo style_1\"><div id=\"Info-box-wrap-4120\" class=\"aio-icon-box left-icon\" style=\"\"  ><div class=\"aio-icon-left\"><div class=\"ult-just-icon-wrapper  \"><div class=\"align-icon\" style=\"text-align:center;\">\n<div class=\"aio-icon circle \"  style=\"color:#ffffff;background:#2e3192;font-size:48px;display:inline-block;\">\n\t<i class=\"cultural-icon-cultu-certificado\"><\/i>\n<\/div><\/div><\/div><\/div><div class=\"aio-ibd-block\"><div class=\"aio-icon-header\" ><h5 class=\"aio-icon-title ult-responsive\"  data-ultimate-target='#Info-box-wrap-4120 .aio-icon-title'  data-responsive-json-new='{\"font-size\":\"\",\"line-height\":\"\"}'  style=\"\">Objetivo del examen<\/h5><\/div> <!-- header --><div class=\"aio-icon-description ult-responsive\"  data-ultimate-target='#Info-box-wrap-4120 .aio-icon-description'  data-responsive-json-new='{\"font-size\":\"\",\"line-height\":\"\"}'  style=\"\"><span style=\"font-weight: 400;\">Certificar de manera oficial el nivel <strong>B2<\/strong> (intermedio &#8211; avanzado)<\/span><span style=\"font-weight: 400;\">. V\u00e1lida para prop\u00f3sitos acad\u00e9micos y profesionales reconocida en todos los pa\u00edses de habla inglesa. <\/span><\/div> <!-- description --><\/div> <!-- aio-ibd-block --><\/div> <!-- aio-icon-box --><\/div> <!-- aio-icon-component --><div class=\"aio-icon-component   info-box exam-competencias style_1\"><div id=\"Info-box-wrap-8085\" class=\"aio-icon-box left-icon\" style=\"\"  ><div class=\"aio-icon-left\"><div class=\"ult-just-icon-wrapper  \"><div class=\"align-icon\" style=\"text-align:center;\">\n<div class=\"aio-icon circle \"  style=\"color:#ffffff;background:#2e3192;font-size:48px;display:inline-block;\">\n\t<i class=\"cultural-icon-pro-timedoc\"><\/i>\n<\/div><\/div><\/div><\/div><div class=\"aio-ibd-block\"><div class=\"aio-icon-header\" ><h5 class=\"aio-icon-title ult-responsive\"  data-ultimate-target='#Info-box-wrap-8085 .aio-icon-title'  data-responsive-json-new='{\"font-size\":\"\",\"line-height\":\"\"}'  style=\"\">Competencias a evaluar<\/h5><\/div> <!-- header --><div class=\"aio-icon-description ult-responsive\"  data-ultimate-target='#Info-box-wrap-8085 .aio-icon-description'  data-responsive-json-new='{\"font-size\":\"\",\"line-height\":\"\"}'  style=\"\">Comprensi\u00f3n de lectura, estructura y expresi\u00f3n escrita y comprensi\u00f3n auditiva.<\/p>\n<p><strong><span style=\"font-size: 14px;\">*Se emite certificado f\u00edsico<\/span><\/strong><\/div> <!-- description --><\/div> <!-- aio-ibd-block --><\/div> <!-- aio-icon-box --><\/div> <!-- aio-icon-component --><div class=\"ult-content-box-container info-box exam-tabla\" >\t\t<div class=\"ult-content-box\" style=\"box-shadow: px px px px none;-webkit-transition: all 700ms ease;-moz-transition: all 700ms ease;-ms-transition: all 700ms ease;-o-transition: all 700ms ease;transition: all 700ms ease;\"  data-hover_box_shadow=\"none\"    >[vc_custom_heading text=&#8221;Fecha y precio del examen&#8221; font_container=&#8221;tag:h5|text_align:center|color:%23ffffff&#8221; use_theme_fonts=&#8221;yes&#8221; el_class=&#8221;exam-tabla-header&#8221;][vc_column_text el_class=&#8221;exam-tabla-body&#8221;]<\/p>\n<table>\n<tbody>\n<tr>\n<td><span style=\"color: #d94e3e;\"><strong>Fecha<\/strong><\/span><\/td>\n<td><span style=\"font-weight: 400;\">24 de mayo | 06 de diciembre<\/span><\/td>\n<\/tr>\n<tr>\n<td><span style=\"color: #d94e3e;\"><strong>Inscripci\u00f3n y pago<\/strong><\/span><\/td>\n<td><a href=\"https:\/\/portalacademico.cultural.edu.pe\/ccpna\/login\" target=\"_blank\" rel=\"noopener\"><span style=\"font-weight: 400;\">Portal acad\u00e9mico del Cultural<\/span><\/a><\/td>\n<\/tr>\n<tr>\n<td><span style=\"color: #d94e3e;\"><strong>Precio<\/strong><\/span><\/td>\n<td>USD 130.00 (d\u00f3lares americanos)<\/td>\n<\/tr>\n<\/tbody>\n<\/table>\n<p>[\/vc_column_text]\t\t<\/div><\/div>[vc_single_image image=&#8221;4026&#8243; img_size=&#8221;full&#8221; alignment=&#8221;right&#8221; el_class=&#8221;bg-img hide-elem&#8221;][\/vc_column_inner][\/vc_row_inner][\/vc_tta_section][\/vc_tta_tabs][\/vc_column][\/vc_row][\/vc_section][vc_row full_width=&#8221;stretch_row&#8221; css=&#8221;.vc_custom_1608090492409{background-color: #2e3192 !important;}&#8221; el_class=&#8221;formulario-footer&#8221;][vc_column][vc_empty_space height=&#8221;50px&#8221;][vc_custom_heading text=&#8221;Obt\u00e9n m\u00e1s informaci\u00f3n&#8221; font_container=&#8221;tag:h4|text_align:left|color:%23ffffff&#8221; use_theme_fonts=&#8221;yes&#8221;][vc_column_text]<\/p>\n<p style=\"color: #29abe2; font-weight: 500;\">\u00bfTienes dudas o consultas? Por favor llena el siguiente formulario para ayudarte.<\/p>\n<p>[\/vc_column_text]<div class=\"wpforms-container wpforms-container-full formulario-descuento\" id=\"wpforms-1800\"><form id=\"wpforms-form-1800\" class=\"wpforms-validate wpforms-form wpforms-ajax-form\" data-formid=\"1800\" method=\"post\" enctype=\"multipart\/form-data\" action=\"\/puno\/wp-json\/wp\/v2\/pages\/36\" data-token=\"e1b31940ec6dde70f8826576f6214dda\"><noscript class=\"wpforms-error-noscript\">Por favor, activa JavaScript en tu navegador para completar este formulario.<\/noscript><div class=\"wpforms-field-container\"><div id=\"wpforms-1800-field_6-container\" class=\"wpforms-field wpforms-field-text\" data-field-id=\"6\"><label class=\"wpforms-field-label wpforms-label-hide\" for=\"wpforms-1800-field_6\">Nombres completos <span class=\"wpforms-required-label\">*<\/span><\/label><input type=\"text\" id=\"wpforms-1800-field_6\" class=\"wpforms-field-medium wpforms-field-required\" name=\"wpforms[fields][6]\" placeholder=\"Nombre Completo\" required><\/div><div id=\"wpforms-1800-field_1-container\" class=\"wpforms-field wpforms-field-email\" data-field-id=\"1\"><label class=\"wpforms-field-label wpforms-label-hide\" for=\"wpforms-1800-field_1\">Correo electr\u00f3nico <span class=\"wpforms-required-label\">*<\/span><\/label><input type=\"email\" id=\"wpforms-1800-field_1\" class=\"wpforms-field-medium wpforms-field-required\" name=\"wpforms[fields][1]\" placeholder=\"Correo electr\u00f3nico\" required><\/div><div id=\"wpforms-1800-field_3-container\" class=\"wpforms-field wpforms-field-number\" data-field-id=\"3\"><label class=\"wpforms-field-label wpforms-label-hide\" for=\"wpforms-1800-field_3\">Tel\u00e9fono\/Celular <span class=\"wpforms-required-label\">*<\/span><\/label><input type=\"number\" pattern=\"\\d*\" id=\"wpforms-1800-field_3\" class=\"wpforms-field-medium wpforms-field-required\" name=\"wpforms[fields][3]\" placeholder=\"Tel\u00e9fono\/celular\" required><\/div><div id=\"wpforms-1800-field_7-container\" class=\"wpforms-field wpforms-field-textarea\" data-field-id=\"7\"><label class=\"wpforms-field-label wpforms-label-hide\" for=\"wpforms-1800-field_7\">Mensaje: <span class=\"wpforms-required-label\">*<\/span><\/label><textarea id=\"wpforms-1800-field_7\" class=\"wpforms-field-medium wpforms-field-required\" name=\"wpforms[fields][7]\" placeholder=\"Mensaje\" required><\/textarea><\/div><div id=\"wpforms-1800-field_8-container\" class=\"wpforms-field wpforms-field-text input-oculto\" data-field-id=\"8\"><label class=\"wpforms-field-label wpforms-label-hide\" for=\"wpforms-1800-field_8\">Consulta de<\/label><input type=\"text\" id=\"wpforms-1800-field_8\" class=\"wpforms-field-medium\" name=\"wpforms[fields][8]\" value=\"Valida tu ingl\u00e9s nacional e internacionalmente\" ><\/div><div id=\"wpforms-1800-field_9-container\" class=\"wpforms-field wpforms-field-text input-oculto\" data-field-id=\"9\"><label class=\"wpforms-field-label wpforms-label-hide\" for=\"wpforms-1800-field_9\">URL de la pagina<\/label><input type=\"text\" id=\"wpforms-1800-field_9\" class=\"wpforms-field-medium\" name=\"wpforms[fields][9]\" value=\"https:\/\/cultural.edu.pe\/puno\/wp-json\/wp\/v2\/pages\/36\" ><\/div><div id=\"wpforms-1800-field_4-container\" class=\"wpforms-field wpforms-field-checkbox\" data-field-id=\"4\"><label class=\"wpforms-field-label wpforms-label-hide\" for=\"wpforms-1800-field_4\">\u00bfAcepta pol\u00edticas de privacidad? <span class=\"wpforms-required-label\">*<\/span><\/label><ul id=\"wpforms-1800-field_4\" class=\"wpforms-field-required\"><li class=\"choice-1 depth-1\"><input type=\"checkbox\" id=\"wpforms-1800-field_4_1\" name=\"wpforms[fields][4][]\" value=\"He le\u00eddo y acepto la &lt;a href=&quot;http:\/\/devmacanudo.com\/webcultural\/politica-privacidad\/&quot;&gt;Pol\u00edtica de Privacidad del sitio&lt;\/a&gt;\" required ><label class=\"wpforms-field-label-inline\" for=\"wpforms-1800-field_4_1\">He le\u00eddo y acepto la <a href=\"http:\/\/devmacanudo.com\/webcultural\/politica-privacidad\/\">Pol\u00edtica de Privacidad del sitio<\/a><\/label><\/li><\/ul><\/div><\/div><div class=\"wpforms-submit-container\" ><input type=\"hidden\" name=\"wpforms[id]\" value=\"1800\"><input type=\"hidden\" name=\"wpforms[author]\" value=\"2\"><button type=\"submit\" name=\"wpforms[submit]\" class=\"wpforms-submit \" id=\"wpforms-submit-1800\" value=\"wpforms-submit\" aria-live=\"assertive\" data-alt-text=\"Enviando...\" data-submit-text=\"Enviar\">Enviar<\/button><img src=\"https:\/\/cultural.edu.pe\/puno\/wp-content\/plugins\/wpforms-lite\/assets\/images\/submit-spin.svg\" class=\"wpforms-submit-spinner\" style=\"display: none;\" width=\"26\" height=\"26\" alt=\"\"><\/div><\/form><\/div>  <!-- .wpforms-container -->[vc_empty_space height=&#8221;30px&#8221;][\/vc_column][\/vc_row]<\/p>\n","protected":false},"excerpt":{"rendered":"<p>Certifica tu nivel de ingl\u00e9s<\/p>\n","protected":false},"author":2,"featured_media":3905,"parent":34,"menu_order":0,"comment_status":"closed","ping_status":"closed","template":"","meta":[],"tags":[],"tipo_pagina":[47],"acf":[],"_links":{"self":[{"href":"https:\/\/cultural.edu.pe\/puno\/wp-json\/wp\/v2\/pages\/36"}],"collection":[{"href":"https:\/\/cultural.edu.pe\/puno\/wp-json\/wp\/v2\/pages"}],"about":[{"href":"https:\/\/cultural.edu.pe\/puno\/wp-json\/wp\/v2\/types\/page"}],"author":[{"embeddable":true,"href":"https:\/\/cultural.edu.pe\/puno\/wp-json\/wp\/v2\/users\/2"}],"replies":[{"embeddable":true,"href":"https:\/\/cultural.edu.pe\/puno\/wp-json\/wp\/v2\/comments?post=36"}],"version-history":[{"count":9,"href":"https:\/\/cultural.edu.pe\/puno\/wp-json\/wp\/v2\/pages\/36\/revisions"}],"predecessor-version":[{"id":4032,"href":"https:\/\/cultural.edu.pe\/puno\/wp-json\/wp\/v2\/pages\/36\/revisions\/4032"}],"up":[{"embeddable":true,"href":"https:\/\/cultural.edu.pe\/puno\/wp-json\/wp\/v2\/pages\/34"}],"wp:featuredmedia":[{"embeddable":true,"href":"https:\/\/cultural.edu.pe\/puno\/wp-json\/wp\/v2\/media\/3905"}],"wp:attachment":[{"href":"https:\/\/cultural.edu.pe\/puno\/wp-json\/wp\/v2\/media?parent=36"}],"wp:term":[{"taxonomy":"post_tag","embeddable":true,"href":"https:\/\/cultural.edu.pe\/puno\/wp-json\/wp\/v2\/tags?post=36"},{"taxonomy":"tipo_pagina","embeddable":true,"href":"https:\/\/cultural.edu.pe\/puno\/wp-json\/wp\/v2\/tipo_pagina?post=36"}],"curies":[{"name":"wp","href":"https:\/\/api.w.org\/{rel}","templated":true}]}}