{"id":352,"date":"2025-10-26T10:20:33","date_gmt":"2025-10-26T15:20:33","guid":{"rendered":"http:\/\/devmacanudo.com\/webcultural\/conviertete-en-profesor\/"},"modified":"2026-01-19T18:08:29","modified_gmt":"2026-01-19T23:08:29","slug":"archivo-audiovisual","status":"publish","type":"page","link":"https:\/\/cultural.edu.pe\/puno\/archivo-audiovisual\/","title":{"rendered":"Archivo audiovisual"},"content":{"rendered":"<p>[vc_row][vc_column][vc_empty_space height=&#8221;70px&#8221;][vc_row_inner][vc_column_inner][vc_column_text]<\/p>\n<h2>Archivo<\/h2>\n<p>Los centros culturales son una fuente muy importante para el estudio y la investigaci\u00f3n, por ello ofrecemos un repositorio que contiene textos y material audiovisual de inter\u00e9s cultural.[\/vc_column_text]<div class=\"aio-icon-component   item-reconocimiento style_2\"><a class=\"aio-icon-box-link\" href=\"https:\/\/fb.watch\/2d_R3wrmcC\/\" target=\"_blank\" rel=\"noopener\" ><div id=\"Info-box-wrap-7018\" class=\"aio-icon-box square_box-icon\" style=\"border-color:#111111;border-width:3px;background-color:#ffffff;\" data-min-height='80px' ><div class=\"aio-icon-header\" ><h5 class=\"aio-icon-title ult-responsive\"  data-ultimate-target='#Info-box-wrap-7018 .aio-icon-title'  data-responsive-json-new='{\"font-size\":\"\",\"line-height\":\"\"}'  style=\"\">Coversatorio con Pablo Quintanilla:<\/h5><\/div> <!-- header --><div class=\"aio-icon-description ult-responsive\"  data-ultimate-target='#Info-box-wrap-7018 .aio-icon-description'  data-responsive-json-new='{\"font-size\":\"\",\"line-height\":\"\"}'  style=\"color:#0a0a0a;\"><\/p>\n<p style=\"text-align: left;\">La filosof\u00eda en tiempos de crisis global y pandemia<\/p>\n<p class=\"color-lightblue\">Clic aqu\u00ed<\/p>\n<p><\/div> <!-- description --><\/div> <!-- aio-icon-box --><\/a><\/div> <!-- aio-icon-component --><div class=\"aio-icon-component   item-reconocimiento style_2\"><a class=\"aio-icon-box-link\" href=\"https:\/\/fb.watch\/2d_ZFhOB7A\/\" target=\"_blank\" rel=\"noopener\" ><div id=\"Info-box-wrap-2752\" class=\"aio-icon-box square_box-icon\" style=\"border-color:#111111;border-width:3px;background-color:#ffffff;\" data-min-height='80px' ><div class=\"aio-icon-header\" ><h5 class=\"aio-icon-title ult-responsive\"  data-ultimate-target='#Info-box-wrap-2752 .aio-icon-title'  data-responsive-json-new='{\"font-size\":\"\",\"line-height\":\"\"}'  style=\"\">Presentaci\u00f3n y conversatorio de la muestra colectiva:<\/h5><\/div> <!-- header --><div class=\"aio-icon-description ult-responsive\"  data-ultimate-target='#Info-box-wrap-2752 .aio-icon-description'  data-responsive-json-new='{\"font-size\":\"\",\"line-height\":\"\"}'  style=\"color:#0a0a0a;\"><\/p>\n<p style=\"text-align: left;\">Adi\u00f3s 2020<\/p>\n<p class=\"color-lightblue\">Clic aqu\u00ed<\/p>\n<p><\/div> <!-- description --><\/div> <!-- aio-icon-box --><\/a><\/div> <!-- aio-icon-component --><div class=\"aio-icon-component   item-reconocimiento ultimo-item-reconocimiento style_2\"><a class=\"aio-icon-box-link\" href=\"https:\/\/www.youtube.com\/playlist?list=PLZ3iCRx32YPCgRnfIyc0S4lrJFWM1ppe4\" target=\"_blank\" rel=\"noopener\" ><div id=\"Info-box-wrap-7462\" class=\"aio-icon-box square_box-icon\" style=\"border-color:#111111;border-width:3px;background-color:#ffffff;\" data-min-height='80px' ><div class=\"aio-icon-header\" ><h5 class=\"aio-icon-title ult-responsive\"  data-ultimate-target='#Info-box-wrap-7462 .aio-icon-title'  data-responsive-json-new='{\"font-size\":\"\",\"line-height\":\"\"}'  style=\"\">Charlas culturales, un espacio donde conoceremos de la mano de diversas personalidades del medio cultural y creativo<\/h5><\/div> <!-- header --><div class=\"aio-icon-description ult-responsive\"  data-ultimate-target='#Info-box-wrap-7462 .aio-icon-description'  data-responsive-json-new='{\"font-size\":\"\",\"line-height\":\"\"}'  style=\"color:#0a0a0a;\"><\/p>\n<p style=\"text-align: left;\"><span style=\"color: #000000;\"><strong>Como enfrentan la pandemia y que piensan sobre el futuro.<\/strong><\/span><\/p>\n<p class=\"color-lightblue\">Clic aqu\u00ed<\/p>\n<p><\/div> <!-- description --><\/div> <!-- aio-icon-box --><\/a><\/div> <!-- aio-icon-component --><div class=\"aio-icon-component   item-reconocimiento style_2\"><a class=\"aio-icon-box-link\" href=\"https:\/\/fb.watch\/2d-49dSNz7\/\" target=\"_blank\" rel=\"noopener\" ><div id=\"Info-box-wrap-9215\" class=\"aio-icon-box square_box-icon\" style=\"border-color:#111111;border-width:3px;background-color:#ffffff;\" data-min-height='80px' ><div class=\"aio-icon-header\" ><h5 class=\"aio-icon-title ult-responsive\"  data-ultimate-target='#Info-box-wrap-9215 .aio-icon-title'  data-responsive-json-new='{\"font-size\":\"\",\"line-height\":\"\"}'  style=\"\">Presentaci\u00f3n virtual por el d\u00eda del m\u00fasico a cargo del Conservatorio Regional de M\u00fasica Luis Duncker Lavalle<\/h5><\/div> <!-- header --><div class=\"aio-icon-description ult-responsive\"  data-ultimate-target='#Info-box-wrap-9215 .aio-icon-description'  data-responsive-json-new='{\"font-size\":\"\",\"line-height\":\"\"}'  style=\"\"><\/p>\n<p class=\"color-lightblue\">Clic aqu\u00ed<\/p>\n<p><\/div> <!-- description --><\/div> <!-- aio-icon-box --><\/a><\/div> <!-- aio-icon-component --><div class=\"aio-icon-component   item-reconocimiento style_2\"><a class=\"aio-icon-box-link\" href=\"https:\/\/www.youtube.com\/playlist?list=PLZ3iCRx32YPAnK3rKbDMHAWdsO9z8Xzb7\" target=\"_blank\" rel=\"noopener\" ><div id=\"Info-box-wrap-4034\" class=\"aio-icon-box square_box-icon\" style=\"border-color:#111111;border-width:3px;background-color:#ffffff;\" data-min-height='80px' ><div class=\"aio-icon-header\" ><h5 class=\"aio-icon-title ult-responsive\"  data-ultimate-target='#Info-box-wrap-4034 .aio-icon-title'  data-responsive-json-new='{\"font-size\":\"\",\"line-height\":\"\"}'  style=\"\">Cuentos infantiles en quechua, diversos cuentos de la editorial Alaluna realizados en quechua<\/h5><\/div> <!-- header --><div class=\"aio-icon-description ult-responsive\"  data-ultimate-target='#Info-box-wrap-4034 .aio-icon-description'  data-responsive-json-new='{\"font-size\":\"\",\"line-height\":\"\"}'  style=\"color:#0a0a0a;\"><\/p>\n<p class=\"color-lightblue\">Clic aqu\u00ed<\/p>\n<p><\/div> <!-- description --><\/div> <!-- aio-icon-box --><\/a><\/div> <!-- aio-icon-component --><div class=\"aio-icon-component   item-reconocimiento ultimo-item-reconocimiento style_2\"><a class=\"aio-icon-box-link\" href=\"https:\/\/fb.watch\/2d-wiwU9p_\/\" target=\"_blank\" rel=\"noopener\" ><div id=\"Info-box-wrap-7996\" class=\"aio-icon-box square_box-icon\" style=\"border-color:#111111;border-width:3px;background-color:#ffffff;\" data-min-height='80px' ><div class=\"aio-icon-header\" ><h5 class=\"aio-icon-title ult-responsive\"  data-ultimate-target='#Info-box-wrap-7996 .aio-icon-title'  data-responsive-json-new='{\"font-size\":\"\",\"line-height\":\"\"}'  style=\"\">Presentaci\u00f3n del libro:<\/h5><\/div> <!-- header --><div class=\"aio-icon-description ult-responsive\"  data-ultimate-target='#Info-box-wrap-7996 .aio-icon-description'  data-responsive-json-new='{\"font-size\":\"\",\"line-height\":\"\"}'  style=\"color:#0a0a0a;\"><\/p>\n<p style=\"text-align: left;\"><span style=\"color: #000000;\">Poetics from an inhabited world I de Gonzalo R\u00edos y Carlos Zeballos<\/span><\/p>\n<p class=\"color-lightblue\">Clic aqu\u00ed<\/p>\n<p><\/div> <!-- description --><\/div> <!-- aio-icon-box --><\/a><\/div> <!-- aio-icon-component -->[vc_empty_space height=&#8221;50px&#8221;][\/vc_column_inner][\/vc_row_inner][\/vc_column][\/vc_row][vc_row full_width=&#8221;stretch_row&#8221; css=&#8221;.vc_custom_1608090145594{background-color: #2e3192 !important;}&#8221; el_class=&#8221;formulario-footer&#8221;][vc_column][vc_empty_space height=&#8221;50px&#8221;][vc_custom_heading text=&#8221;\u00bfDudas o consultas?&#8221; font_container=&#8221;tag:h3|text_align:left|color:%23ffffff&#8221; use_theme_fonts=&#8221;yes&#8221;][vc_column_text]<\/p>\n<p style=\"color: #29abe2; font-weight: 500;\">Por favor llena el siguiente formulario para ayudarte.<\/p>\n<p>[\/vc_column_text]<div class=\"wpforms-container wpforms-container-full formulario-descuento\" id=\"wpforms-1793\"><form id=\"wpforms-form-1793\" class=\"wpforms-validate wpforms-form wpforms-ajax-form\" data-formid=\"1793\" method=\"post\" enctype=\"multipart\/form-data\" action=\"\/puno\/wp-json\/wp\/v2\/pages\/352\" data-token=\"e1b31940ec6dde70f8826576f6214dda\"><noscript class=\"wpforms-error-noscript\">Por favor, activa JavaScript en tu navegador para completar este formulario.<\/noscript><div class=\"wpforms-field-container\"><div id=\"wpforms-1793-field_6-container\" class=\"wpforms-field wpforms-field-text\" data-field-id=\"6\"><label class=\"wpforms-field-label wpforms-label-hide\" for=\"wpforms-1793-field_6\">Nombres completos <span class=\"wpforms-required-label\">*<\/span><\/label><input type=\"text\" id=\"wpforms-1793-field_6\" class=\"wpforms-field-medium wpforms-field-required\" name=\"wpforms[fields][6]\" placeholder=\"Nombre Completo\" required><\/div><div id=\"wpforms-1793-field_1-container\" class=\"wpforms-field wpforms-field-email\" data-field-id=\"1\"><label class=\"wpforms-field-label wpforms-label-hide\" for=\"wpforms-1793-field_1\">Correo electr\u00f3nico <span class=\"wpforms-required-label\">*<\/span><\/label><input type=\"email\" id=\"wpforms-1793-field_1\" class=\"wpforms-field-medium wpforms-field-required\" name=\"wpforms[fields][1]\" placeholder=\"Correo electr\u00f3nico\" required><\/div><div id=\"wpforms-1793-field_3-container\" class=\"wpforms-field wpforms-field-number\" data-field-id=\"3\"><label class=\"wpforms-field-label wpforms-label-hide\" for=\"wpforms-1793-field_3\">Tel\u00e9fono\/Celular <span class=\"wpforms-required-label\">*<\/span><\/label><input type=\"number\" pattern=\"\\d*\" id=\"wpforms-1793-field_3\" class=\"wpforms-field-medium wpforms-field-required\" name=\"wpforms[fields][3]\" placeholder=\"Tel\u00e9fono\/celular\" required><\/div><div id=\"wpforms-1793-field_7-container\" class=\"wpforms-field wpforms-field-textarea\" data-field-id=\"7\"><label class=\"wpforms-field-label wpforms-label-hide\" for=\"wpforms-1793-field_7\">Mensaje: <span class=\"wpforms-required-label\">*<\/span><\/label><textarea id=\"wpforms-1793-field_7\" class=\"wpforms-field-medium wpforms-field-required\" name=\"wpforms[fields][7]\" placeholder=\"Mensaje\" required><\/textarea><\/div><div id=\"wpforms-1793-field_8-container\" class=\"wpforms-field wpforms-field-text input-oculto\" data-field-id=\"8\"><label class=\"wpforms-field-label wpforms-label-hide\" for=\"wpforms-1793-field_8\">Consulta de<\/label><input type=\"text\" id=\"wpforms-1793-field_8\" class=\"wpforms-field-medium\" name=\"wpforms[fields][8]\" value=\"Archivo audiovisual\" ><\/div><div id=\"wpforms-1793-field_9-container\" class=\"wpforms-field wpforms-field-text input-oculto\" data-field-id=\"9\"><label class=\"wpforms-field-label wpforms-label-hide\" for=\"wpforms-1793-field_9\">URL de la pagina<\/label><input type=\"text\" id=\"wpforms-1793-field_9\" class=\"wpforms-field-medium\" name=\"wpforms[fields][9]\" value=\"https:\/\/cultural.edu.pe\/puno\/wp-json\/wp\/v2\/pages\/352\" ><\/div><div id=\"wpforms-1793-field_4-container\" class=\"wpforms-field wpforms-field-checkbox\" data-field-id=\"4\"><label class=\"wpforms-field-label wpforms-label-hide\" for=\"wpforms-1793-field_4\">\u00bfAcepta pol\u00edticas de privacidad? <span class=\"wpforms-required-label\">*<\/span><\/label><ul id=\"wpforms-1793-field_4\" class=\"wpforms-field-required\"><li class=\"choice-1 depth-1\"><input type=\"checkbox\" id=\"wpforms-1793-field_4_1\" name=\"wpforms[fields][4][]\" value=\"He le\u00eddo y acepto la &lt;a href=&quot;http:\/\/devmacanudo.com\/webcultural\/politica-privacidad\/&quot;&gt;Pol\u00edtica de Privacidad del sitio&lt;\/a&gt;\" required ><label class=\"wpforms-field-label-inline\" for=\"wpforms-1793-field_4_1\">He le\u00eddo y acepto la <a href=\"http:\/\/devmacanudo.com\/webcultural\/politica-privacidad\/\">Pol\u00edtica de Privacidad del sitio<\/a><\/label><\/li><\/ul><\/div><\/div><div class=\"wpforms-submit-container\" ><input type=\"hidden\" name=\"wpforms[id]\" value=\"1793\"><input type=\"hidden\" name=\"wpforms[author]\" value=\"2\"><button type=\"submit\" name=\"wpforms[submit]\" class=\"wpforms-submit \" id=\"wpforms-submit-1793\" value=\"wpforms-submit\" aria-live=\"assertive\" data-alt-text=\"Enviando...\" data-submit-text=\"Enviar\">Enviar<\/button><img src=\"https:\/\/cultural.edu.pe\/puno\/wp-content\/plugins\/wpforms-lite\/assets\/images\/submit-spin.svg\" class=\"wpforms-submit-spinner\" style=\"display: none;\" width=\"26\" height=\"26\" alt=\"\"><\/div><\/form><\/div>  <!-- .wpforms-container -->[vc_empty_space height=&#8221;30px&#8221;][\/vc_column][\/vc_row]<\/p>\n","protected":false},"excerpt":{"rendered":"<p>Explora nuestra colecci\u00f3n de documentaci\u00f3n hist\u00f3rica y audiovisual.<\/p>\n","protected":false},"author":2,"featured_media":3895,"parent":0,"menu_order":0,"comment_status":"closed","ping_status":"closed","template":"","meta":[],"tags":[],"tipo_pagina":[45],"acf":[],"_links":{"self":[{"href":"https:\/\/cultural.edu.pe\/puno\/wp-json\/wp\/v2\/pages\/352"}],"collection":[{"href":"https:\/\/cultural.edu.pe\/puno\/wp-json\/wp\/v2\/pages"}],"about":[{"href":"https:\/\/cultural.edu.pe\/puno\/wp-json\/wp\/v2\/types\/page"}],"author":[{"embeddable":true,"href":"https:\/\/cultural.edu.pe\/puno\/wp-json\/wp\/v2\/users\/2"}],"replies":[{"embeddable":true,"href":"https:\/\/cultural.edu.pe\/puno\/wp-json\/wp\/v2\/comments?post=352"}],"version-history":[{"count":2,"href":"https:\/\/cultural.edu.pe\/puno\/wp-json\/wp\/v2\/pages\/352\/revisions"}],"predecessor-version":[{"id":3896,"href":"https:\/\/cultural.edu.pe\/puno\/wp-json\/wp\/v2\/pages\/352\/revisions\/3896"}],"wp:featuredmedia":[{"embeddable":true,"href":"https:\/\/cultural.edu.pe\/puno\/wp-json\/wp\/v2\/media\/3895"}],"wp:attachment":[{"href":"https:\/\/cultural.edu.pe\/puno\/wp-json\/wp\/v2\/media?parent=352"}],"wp:term":[{"taxonomy":"post_tag","embeddable":true,"href":"https:\/\/cultural.edu.pe\/puno\/wp-json\/wp\/v2\/tags?post=352"},{"taxonomy":"tipo_pagina","embeddable":true,"href":"https:\/\/cultural.edu.pe\/puno\/wp-json\/wp\/v2\/tipo_pagina?post=352"}],"curies":[{"name":"wp","href":"https:\/\/api.w.org\/{rel}","templated":true}]}}