{"id":34,"date":"2020-10-16T01:40:07","date_gmt":"2020-10-16T06:40:07","guid":{"rendered":"http:\/\/devmacanudo.com\/webcultural\/?page_id=34"},"modified":"2026-01-07T10:14:11","modified_gmt":"2026-01-07T15:14:11","slug":"examenes-internacionales","status":"publish","type":"page","link":"https:\/\/cultural.edu.pe\/puno\/examenes-internacionales\/","title":{"rendered":"Ex\u00e1menes Internacionales"},"content":{"rendered":"<p>[vc_section][vc_row][vc_column][vc_row_inner disable_element=&#8221;yes&#8221; el_id=&#8221;navbar&#8221;][vc_column_inner]<div class=\"ult_row_spacer\"><div class=\"ult-sticky-anchor\"><div class=\"ult-sticky-section ult-sticky nav-pc\"  data-gutter= '78' data-stick_behaviour= 'stick_with_scroll'  data-sticky_position= 'top' data-mobile='no' data-support='no'>[vc_column_text]<\/p>\n<ul class=\"navv\">\n<li><a href=\"#valida-tu-ingles\" data-vc-container=\".vc_tta\" data-vc-tabs=\"\">Validar tu ingl\u00e9s nacional e internacionalmente<\/a><\/li>\n<li><a style=\"border-left: 2px solid #5A7EBE;\" href=\"#ingresar-universidades-eeuu\" data-vc-container=\".vc_tta\" data-vc-tabs=\"\">Ingresar a universidades de Estados Unidos<\/a><\/li>\n<\/ul>\n<p>[\/vc_column_text]<\/div><div class=\"ult-space\"><\/div><\/div><\/div>[\/vc_column_inner][\/vc_row_inner][vc_tta_tabs color=&#8221;white&#8221; active_section=&#8221;1&#8243;][vc_tta_section title=&#8221;Valida tu ingles&#8221; tab_id=&#8221;valida-tu-ingles&#8221;][vc_row_inner el_class=&#8221;vc_row-has-fill&#8221; css=&#8221;.vc_custom_1754499423401{background-image: url(https:\/\/cultural.edu.pe\/tacna\/wp-content\/uploads\/2024\/02\/seccion-bg-1.png?id=4104) !important;background-position: center !important;background-repeat: no-repeat !important;background-size: cover !important;}&#8221; el_id=&#8221;ValidaInglesCards&#8221;][vc_column_inner el_class=&#8221;valida-ingles-body&#8221;][vc_custom_heading text=&#8221;Valida tu ingl\u00e9s nacional e internacionalmente&#8221; font_container=&#8221;tag:h2|text_align:center|color:%23ffffff&#8221; use_theme_fonts=&#8221;yes&#8221; el_class=&#8221;title-mobile&#8221;]<div class=\"ult-content-box-container card-exam-inter ecce-card\" >\t\t<div class=\"ult-content-box\" style=\"box-shadow: px px px px none;-webkit-transition: all 700ms ease;-moz-transition: all 700ms ease;-ms-transition: all 700ms ease;-o-transition: all 700ms ease;transition: all 700ms ease;\"  data-hover_box_shadow=\"none\"    >[vc_column_text el_class=&#8221;card-img hide-elem&#8221; css=&#8221;.vc_custom_1724034471424{background-image: url(https:\/\/cultural.edu.pe\/wp-content\/uploads\/2020\/11\/ECCE.jpg?id=1112) !important;background-position: center !important;background-repeat: no-repeat !important;background-size: cover !important;}&#8221;]<\/p>\n<div class=\"visibility:hidden; width: 100%\"><\/div>\n<p>[\/vc_column_text][vc_custom_heading text=&#8221;ECCE&#8221; font_container=&#8221;tag:h3|text_align:left|color:%232e3192&#8243; use_theme_fonts=&#8221;yes&#8221; el_class=&#8221;card-title&#8221;][vc_column_text el_class=&#8221;card-description&#8221;]<span style=\"font-weight: 400;\">Examen de certificaci\u00f3n de 4 habilidades para estudiantes de secundaria y adultos en el nivel intermedio-avanzado del dominio del idioma ingl\u00e9s (B2).<\/span>[\/vc_column_text][vc_column_text el_class=&#8221;card-btn&#8221;]<\/p>\n<div class=\"btnMoreNivel\"><a href=\"https:\/\/cultural.edu.pe\/puno\/examenes-internacionales\/valida-ingles-nacional-internacionalmente\/\" rel=\"noopener\">Ver m\u00e1s detalles <i class=\"fa-solid fa-circle-chevron-right\"><\/i><\/a><\/div>\n<p>[\/vc_column_text]\t\t<\/div><\/div>[vc_single_image image=&#8221;4019&#8243; img_size=&#8221;full&#8221; alignment=&#8221;center&#8221; el_class=&#8221;joven-img-card hide-elem&#8221;][\/vc_column_inner][\/vc_row_inner][\/vc_tta_section][\/vc_tta_tabs][\/vc_column][\/vc_row][\/vc_section][vc_row full_width=&#8221;stretch_row&#8221; el_class=&#8221;formulario-footer&#8221; css=&#8221;.vc_custom_1724020944869{background-color: #2e3192 !important;}&#8221;][vc_column][vc_empty_space height=&#8221;50px&#8221;][vc_custom_heading text=&#8221;Obt\u00e9n m\u00e1s informaci\u00f3n&#8221; font_container=&#8221;tag:h3|text_align:left|color:%23ffffff&#8221; use_theme_fonts=&#8221;yes&#8221;][vc_column_text]<\/p>\n<p style=\"color: #29abe2; font-weight: 500;\">\u00bfTienes dudas o consultas? Por favor llena el siguiente formulario para ayudarte.<\/p>\n<p>[\/vc_column_text]<div class=\"wpforms-container wpforms-container-full formulario-descuento\" id=\"wpforms-1800\"><form id=\"wpforms-form-1800\" class=\"wpforms-validate wpforms-form wpforms-ajax-form\" data-formid=\"1800\" method=\"post\" enctype=\"multipart\/form-data\" action=\"\/puno\/wp-json\/wp\/v2\/pages\/34\" data-token=\"e1b31940ec6dde70f8826576f6214dda\"><noscript class=\"wpforms-error-noscript\">Por favor, activa JavaScript en tu navegador para completar este formulario.<\/noscript><div class=\"wpforms-field-container\"><div id=\"wpforms-1800-field_6-container\" class=\"wpforms-field wpforms-field-text\" data-field-id=\"6\"><label class=\"wpforms-field-label wpforms-label-hide\" for=\"wpforms-1800-field_6\">Nombres completos <span class=\"wpforms-required-label\">*<\/span><\/label><input type=\"text\" id=\"wpforms-1800-field_6\" class=\"wpforms-field-medium wpforms-field-required\" name=\"wpforms[fields][6]\" placeholder=\"Nombre Completo\" required><\/div><div id=\"wpforms-1800-field_1-container\" class=\"wpforms-field wpforms-field-email\" data-field-id=\"1\"><label class=\"wpforms-field-label wpforms-label-hide\" for=\"wpforms-1800-field_1\">Correo electr\u00f3nico <span class=\"wpforms-required-label\">*<\/span><\/label><input type=\"email\" id=\"wpforms-1800-field_1\" class=\"wpforms-field-medium wpforms-field-required\" name=\"wpforms[fields][1]\" placeholder=\"Correo electr\u00f3nico\" required><\/div><div id=\"wpforms-1800-field_3-container\" class=\"wpforms-field wpforms-field-number\" data-field-id=\"3\"><label class=\"wpforms-field-label wpforms-label-hide\" for=\"wpforms-1800-field_3\">Tel\u00e9fono\/Celular <span class=\"wpforms-required-label\">*<\/span><\/label><input type=\"number\" pattern=\"\\d*\" id=\"wpforms-1800-field_3\" class=\"wpforms-field-medium wpforms-field-required\" name=\"wpforms[fields][3]\" placeholder=\"Tel\u00e9fono\/celular\" required><\/div><div id=\"wpforms-1800-field_7-container\" class=\"wpforms-field wpforms-field-textarea\" data-field-id=\"7\"><label class=\"wpforms-field-label wpforms-label-hide\" for=\"wpforms-1800-field_7\">Mensaje: <span class=\"wpforms-required-label\">*<\/span><\/label><textarea id=\"wpforms-1800-field_7\" class=\"wpforms-field-medium wpforms-field-required\" name=\"wpforms[fields][7]\" placeholder=\"Mensaje\" required><\/textarea><\/div><div id=\"wpforms-1800-field_8-container\" class=\"wpforms-field wpforms-field-text input-oculto\" data-field-id=\"8\"><label class=\"wpforms-field-label wpforms-label-hide\" for=\"wpforms-1800-field_8\">Consulta de<\/label><input type=\"text\" id=\"wpforms-1800-field_8\" class=\"wpforms-field-medium\" name=\"wpforms[fields][8]\" value=\"Ex\u00e1menes Internacionales\" ><\/div><div id=\"wpforms-1800-field_9-container\" class=\"wpforms-field wpforms-field-text input-oculto\" data-field-id=\"9\"><label class=\"wpforms-field-label wpforms-label-hide\" for=\"wpforms-1800-field_9\">URL de la pagina<\/label><input type=\"text\" id=\"wpforms-1800-field_9\" class=\"wpforms-field-medium\" name=\"wpforms[fields][9]\" value=\"https:\/\/cultural.edu.pe\/puno\/wp-json\/wp\/v2\/pages\/34\" ><\/div><div id=\"wpforms-1800-field_4-container\" class=\"wpforms-field wpforms-field-checkbox\" data-field-id=\"4\"><label class=\"wpforms-field-label wpforms-label-hide\" for=\"wpforms-1800-field_4\">\u00bfAcepta pol\u00edticas de privacidad? <span class=\"wpforms-required-label\">*<\/span><\/label><ul id=\"wpforms-1800-field_4\" class=\"wpforms-field-required\"><li class=\"choice-1 depth-1\"><input type=\"checkbox\" id=\"wpforms-1800-field_4_1\" name=\"wpforms[fields][4][]\" value=\"He le\u00eddo y acepto la &lt;a href=&quot;http:\/\/devmacanudo.com\/webcultural\/politica-privacidad\/&quot;&gt;Pol\u00edtica de Privacidad del sitio&lt;\/a&gt;\" required ><label class=\"wpforms-field-label-inline\" for=\"wpforms-1800-field_4_1\">He le\u00eddo y acepto la <a href=\"http:\/\/devmacanudo.com\/webcultural\/politica-privacidad\/\">Pol\u00edtica de Privacidad del sitio<\/a><\/label><\/li><\/ul><\/div><\/div><div class=\"wpforms-submit-container\" ><input type=\"hidden\" name=\"wpforms[id]\" value=\"1800\"><input type=\"hidden\" name=\"wpforms[author]\" value=\"2\"><button type=\"submit\" name=\"wpforms[submit]\" class=\"wpforms-submit \" id=\"wpforms-submit-1800\" value=\"wpforms-submit\" aria-live=\"assertive\" data-alt-text=\"Enviando...\" data-submit-text=\"Enviar\">Enviar<\/button><img src=\"https:\/\/cultural.edu.pe\/puno\/wp-content\/plugins\/wpforms-lite\/assets\/images\/submit-spin.svg\" class=\"wpforms-submit-spinner\" style=\"display: none;\" width=\"26\" height=\"26\" alt=\"\"><\/div><\/form><\/div>  <!-- .wpforms-container -->[vc_empty_space height=&#8221;30px&#8221;][\/vc_column][\/vc_row]<\/p>\n","protected":false},"excerpt":{"rendered":"<p><strong>\u00a1Lleva tu ingl\u00e9s a un nuevo nivel!<\/strong><br \/>\nPara certificar tu ingl\u00e9s o estudiantes que planean seguir estudios superiores en Estados Unidos y otros pa\u00edses de habla inglesa<\/p>\n","protected":false},"author":2,"featured_media":4020,"parent":0,"menu_order":0,"comment_status":"closed","ping_status":"closed","template":"","meta":[],"tags":[],"tipo_pagina":[47],"acf":[],"_links":{"self":[{"href":"https:\/\/cultural.edu.pe\/puno\/wp-json\/wp\/v2\/pages\/34"}],"collection":[{"href":"https:\/\/cultural.edu.pe\/puno\/wp-json\/wp\/v2\/pages"}],"about":[{"href":"https:\/\/cultural.edu.pe\/puno\/wp-json\/wp\/v2\/types\/page"}],"author":[{"embeddable":true,"href":"https:\/\/cultural.edu.pe\/puno\/wp-json\/wp\/v2\/users\/2"}],"replies":[{"embeddable":true,"href":"https:\/\/cultural.edu.pe\/puno\/wp-json\/wp\/v2\/comments?post=34"}],"version-history":[{"count":6,"href":"https:\/\/cultural.edu.pe\/puno\/wp-json\/wp\/v2\/pages\/34\/revisions"}],"predecessor-version":[{"id":4030,"href":"https:\/\/cultural.edu.pe\/puno\/wp-json\/wp\/v2\/pages\/34\/revisions\/4030"}],"wp:featuredmedia":[{"embeddable":true,"href":"https:\/\/cultural.edu.pe\/puno\/wp-json\/wp\/v2\/media\/4020"}],"wp:attachment":[{"href":"https:\/\/cultural.edu.pe\/puno\/wp-json\/wp\/v2\/media?parent=34"}],"wp:term":[{"taxonomy":"post_tag","embeddable":true,"href":"https:\/\/cultural.edu.pe\/puno\/wp-json\/wp\/v2\/tags?post=34"},{"taxonomy":"tipo_pagina","embeddable":true,"href":"https:\/\/cultural.edu.pe\/puno\/wp-json\/wp\/v2\/tipo_pagina?post=34"}],"curies":[{"name":"wp","href":"https:\/\/api.w.org\/{rel}","templated":true}]}}