{"id":3242,"date":"2021-09-13T01:59:21","date_gmt":"2021-09-13T06:59:21","guid":{"rendered":"https:\/\/cultural.edu.pe\/puno\/?page_id=3242"},"modified":"2026-01-09T17:46:44","modified_gmt":"2026-01-09T22:46:44","slug":"preparacion-examenes-internacionales","status":"publish","type":"page","link":"https:\/\/cultural.edu.pe\/puno\/preparacion-examenes-internacionales\/","title":{"rendered":"Preparaci\u00f3n para ex\u00e1menes internacionales"},"content":{"rendered":"<p>[vc_row css=&#8221;.vc_custom_1725245477008{background-color: #f9f9f9 !important;}&#8221;][vc_column][vc_empty_space height=&#8221;50px&#8221;]<div class=\"ult-content-box-container intro-body\" >\t\t<div class=\"ult-content-box\" style=\"box-shadow: px px px px none;-webkit-transition: all 700ms ease;-moz-transition: all 700ms ease;-ms-transition: all 700ms ease;-o-transition: all 700ms ease;transition: all 700ms ease;\"  data-hover_box_shadow=\"none\"    >[vc_column_text el_class=&#8221;container-subtitle intro-title&#8221;]<\/p>\n<p style=\"text-align: left;\"><span class=\"first-subtitle\"><strong>\u00a1Clases totalmente virtuales!<\/strong><\/span><br \/>\n<span class=\"second-subtitle\"><strong>Cursos de preparaci\u00f3n<\/strong><\/span><\/p>\n<p>[\/vc_column_text][vc_column_text el_class=&#8221;intro-desc&#8221;]<span style=\"font-weight: 400;\">Todas los turnos y horarios se encuentran disponibles de manera 100% online a excepci\u00f3n de los cursos de preparaci\u00f3n para el ECCE o el ECPE. Algunos de nuestros cursos son dictados por Fulbright (socio estrat\u00e9gico) y otros con la metodolog\u00eda de ense\u00f1anza y calidad que caracterizan al Cultural. Recuerda que para acceder a nuestras clases virtuales, necesitas una laptop con conexi\u00f3n a internet.\u00a0<\/span>[\/vc_column_text]<div class=\"aio-icon-component   intro-compu style_1\"><div id=\"Info-box-wrap-6616\" class=\"aio-icon-box top-icon\" style=\"\"  ><div class=\"aio-icon-top\"><div class=\"ult-just-icon-wrapper  \"><div class=\"align-icon\" style=\"text-align:center;\">\n<div class=\"aio-icon circle \"  style=\"color:#ffffff;background:#2e3192;font-size:48px;display:inline-block;\">\n\t<i class=\"Defaults-laptop\"><\/i>\n<\/div><\/div><\/div><\/div><div class=\"aio-icon-description ult-responsive\"  data-ultimate-target='#Info-box-wrap-6616 .aio-icon-description'  data-responsive-json-new='{\"font-size\":\"\",\"line-height\":\"\"}'  style=\"\">Se recomienda computadora<\/div> <!-- description --><\/div> <!-- aio-icon-box --><\/div> <!-- aio-icon-component --><div class=\"aio-icon-component   intro-celular style_1\"><div id=\"Info-box-wrap-2964\" class=\"aio-icon-box top-icon\" style=\"\"  ><div class=\"aio-icon-top\"><div class=\"ult-just-icon-wrapper  \"><div class=\"align-icon\" style=\"text-align:center;\">\n<div class=\"aio-icon-img  uavc-circle \" style=\"font-size:48px;background:#2e3192;display:inline-block;\" >\n\t<img class=\"img-icon\" alt=\"null\" src=\"https:\/\/cultural.edu.pe\/tacna\/wp-content\/uploads\/2025\/08\/telefono-prohibido.png\"\/>\n<\/div><\/div><\/div><\/div><div class=\"aio-icon-description ult-responsive\"  data-ultimate-target='#Info-box-wrap-2964 .aio-icon-description'  data-responsive-json-new='{\"font-size\":\"\",\"line-height\":\"\"}'  style=\"\">Prohibido celular<\/div> <!-- description --><\/div> <!-- aio-icon-box --><\/div> <!-- aio-icon-component -->[vc_single_image image=&#8221;4057&#8243; img_size=&#8221;full&#8221; alignment=&#8221;right&#8221; el_class=&#8221;intro-img hide-elem&#8221;]\t\t<\/div><\/div>[\/vc_column][\/vc_row][vc_row css=&#8221;.vc_custom_1725244200425{background-image: url(https:\/\/cultural.edu.pe\/wp-content\/uploads\/2024\/02\/seccion-bg-1.png?id=9474) !important;background-position: center !important;background-repeat: no-repeat !important;background-size: cover !important;}&#8221;][vc_column][vc_empty_space height=&#8221;60px&#8221;][vc_basic_grid post_type=&#8221;cursos&#8221; max_items=&#8221;-1&#8243; element_width=&#8221;6&#8243; item=&#8221;3567&#8243; grid_id=&#8221;vc_gid:1767998262264-769d5486-40ce-10&#8243; taxonomies=&#8221;49&#8243;][vc_empty_space height=&#8221;20px&#8221;][\/vc_column][\/vc_row][vc_section el_class=&#8221;portal-academico secciones-nlg&#8221; css=&#8221;.vc_custom_1725244281612{background-color: #2e3192 !important;}&#8221;][vc_row][vc_column width=&#8221;1\/4&#8243;][vc_single_image image=&#8221;3507&#8243; img_size=&#8221;200&#215;200&#8243; el_class=&#8221;img-portal&#8221;][\/vc_column][vc_column width=&#8221;3\/4&#8243;][vc_column_text]<\/p>\n<h5>Portal Acad\u00e9mico<\/h5>\n<p>Consulta tu informaci\u00f3n, matr\u00edcula web, notas y plataforma virtual National Geographic Learning.[\/vc_column_text][vc_btn title=&#8221;Ingresa aqu\u00ed&#8221; style=&#8221;flat&#8221; color=&#8221;white&#8221; link=&#8221;url:https%3A%2F%2Fportalacademico.cultural.edu.pe%2Fccpna%2Fstudents&#8221;][\/vc_column][\/vc_row][\/vc_section]<\/p>\n","protected":false},"excerpt":{"rendered":"<p>Conoce nuestros cursos de preparaci\u00f3n.<\/p>\n","protected":false},"author":7,"featured_media":3621,"parent":0,"menu_order":0,"comment_status":"closed","ping_status":"closed","template":"","meta":[],"tags":[],"tipo_pagina":[50],"acf":[],"_links":{"self":[{"href":"https:\/\/cultural.edu.pe\/puno\/wp-json\/wp\/v2\/pages\/3242"}],"collection":[{"href":"https:\/\/cultural.edu.pe\/puno\/wp-json\/wp\/v2\/pages"}],"about":[{"href":"https:\/\/cultural.edu.pe\/puno\/wp-json\/wp\/v2\/types\/page"}],"author":[{"embeddable":true,"href":"https:\/\/cultural.edu.pe\/puno\/wp-json\/wp\/v2\/users\/7"}],"replies":[{"embeddable":true,"href":"https:\/\/cultural.edu.pe\/puno\/wp-json\/wp\/v2\/comments?post=3242"}],"version-history":[{"count":7,"href":"https:\/\/cultural.edu.pe\/puno\/wp-json\/wp\/v2\/pages\/3242\/revisions"}],"predecessor-version":[{"id":4059,"href":"https:\/\/cultural.edu.pe\/puno\/wp-json\/wp\/v2\/pages\/3242\/revisions\/4059"}],"wp:featuredmedia":[{"embeddable":true,"href":"https:\/\/cultural.edu.pe\/puno\/wp-json\/wp\/v2\/media\/3621"}],"wp:attachment":[{"href":"https:\/\/cultural.edu.pe\/puno\/wp-json\/wp\/v2\/media?parent=3242"}],"wp:term":[{"taxonomy":"post_tag","embeddable":true,"href":"https:\/\/cultural.edu.pe\/puno\/wp-json\/wp\/v2\/tags?post=3242"},{"taxonomy":"tipo_pagina","embeddable":true,"href":"https:\/\/cultural.edu.pe\/puno\/wp-json\/wp\/v2\/tipo_pagina?post=3242"}],"curies":[{"name":"wp","href":"https:\/\/api.w.org\/{rel}","templated":true}]}}