{"id":93,"date":"2020-10-16T01:54:52","date_gmt":"2020-10-16T06:54:52","guid":{"rendered":"https:\/\/cultural.edu.pe\/juliaca\/?page_id=93"},"modified":"2021-01-22T19:58:26","modified_gmt":"2021-01-23T00:58:26","slug":"empresas","status":"publish","type":"page","link":"https:\/\/cultural.edu.pe\/juliaca\/corporativo\/empresas\/","title":{"rendered":"Empresas"},"content":{"rendered":"<p>[vc_row full_width=\u00bbstretch_row\u00bb el_class=\u00bbtop-header-page\u00bb css=\u00bb.vc_custom_1605002084135{background-image: url(https:\/\/cultural.edu.pe\/juliaca\/wp-content\/uploads\/2020\/11\/portada-education-usa.jpg?id=1261) !important;background-position: center !important;background-repeat: no-repeat !important;background-size: cover !important;}\u00bb][vc_column][\/vc_column][\/vc_row][vc_row][vc_column][vc_empty_space][vc_column_text el_class=\u00bbgo-back-button\u00bb]<img loading=\"lazy\" class=\"alignnone size-full wp-image-920\" src=\"https:\/\/cultural.edu.pe\/juliaca\/wp-content\/uploads\/2020\/11\/go-back.png\" alt=\"\" width=\"28\" height=\"28\" srcset=\"https:\/\/cultural.edu.pe\/juliaca\/wp-content\/uploads\/2020\/11\/go-back.png 28w, https:\/\/cultural.edu.pe\/juliaca\/wp-content\/uploads\/2020\/11\/go-back-20x20.png 20w\" sizes=\"(max-width: 28px) 100vw, 28px\" \/> <span style=\"color: #2e3192;\">Regresar<\/span>[\/vc_column_text][vc_empty_space][vc_custom_heading text=\u00bbEmpresas\u00bb use_theme_fonts=\u00bbyes\u00bb][vc_empty_space height=\u00bb40px\u00bb][\/vc_column][\/vc_row][vc_row][vc_column width=\u00bb2\/3&#8243;][vc_column_text]El presente curso est\u00e1 orientado al sector corporativo, ofreciendo a nuestros clientes la oportunidad de aprender ingl\u00e9s de manera r\u00e1pida y efectiva de forma individual o grupal, con nuestros profesores altamente calificados.<\/p>\n<p>Nos adaptamos a las necesidades del cliente, ofreciendo variedad de horarios, modalidades y niveles estudio.<\/p>\n<p>Flexibilidad de acuerdo a la cantidad de horas que soliciten.<\/p>\n<p>Ingl\u00e9s orientado a objetivos espec\u00edficos.<\/p>\n<p>Tambi\u00e9n ponemos a su disposici\u00f3n traductores para conferencias y reuniones corporativas.[\/vc_column_text]<div id=\"highlight-box-wrap-3916\"  data-ultimate-target='#highlight-box-wrap-3916'  data-responsive-json-new='{\"font-size\":\"desktop:32px;\",\"line-height\":\"\"}'  class=\"ultimate-call-to-action ult-adjust-bottom-margin title-contenedor ctaction-text-left ult-responsive\" style=\"font-weight:normal;color:#ffffff;background:#eaeaf4;padding-top:7px;padding-bottom:7px;padding-left:14px;padding-right:14px;\"  data-background=\"#eaeaf4\"  data-background-hover=\"#e2e2f7\"  data-override=\"0\" ><div class=\"uvc-ctaction-data uvc-ctaction-data-no-effect ult-responsive\"><\/p>\n<h4>Beneficios<\/h4>\n<p><\/div><\/div>[vc_column_text el_class=\u00bblista-beneficios\u00bb]<\/p>\n<ul>\n<li>Doble certificaci\u00f3n.<\/li>\n<li>Metodolog\u00eda Task Based Learning.<\/li>\n<li>Desarrollo de habilidades mediante el enfoque SEL.<\/li>\n<li>Clases virtuales 100% en vivo.<\/li>\n<li>Asesor\u00eda permanente en:<\/li>\n<li>Ex\u00e1menes internacionales.<\/li>\n<li>Viajes de Inmersi\u00f3n a Estados Unidos.<\/li>\n<li>Education USA.<\/li>\n<\/ul>\n<p>[\/vc_column_text][\/vc_column][vc_column width=\u00bb1\/3&#8243; el_class=\u00bbstycky-pagina\u00bb offset=\u00bbvc_hidden-sm vc_hidden-xs\u00bb]<div class=\"ult_row_spacer\"><div class=\"ult-sticky-anchor\"><div class=\"ult-sticky-section ult-sticky stycky-pagina\"  data-gutter= '125' data-stick_behaviour= 'stick_with_scroll_row'  data-sticky_position= 'top' data-mobile='no' data-support='no'>[vc_single_image image=\u00bb2382&#8243; img_size=\u00bbfull\u00bb alignment=\u00bbcenter\u00bb el_class=\u00bbimg-left-programa\u00bb]<\/div><div class=\"ult-space\"><\/div><\/div><\/div>[\/vc_column][\/vc_row][vc_row][vc_column width=\u00bb2\/3&#8243; offset=\u00bbvc_hidden-lg vc_hidden-md vc_hidden-sm vc_hidden-xs\u00bb]<div id=\"highlight-box-wrap-3863\"  data-ultimate-target='#highlight-box-wrap-3863'  data-responsive-json-new='{\"font-size\":\"desktop:32px;\",\"line-height\":\"\"}'  class=\"ultimate-call-to-action ult-adjust-bottom-margin title-contenedor ctaction-text-left ult-responsive\" style=\"font-weight:normal;color:#ffffff;background:#eaeaf4;padding-top:7px;padding-bottom:7px;padding-left:14px;padding-right:14px;\"  data-background=\"#eaeaf4\"  data-background-hover=\"#e2e2f7\"  data-override=\"0\" ><div class=\"uvc-ctaction-data uvc-ctaction-data-no-effect ult-responsive\"><\/p>\n<h4>Nuestros clientes<\/h4>\n<p><\/div><\/div><div id=\"ult-carousel-167510682769dfca030ae45\" class=\"ult-carousel-wrapper   ult_horizontal\" data-gutter=\"15\" data-rtl=\"false\" ><div class=\"ult-carousel-45634953669dfca030ad30 \" >[vc_single_image image=\u00bb2366&#8243; img_size=\u00bbfull\u00bb][vc_single_image image=\u00bb2367&#8243; img_size=\u00bbfull\u00bb][vc_single_image image=\u00bb2368&#8243; img_size=\u00bbfull\u00bb][vc_single_image image=\u00bb2369&#8243; img_size=\u00bbfull\u00bb][vc_single_image image=\u00bb2370&#8243; img_size=\u00bbfull\u00bb][vc_single_image image=\u00bb1339&#8243; img_size=\u00bbfull\u00bb]<\/div><\/div>\t\t\t<script type=\"text\/javascript\">\n\t\t\t\tjQuery(document).ready(function ($) {\n\t\t\t\t\tif( typeof jQuery('.ult-carousel-45634953669dfca030ad30').slick == \"function\"){\n\t\t\t\t\t\t$('.ult-carousel-45634953669dfca030ad30').slick({dots: true,autoplay: true,autoplaySpeed: 5000,speed: 300,infinite: true,arrows: false,slidesToScroll:3,slidesToShow:3,swipe: true,draggable: true,touchMove: true,pauseOnHover: true,pauseOnFocus: false,responsive: [\n\t\t\t\t\t\t\t{\n\t\t\t\t\t\t\t  breakpoint: 1026,\n\t\t\t\t\t\t\t  settings: {\n\t\t\t\t\t\t\t\tslidesToShow: 3,\n\t\t\t\t\t\t\t\tslidesToScroll: 3,  \n\t\t\t\t\t\t\t  }\n\t\t\t\t\t\t\t},\n\t\t\t\t\t\t\t{\n\t\t\t\t\t\t\t  breakpoint: 1025,\n\t\t\t\t\t\t\t  settings: {\n\t\t\t\t\t\t\t\tslidesToShow: 2,\n\t\t\t\t\t\t\t\tslidesToScroll: 2\n\t\t\t\t\t\t\t  }\n\t\t\t\t\t\t\t},\n\t\t\t\t\t\t\t{\n\t\t\t\t\t\t\t  breakpoint: 760,\n\t\t\t\t\t\t\t  settings: {\n\t\t\t\t\t\t\t\tslidesToShow: 2,\n\t\t\t\t\t\t\t\tslidesToScroll: 2\n\t\t\t\t\t\t\t  }\n\t\t\t\t\t\t\t}\n\t\t\t\t\t\t],pauseOnDotsHover: true,customPaging: function(slider, i) {\n                   return '<i type=\"button\" style= \"color:#2e3192;\" class=\"ultsl-record\" data-role=\"none\"><\/i>';\n                },});\n\t\t\t\t\t}\n\t\t\t\t});\n\t\t\t<\/script>\n\t\t\t[\/vc_column][\/vc_row][vc_row][vc_column][vc_empty_space height=\u00bb70px\u00bb][\/vc_column][\/vc_row][vc_row full_width=\u00bbstretch_row\u00bb css=\u00bb.vc_custom_1608090049106{background-color: #2e3192 !important;}\u00bb el_class=\u00bbformulario-footer\u00bb][vc_column][vc_empty_space height=\u00bb50px\u00bb][vc_custom_heading text=\u00bbObt\u00e9n m\u00e1s informaci\u00f3n\u00bb font_container=\u00bbtag:h4|text_align:left|color:%23ffffff\u00bb use_theme_fonts=\u00bbyes\u00bb][vc_column_text]<\/p>\n<p style=\"color: #29abe2; font-weight: 500;\">\u00bfTienes dudas o consultas? Por favor llena el siguiente formulario para ayudarte.<\/p>\n<p>[\/vc_column_text]<div class=\"wpforms-container wpforms-container-full formulario-descuento\" id=\"wpforms-1812\"><form id=\"wpforms-form-1812\" class=\"wpforms-validate wpforms-form wpforms-ajax-form\" data-formid=\"1812\" method=\"post\" enctype=\"multipart\/form-data\" action=\"\/juliaca\/wp-json\/wp\/v2\/pages\/93\" data-token=\"8d4d89617db5694dcfaa792dd329afdf\"><noscript class=\"wpforms-error-noscript\">Por favor, activa JavaScript en tu navegador para completar este formulario.<\/noscript><div class=\"wpforms-field-container\"><div id=\"wpforms-1812-field_6-container\" class=\"wpforms-field wpforms-field-text\" data-field-id=\"6\"><label class=\"wpforms-field-label wpforms-label-hide\" for=\"wpforms-1812-field_6\">Nombres completos <span class=\"wpforms-required-label\">*<\/span><\/label><input type=\"text\" id=\"wpforms-1812-field_6\" class=\"wpforms-field-medium wpforms-field-required\" name=\"wpforms[fields][6]\" placeholder=\"Nombre Completo\" required><\/div><div id=\"wpforms-1812-field_1-container\" class=\"wpforms-field wpforms-field-email\" data-field-id=\"1\"><label class=\"wpforms-field-label wpforms-label-hide\" for=\"wpforms-1812-field_1\">Correo electr\u00f3nico <span class=\"wpforms-required-label\">*<\/span><\/label><input type=\"email\" id=\"wpforms-1812-field_1\" class=\"wpforms-field-medium wpforms-field-required\" name=\"wpforms[fields][1]\" placeholder=\"Correo electr\u00f3nico\" required><\/div><div id=\"wpforms-1812-field_3-container\" class=\"wpforms-field wpforms-field-number\" data-field-id=\"3\"><label class=\"wpforms-field-label wpforms-label-hide\" for=\"wpforms-1812-field_3\">Tel\u00e9fono\/Celular <span class=\"wpforms-required-label\">*<\/span><\/label><input type=\"number\" pattern=\"\\d*\" id=\"wpforms-1812-field_3\" class=\"wpforms-field-medium wpforms-field-required\" name=\"wpforms[fields][3]\" placeholder=\"Tel\u00e9fono\/celular\" required><\/div><div id=\"wpforms-1812-field_7-container\" class=\"wpforms-field wpforms-field-textarea\" data-field-id=\"7\"><label class=\"wpforms-field-label wpforms-label-hide\" for=\"wpforms-1812-field_7\">Mensaje: <span class=\"wpforms-required-label\">*<\/span><\/label><textarea id=\"wpforms-1812-field_7\" class=\"wpforms-field-medium wpforms-field-required\" name=\"wpforms[fields][7]\" placeholder=\"Mensaje\" required><\/textarea><\/div><div id=\"wpforms-1812-field_8-container\" class=\"wpforms-field wpforms-field-text input-oculto\" data-field-id=\"8\"><label class=\"wpforms-field-label wpforms-label-hide\" for=\"wpforms-1812-field_8\">Consulta de<\/label><input type=\"text\" id=\"wpforms-1812-field_8\" class=\"wpforms-field-medium\" name=\"wpforms[fields][8]\" value=\"Empresas\" ><\/div><div id=\"wpforms-1812-field_9-container\" class=\"wpforms-field wpforms-field-text input-oculto\" data-field-id=\"9\"><label class=\"wpforms-field-label wpforms-label-hide\" for=\"wpforms-1812-field_9\">URL de la pagina<\/label><input type=\"text\" id=\"wpforms-1812-field_9\" class=\"wpforms-field-medium\" name=\"wpforms[fields][9]\" value=\"https:\/\/cultural.edu.pe\/juliaca\/wp-json\/wp\/v2\/pages\/93\" ><\/div><div id=\"wpforms-1812-field_4-container\" class=\"wpforms-field wpforms-field-checkbox\" data-field-id=\"4\"><label class=\"wpforms-field-label wpforms-label-hide\" for=\"wpforms-1812-field_4\">\u00bfAcepta pol\u00edticas de privacidad? <span class=\"wpforms-required-label\">*<\/span><\/label><ul id=\"wpforms-1812-field_4\" class=\"wpforms-field-required\"><li class=\"choice-1 depth-1\"><input type=\"checkbox\" id=\"wpforms-1812-field_4_1\" name=\"wpforms[fields][4][]\" value=\"He le\u00eddo y acepto la &lt;a href=&quot;https:\/\/cultural.edu.pe\/juliaca\/politica-privacidad\/&quot;&gt;Pol\u00edtica de Privacidad del sitio&lt;\/a&gt;\" required ><label class=\"wpforms-field-label-inline\" for=\"wpforms-1812-field_4_1\">He le\u00eddo y acepto la <a href=\"https:\/\/cultural.edu.pe\/juliaca\/politica-privacidad\/\">Pol\u00edtica de Privacidad del sitio<\/a><\/label><\/li><\/ul><\/div><\/div><div class=\"wpforms-submit-container\" ><input type=\"hidden\" name=\"wpforms[id]\" value=\"1812\"><input type=\"hidden\" name=\"wpforms[author]\" value=\"2\"><button type=\"submit\" name=\"wpforms[submit]\" class=\"wpforms-submit \" id=\"wpforms-submit-1812\" value=\"wpforms-submit\" aria-live=\"assertive\" data-alt-text=\"Enviando...\" data-submit-text=\"Enviar\">Enviar<\/button><img src=\"https:\/\/cultural.edu.pe\/juliaca\/wp-content\/plugins\/wpforms-lite\/assets\/images\/submit-spin.svg\" class=\"wpforms-submit-spinner\" style=\"display: none;\" width=\"26\" height=\"26\" alt=\"\"><\/div><\/form><\/div>  <!-- .wpforms-container -->[vc_empty_space height=\u00bb30px\u00bb][\/vc_column][\/vc_row][vc_row][vc_column][vc_empty_space height=\u00bb70px\u00bb][\/vc_column][\/vc_row][vc_section][vc_row content_placement=\u00bbmiddle\u00bb el_class=\u00bbespecial-t\u00bb][vc_column width=\u00bb1\/2&#8243;][vc_custom_heading text=\u00bbNoticias\u00bb use_theme_fonts=\u00bbyes\u00bb][\/vc_column][vc_column width=\u00bb1\/2&#8243;][vc_custom_heading text=\u00bbVER TODOS\u00bb font_container=\u00bbtag:p|font_size:16px|text_align:right|color:%23fe0000&#8243; google_fonts=\u00bbfont_family:Nunito%3A300%2Cregular%2C700|font_style:700%20bold%20regular%3A700%3Anormal\u00bb][\/vc_column][\/vc_row][vc_row][vc_column][vc_empty_space height=\u00bb30px\u00bb][\/vc_column][\/vc_row][vc_row el_class=\u00bbgrid-noticias-h\u00bb][vc_column offset=\u00bbvc_hidden-xs\u00bb][vc_basic_grid post_type=\u00bbpost\u00bb max_items=\u00bb6&#8243; style=\u00bbpagination\u00bb items_per_page=\u00bb3&#8243; gap=\u00bb35&#8243; item=\u00bb916&#8243; grid_id=\u00bbvc_gid:1611363435550-24699f5d-88e0-8&#8243; taxonomies=\u00bb3&#8243;][\/vc_column][\/vc_row][vc_row el_class=\u00bbgrid-noticias-h\u00bb][vc_column offset=\u00bbvc_hidden-lg vc_hidden-md vc_hidden-sm\u00bb][vc_basic_grid post_type=\u00bbpost\u00bb max_items=\u00bb6&#8243; style=\u00bbpagination\u00bb items_per_page=\u00bb1&#8243; element_width=\u00bb12&#8243; gap=\u00bb35&#8243; item=\u00bb916&#8243; grid_id=\u00bbvc_gid:1611363435552-429d0a11-10c5-0&#8243; taxonomies=\u00bb3&#8243;][\/vc_column][\/vc_row][\/vc_section]<\/p>\n","protected":false},"excerpt":{"rendered":"<p>[vc_row full_width=\u00bbstretch_row\u00bb el_class=\u00bbtop-header-page\u00bb css=\u00bb.vc_custom_1605002084135{background-image: url(https:\/\/cultural.edu.pe\/juliaca\/wp-content\/uploads\/2020\/11\/portada-education-usa.jpg?id=1261) !important;background-position: center !important;background-repeat: no-repeat !important;background-size: cover !important;}\u00bb][vc_column][\/vc_column][\/vc_row][vc_row][vc_column][vc_empty_space][vc_column_text el_class=\u00bbgo-back-button\u00bb] Regresar[\/vc_column_text][vc_empty_space][vc_custom_heading text=\u00bbEmpresas\u00bb use_theme_fonts=\u00bbyes\u00bb][vc_empty_space height=\u00bb40px\u00bb][\/vc_column][\/vc_row][vc_row][vc_column width=\u00bb2\/3&#8243;][vc_column_text]El presente curso est\u00e1 orientado al sector corporativo, ofreciendo a nuestros clientes la [&hellip;]<\/p>\n","protected":false},"author":2,"featured_media":0,"parent":89,"menu_order":0,"comment_status":"closed","ping_status":"closed","template":"","meta":[],"tags":[],"tipo_pagina":[],"acf":[],"_links":{"self":[{"href":"https:\/\/cultural.edu.pe\/juliaca\/wp-json\/wp\/v2\/pages\/93"}],"collection":[{"href":"https:\/\/cultural.edu.pe\/juliaca\/wp-json\/wp\/v2\/pages"}],"about":[{"href":"https:\/\/cultural.edu.pe\/juliaca\/wp-json\/wp\/v2\/types\/page"}],"author":[{"embeddable":true,"href":"https:\/\/cultural.edu.pe\/juliaca\/wp-json\/wp\/v2\/users\/2"}],"replies":[{"embeddable":true,"href":"https:\/\/cultural.edu.pe\/juliaca\/wp-json\/wp\/v2\/comments?post=93"}],"version-history":[{"count":22,"href":"https:\/\/cultural.edu.pe\/juliaca\/wp-json\/wp\/v2\/pages\/93\/revisions"}],"predecessor-version":[{"id":2964,"href":"https:\/\/cultural.edu.pe\/juliaca\/wp-json\/wp\/v2\/pages\/93\/revisions\/2964"}],"up":[{"embeddable":true,"href":"https:\/\/cultural.edu.pe\/juliaca\/wp-json\/wp\/v2\/pages\/89"}],"wp:attachment":[{"href":"https:\/\/cultural.edu.pe\/juliaca\/wp-json\/wp\/v2\/media?parent=93"}],"wp:term":[{"taxonomy":"post_tag","embeddable":true,"href":"https:\/\/cultural.edu.pe\/juliaca\/wp-json\/wp\/v2\/tags?post=93"},{"taxonomy":"tipo_pagina","embeddable":true,"href":"https:\/\/cultural.edu.pe\/juliaca\/wp-json\/wp\/v2\/tipo_pagina?post=93"}],"curies":[{"name":"wp","href":"https:\/\/api.w.org\/{rel}","templated":true}]}}