{"id":68,"date":"2025-10-16T01:50:04","date_gmt":"2025-10-16T06:50:04","guid":{"rendered":"https:\/\/cultural.edu.pe\/juliaca\/?page_id=68"},"modified":"2026-01-20T12:24:23","modified_gmt":"2026-01-20T17:24:23","slug":"transparencia","status":"publish","type":"page","link":"https:\/\/cultural.edu.pe\/juliaca\/transparencia\/","title":{"rendered":"Transparencia"},"content":{"rendered":"<p>[vc_row el_id=\u00bbreglamentos\u00bb][vc_column][vc_column_text el_class=\u00bbtitle-trasnparencia\u00bb]<span style=\"color: #df4f3e;\"><strong>Reglamentos y Est\u00e1ndares<\/strong><\/span>[\/vc_column_text][vc_row_inner equal_height=\u00bbyes\u00bb content_placement=\u00bbmiddle\u00bb][vc_column_inner width=\u00bb1\/3&#8243;]<div class=\"ult-content-box-container regla-card box-shadow blue-card mb30\" >\t<a class=\"ult-content-box-anchor\" href=\"https:\/\/cultural.edu.pe\/juliaca\/wp-content\/uploads\/2021\/10\/Gui%CC%81a-del-Alumno.pdf\" target=\"_blank\" rel=\"noopener\" >\t\t<div class=\"ult-content-box\" style=\"box-shadow: px px px px none;-webkit-transition: all 700ms ease;-moz-transition: all 700ms ease;-ms-transition: all 700ms ease;-o-transition: all 700ms ease;transition: all 700ms ease;\"  data-hover_box_shadow=\"none\"    ><div class=\"aio-icon-component    style_1\"><div id=\"Info-box-wrap-8229\" class=\"aio-icon-box left-icon\" style=\"\"  ><div class=\"aio-icon-left\"><div class=\"ult-just-icon-wrapper  \"><div class=\"align-icon\" style=\"text-align:center;\">\n<div class=\"aio-icon-img  uavc-circle \" style=\"font-size:48px;background:#2e3192;display:inline-block;\" >\n\t<img class=\"img-icon\" alt=\"null\" src=\"https:\/\/cultural.edu.pe\/wp-content\/uploads\/2025\/05\/guia-alumno.png\"\/>\n<\/div><\/div><\/div><\/div><div class=\"aio-ibd-block\"><div class=\"aio-icon-header\" ><span class=\"aio-icon-title ult-responsive\"  data-ultimate-target='#Info-box-wrap-8229 .aio-icon-title'  data-responsive-json-new='{\"font-size\":\"\",\"line-height\":\"\"}'  style=\"\">Gu\u00eda del Alumno<\/span><\/div> <!-- header --><div class=\"aio-icon-description ult-responsive\"  data-ultimate-target='#Info-box-wrap-8229 .aio-icon-description'  data-responsive-json-new='{\"font-size\":\"\",\"line-height\":\"\"}'  style=\"\">Ver documento \u21fe<\/div> <!-- description --><\/div> <!-- aio-ibd-block --><\/div> <!-- aio-icon-box --><\/div> <!-- aio-icon-component -->\t\t<\/div>\t<\/a><\/div>[\/vc_column_inner][vc_column_inner width=\u00bb1\/3&#8243;]<div class=\"ult-content-box-container regla-card box-shadow red-card mb30\" >\t<a class=\"ult-content-box-anchor\" href=\"https:\/\/cultural.edu.pe\/juliaca\/wp-content\/uploads\/2021\/11\/Reglamento-del-Alumno_V2.pdf\" target=\"_blank\" rel=\"noopener\" >\t\t<div class=\"ult-content-box\" style=\"box-shadow: px px px px none;-webkit-transition: all 700ms ease;-moz-transition: all 700ms ease;-ms-transition: all 700ms ease;-o-transition: all 700ms ease;transition: all 700ms ease;\"  data-hover_box_shadow=\"none\"    ><div class=\"aio-icon-component    style_1\"><div id=\"Info-box-wrap-4740\" class=\"aio-icon-box left-icon\" style=\"\"  ><div class=\"aio-icon-left\"><div class=\"ult-just-icon-wrapper  \"><div class=\"align-icon\" style=\"text-align:center;\">\n<div class=\"aio-icon-img  uavc-circle \" style=\"font-size:48px;background:#df4f3e;display:inline-block;\" >\n\t<img class=\"img-icon\" alt=\"null\" src=\"https:\/\/cultural.edu.pe\/wp-content\/uploads\/2025\/05\/reglamento-alumno.png\"\/>\n<\/div><\/div><\/div><\/div><div class=\"aio-ibd-block\"><div class=\"aio-icon-header\" ><span class=\"aio-icon-title ult-responsive\"  data-ultimate-target='#Info-box-wrap-4740 .aio-icon-title'  data-responsive-json-new='{\"font-size\":\"\",\"line-height\":\"\"}'  style=\"\">Reglamento del Alumno<\/span><\/div> <!-- header --><div class=\"aio-icon-description ult-responsive\"  data-ultimate-target='#Info-box-wrap-4740 .aio-icon-description'  data-responsive-json-new='{\"font-size\":\"\",\"line-height\":\"\"}'  style=\"\">Ver documento \u21fe<\/div> <!-- description --><\/div> <!-- aio-ibd-block --><\/div> <!-- aio-icon-box --><\/div> <!-- aio-icon-component -->\t\t<\/div>\t<\/a><\/div>[\/vc_column_inner][vc_column_inner width=\u00bb1\/3&#8243;]<div class=\"ult-content-box-container regla-card box-shadow blue-card\" >\t<a class=\"ult-content-box-anchor\" href=\"https:\/\/cultural.edu.pe\/juliaca\/wp-content\/uploads\/2020\/12\/Actuaci%C3%B3n-B%C3%A1sica-para-Atenci%C3%B3n-de-Emergencias.pdf\" target=\"_blank\" rel=\"noopener\" >\t\t<div class=\"ult-content-box\" style=\"box-shadow: px px px px none;-webkit-transition: all 700ms ease;-moz-transition: all 700ms ease;-ms-transition: all 700ms ease;-o-transition: all 700ms ease;transition: all 700ms ease;\"  data-hover_box_shadow=\"none\"    ><div class=\"aio-icon-component    style_1\"><div id=\"Info-box-wrap-1871\" class=\"aio-icon-box left-icon\" style=\"\"  ><div class=\"aio-icon-left\"><div class=\"ult-just-icon-wrapper  \"><div class=\"align-icon\" style=\"text-align:center;\">\n<div class=\"aio-icon-img  uavc-circle \" style=\"font-size:48px;background:#2e3192;display:inline-block;\" >\n\t<img class=\"img-icon\" alt=\"null\" src=\"https:\/\/cultural.edu.pe\/wp-content\/uploads\/2025\/05\/actuacion-emergencias.png\"\/>\n<\/div><\/div><\/div><\/div><div class=\"aio-ibd-block\"><div class=\"aio-icon-header\" ><span class=\"aio-icon-title ult-responsive\"  data-ultimate-target='#Info-box-wrap-1871 .aio-icon-title'  data-responsive-json-new='{\"font-size\":\"\",\"line-height\":\"\"}'  style=\"\">Actuaci\u00f3n B\u00e1sica para Atenci\u00f3n de Emergencias<\/span><\/div> <!-- header --><div class=\"aio-icon-description ult-responsive\"  data-ultimate-target='#Info-box-wrap-1871 .aio-icon-description'  data-responsive-json-new='{\"font-size\":\"\",\"line-height\":\"\"}'  style=\"\">Ver documento \u21fe<\/div> <!-- description --><\/div> <!-- aio-ibd-block --><\/div> <!-- aio-icon-box --><\/div> <!-- aio-icon-component -->\t\t<\/div>\t<\/a><\/div>[\/vc_column_inner][\/vc_row_inner][vc_row_inner equal_height=\u00bbyes\u00bb content_placement=\u00bbmiddle\u00bb el_class=\u00bbpt30&#8243;][vc_column_inner width=\u00bb1\/3&#8243;]<div class=\"ult-content-box-container regla-card box-shadow red-card mb30\" >\t<a class=\"ult-content-box-anchor\" href=\"https:\/\/cultural.edu.pe\/wp-content\/uploads\/2022\/04\/Terminos-y-condiciones-de-clases-hibridas-Jovenes-y-adultos.pdf\" target=\"_blank\" rel=\"noopener\" >\t\t<div class=\"ult-content-box\" style=\"box-shadow: px px px px none;-webkit-transition: all 700ms ease;-moz-transition: all 700ms ease;-ms-transition: all 700ms ease;-o-transition: all 700ms ease;transition: all 700ms ease;\"  data-hover_box_shadow=\"none\"    ><div class=\"aio-icon-component    style_1\"><div id=\"Info-box-wrap-3572\" class=\"aio-icon-box left-icon\" style=\"\"  ><div class=\"aio-icon-left\"><div class=\"ult-just-icon-wrapper  \"><div class=\"align-icon\" style=\"text-align:center;\">\n<div class=\"aio-icon-img  uavc-circle \" style=\"font-size:48px;background:#df4f3e;display:inline-block;\" >\n\t<img class=\"img-icon\" alt=\"null\" src=\"https:\/\/cultural.edu.pe\/wp-content\/uploads\/2025\/05\/terminos-jovenes.png\"\/>\n<\/div><\/div><\/div><\/div><div class=\"aio-ibd-block\"><div class=\"aio-icon-header\" ><span class=\"aio-icon-title ult-responsive\"  data-ultimate-target='#Info-box-wrap-3572 .aio-icon-title'  data-responsive-json-new='{\"font-size\":\"\",\"line-height\":\"\"}'  style=\"\">T\u00e9rminos - Clases h\u00edbridas (J\u00f3venes y adultos)<\/span><\/div> <!-- header --><div class=\"aio-icon-description ult-responsive\"  data-ultimate-target='#Info-box-wrap-3572 .aio-icon-description'  data-responsive-json-new='{\"font-size\":\"\",\"line-height\":\"\"}'  style=\"\">Ver documento \u21fe<\/div> <!-- description --><\/div> <!-- aio-ibd-block --><\/div> <!-- aio-icon-box --><\/div> <!-- aio-icon-component -->\t\t<\/div>\t<\/a><\/div>[\/vc_column_inner][vc_column_inner width=\u00bb1\/3&#8243;]<div class=\"ult-content-box-container regla-card box-shadow blue-card mb30\" >\t<a class=\"ult-content-box-anchor\" href=\"https:\/\/cultural.edu.pe\/wp-content\/uploads\/2022\/04\/Terminos-y-condiciones-de-clases-hibridas-Ninos-y-adolescentes.pdf\" target=\"_blank\" rel=\"noopener\" >\t\t<div class=\"ult-content-box\" style=\"box-shadow: px px px px none;-webkit-transition: all 700ms ease;-moz-transition: all 700ms ease;-ms-transition: all 700ms ease;-o-transition: all 700ms ease;transition: all 700ms ease;\"  data-hover_box_shadow=\"none\"    ><div class=\"aio-icon-component    style_1\"><div id=\"Info-box-wrap-6259\" class=\"aio-icon-box left-icon\" style=\"\"  ><div class=\"aio-icon-left\"><div class=\"ult-just-icon-wrapper  \"><div class=\"align-icon\" style=\"text-align:center;\">\n<div class=\"aio-icon-img  uavc-circle \" style=\"font-size:48px;background:#2e3192;display:inline-block;\" >\n\t<img class=\"img-icon\" alt=\"null\" src=\"https:\/\/cultural.edu.pe\/wp-content\/uploads\/2025\/05\/terminos-ninos.png\"\/>\n<\/div><\/div><\/div><\/div><div class=\"aio-ibd-block\"><div class=\"aio-icon-header\" ><span class=\"aio-icon-title ult-responsive\"  data-ultimate-target='#Info-box-wrap-6259 .aio-icon-title'  data-responsive-json-new='{\"font-size\":\"\",\"line-height\":\"\"}'  style=\"\">T\u00e9rminos - Clases h\u00edbridas (Ni\u00f1os y adolescentes)<\/span><\/div> <!-- header --><div class=\"aio-icon-description ult-responsive\"  data-ultimate-target='#Info-box-wrap-6259 .aio-icon-description'  data-responsive-json-new='{\"font-size\":\"\",\"line-height\":\"\"}'  style=\"\">Ver documento \u21fe<\/div> <!-- description --><\/div> <!-- aio-ibd-block --><\/div> <!-- aio-icon-box --><\/div> <!-- aio-icon-component -->\t\t<\/div>\t<\/a><\/div>[\/vc_column_inner][vc_column_inner width=\u00bb1\/3&#8243;][\/vc_column_inner][\/vc_row_inner][vc_empty_space height=\u00bb50px\u00bb][vc_column_text el_class=\u00bbtitle-trasnparencia\u00bb]<span style=\"color: #2e3192;\"><strong>Lista de precios<\/strong><\/span>[\/vc_column_text][vc_row_inner equal_height=\u00bbyes\u00bb el_class=\u00bbrow-price\u00bb][vc_column_inner width=\u00bb1\/3&#8243;]<div class=\"ult-content-box-container regla-card box-shadow blue-card mb30\" >\t<a class=\"ult-content-box-anchor\" href=\"https:\/\/cultural.edu.pe\/juliaca\/wp-content\/uploads\/2020\/12\/Lista-de-Precios-Servicios-acade%CC%81micos.pdf\" target=\"_blank\" rel=\"noopener\" >\t\t<div class=\"ult-content-box\" style=\"box-shadow: px px px px none;-webkit-transition: all 700ms ease;-moz-transition: all 700ms ease;-ms-transition: all 700ms ease;-o-transition: all 700ms ease;transition: all 700ms ease;\"  data-hover_box_shadow=\"none\"    ><div class=\"aio-icon-component    style_1\"><div id=\"Info-box-wrap-3594\" class=\"aio-icon-box left-icon\" style=\"\"  ><div class=\"aio-icon-left\"><div class=\"ult-just-icon-wrapper  \"><div class=\"align-icon\" style=\"text-align:center;\">\n<div class=\"aio-icon-img  uavc-circle \" style=\"font-size:48px;background:#2e3192;display:inline-block;\" >\n\t<img class=\"img-icon\" alt=\"null\" src=\"https:\/\/cultural.edu.pe\/wp-content\/uploads\/2025\/05\/servicios-academicos.png\"\/>\n<\/div><\/div><\/div><\/div><div class=\"aio-ibd-block\"><div class=\"aio-icon-header\" ><span class=\"aio-icon-title ult-responsive\"  data-ultimate-target='#Info-box-wrap-3594 .aio-icon-title'  data-responsive-json-new='{\"font-size\":\"\",\"line-height\":\"\"}'  style=\"\">Servicios acad\u00e9micos<\/span><\/div> <!-- header --><div class=\"aio-icon-description ult-responsive\"  data-ultimate-target='#Info-box-wrap-3594 .aio-icon-description'  data-responsive-json-new='{\"font-size\":\"\",\"line-height\":\"\"}'  style=\"\">Ver documento \u21fe<\/div> <!-- description --><\/div> <!-- aio-ibd-block --><\/div> <!-- aio-icon-box --><\/div> <!-- aio-icon-component -->\t\t<\/div>\t<\/a><\/div>[\/vc_column_inner][vc_column_inner width=\u00bb1\/3&#8243;]<div class=\"ult-content-box-container regla-card box-shadow red-card mb30\" >\t<a class=\"ult-content-box-anchor\" href=\"https:\/\/cultural.edu.pe\/juliaca\/wp-content\/uploads\/2020\/12\/Lista-de-Precios-Tra%CC%81mites-caja.pdf\" target=\"_blank\" rel=\"noopener\" >\t\t<div class=\"ult-content-box\" style=\"box-shadow: px px px px none;-webkit-transition: all 700ms ease;-moz-transition: all 700ms ease;-ms-transition: all 700ms ease;-o-transition: all 700ms ease;transition: all 700ms ease;\"  data-hover_box_shadow=\"none\"    ><div class=\"aio-icon-component    style_1\"><div id=\"Info-box-wrap-1411\" class=\"aio-icon-box left-icon\" style=\"\"  ><div class=\"aio-icon-left\"><div class=\"ult-just-icon-wrapper  \"><div class=\"align-icon\" style=\"text-align:center;\">\n<div class=\"aio-icon-img  uavc-circle \" style=\"font-size:48px;background:#df4f3e;display:inline-block;\" >\n\t<img class=\"img-icon\" alt=\"null\" src=\"https:\/\/cultural.edu.pe\/wp-content\/uploads\/2025\/05\/tramites-caja.png\"\/>\n<\/div><\/div><\/div><\/div><div class=\"aio-ibd-block\"><div class=\"aio-icon-header\" ><span class=\"aio-icon-title ult-responsive\"  data-ultimate-target='#Info-box-wrap-1411 .aio-icon-title'  data-responsive-json-new='{\"font-size\":\"\",\"line-height\":\"\"}'  style=\"\">Tr\u00e1mites caja<\/span><\/div> <!-- header --><div class=\"aio-icon-description ult-responsive\"  data-ultimate-target='#Info-box-wrap-1411 .aio-icon-description'  data-responsive-json-new='{\"font-size\":\"\",\"line-height\":\"\"}'  style=\"\">Ver documento \u21fe<\/div> <!-- description --><\/div> <!-- aio-ibd-block --><\/div> <!-- aio-icon-box --><\/div> <!-- aio-icon-component -->\t\t<\/div>\t<\/a><\/div>[\/vc_column_inner][vc_column_inner el_class=\u00bbbody-pic\u00bb width=\u00bb1\/3&#8243;][vc_single_image image=\u00bb3705&#8243; img_size=\u00bbfull\u00bb alignment=\u00bbcenter\u00bb el_class=\u00bbmarginB0 img-reglas hide-elem\u00bb][\/vc_column_inner][\/vc_row_inner][\/vc_column][\/vc_row][vc_row equal_height=\u00bbyes\u00bb css=\u00bb.vc_custom_1746735796830{background-image: url(https:\/\/cultural.edu.pe\/wp-content\/uploads\/2024\/02\/seccion-bg-1.png?id=9474) !important;}\u00bb el_id=\u00bblinks\u00bb][vc_column][vc_row_inner equal_height=\u00bbyes\u00bb el_class=\u00bbbody-links\u00bb][vc_column_inner width=\u00bb1\/3&#8243;]<div class=\"ult-content-box-container regla-card box-shadow red-card bottom-card\" >\t<a class=\"ult-content-box-anchor\" href=\"http:\/\/w1.cultural.pe\/autenticaciones\/\" target=\"_blank\" rel=\"noopener\" >\t\t<div class=\"ult-content-box\" style=\"box-shadow: px px px px none;-webkit-transition: all 700ms ease;-moz-transition: all 700ms ease;-ms-transition: all 700ms ease;-o-transition: all 700ms ease;transition: all 700ms ease;\"  data-hover_box_shadow=\"none\"    ><div class=\"aio-icon-component    style_1\"><div id=\"Info-box-wrap-3922\" class=\"aio-icon-box top-icon\" style=\"\"  ><div class=\"aio-icon-top\"><div class=\"ult-just-icon-wrapper  \"><div class=\"align-icon\" style=\"text-align:center;\">\n<div class=\"aio-icon-img  uavc-circle \" style=\"font-size:54px;background:#df4f3e;display:inline-block;\" >\n\t<img class=\"img-icon\" alt=\"null\" src=\"https:\/\/cultural.edu.pe\/wp-content\/uploads\/2025\/05\/a-certificados.png\"\/>\n<\/div><\/div><\/div><\/div><div class=\"aio-icon-header\" ><span class=\"aio-icon-title ult-responsive\"  data-ultimate-target='#Info-box-wrap-3922 .aio-icon-title'  data-responsive-json-new='{\"font-size\":\"\",\"line-height\":\"\"}'  style=\"\">Autenticaci\u00f3n de certificados<\/span><\/div> <!-- header --><div class=\"aio-icon-description ult-responsive\"  data-ultimate-target='#Info-box-wrap-3922 .aio-icon-description'  data-responsive-json-new='{\"font-size\":\"\",\"line-height\":\"\"}'  style=\"\">Click aqu\u00ed \u21fe<\/div> <!-- description --><\/div> <!-- aio-icon-box --><\/div> <!-- aio-icon-component -->\t\t<\/div>\t<\/a><\/div>[\/vc_column_inner][vc_column_inner width=\u00bb1\/3&#8243;]<div class=\"ult-content-box-container regla-card box-shadow blue-card bottom-card\" >\t<a class=\"ult-content-box-anchor\" href=\"http:\/\/w1.cultural.pe\/reclamaciones\/Reclamos.php\" target=\"_blank\" rel=\"noopener\" >\t\t<div class=\"ult-content-box\" style=\"box-shadow: px px px px none;-webkit-transition: all 700ms ease;-moz-transition: all 700ms ease;-ms-transition: all 700ms ease;-o-transition: all 700ms ease;transition: all 700ms ease;\"  data-hover_box_shadow=\"none\"    ><div class=\"aio-icon-component    style_1\"><div id=\"Info-box-wrap-9116\" class=\"aio-icon-box top-icon\" style=\"\"  ><div class=\"aio-icon-top\"><div class=\"ult-just-icon-wrapper  \"><div class=\"align-icon\" style=\"text-align:center;\">\n<div class=\"aio-icon-img  uavc-circle \" style=\"font-size:54px;background:#2e3192;display:inline-block;\" >\n\t<img class=\"img-icon\" alt=\"null\" src=\"https:\/\/cultural.edu.pe\/wp-content\/uploads\/2025\/05\/a-libro-reclamaciones.png\"\/>\n<\/div><\/div><\/div><\/div><div class=\"aio-icon-header\" ><span class=\"aio-icon-title ult-responsive\"  data-ultimate-target='#Info-box-wrap-9116 .aio-icon-title'  data-responsive-json-new='{\"font-size\":\"\",\"line-height\":\"\"}'  style=\"\">Libro de reclamaciones<\/span><\/div> <!-- header --><div class=\"aio-icon-description ult-responsive\"  data-ultimate-target='#Info-box-wrap-9116 .aio-icon-description'  data-responsive-json-new='{\"font-size\":\"\",\"line-height\":\"\"}'  style=\"\">Click aqu\u00ed \u21fe<\/div> <!-- description --><\/div> <!-- aio-icon-box --><\/div> <!-- aio-icon-component -->\t\t<\/div>\t<\/a><\/div>[\/vc_column_inner][vc_column_inner width=\u00bb1\/3&#8243;]<div class=\"ult-content-box-container regla-card box-shadow red-card bottom-card\" >\t<a class=\"ult-content-box-anchor\" href=\"https:\/\/cultural.edu.pe\/juliaca\/politica-privacidad\/\" target=\"_blank\" rel=\"noopener\" >\t\t<div class=\"ult-content-box\" style=\"box-shadow: px px px px none;-webkit-transition: all 700ms ease;-moz-transition: all 700ms ease;-ms-transition: all 700ms ease;-o-transition: all 700ms ease;transition: all 700ms ease;\"  data-hover_box_shadow=\"none\"    ><div class=\"aio-icon-component    style_1\"><div id=\"Info-box-wrap-4099\" class=\"aio-icon-box top-icon\" style=\"\"  ><div class=\"aio-icon-top\"><div class=\"ult-just-icon-wrapper  \"><div class=\"align-icon\" style=\"text-align:center;\">\n<div class=\"aio-icon-img  uavc-circle \" style=\"font-size:54px;background:#df4f3e;display:inline-block;\" >\n\t<img class=\"img-icon\" alt=\"null\" src=\"https:\/\/cultural.edu.pe\/wp-content\/uploads\/2025\/05\/a-politica-privacidad.png\"\/>\n<\/div><\/div><\/div><\/div><div class=\"aio-icon-header\" ><span class=\"aio-icon-title ult-responsive\"  data-ultimate-target='#Info-box-wrap-4099 .aio-icon-title'  data-responsive-json-new='{\"font-size\":\"\",\"line-height\":\"\"}'  style=\"\">Pol\u00edticas de privacidad<\/span><\/div> <!-- header --><div class=\"aio-icon-description ult-responsive\"  data-ultimate-target='#Info-box-wrap-4099 .aio-icon-description'  data-responsive-json-new='{\"font-size\":\"\",\"line-height\":\"\"}'  style=\"\">Click aqu\u00ed \u21fe<\/div> <!-- description --><\/div> <!-- aio-icon-box --><\/div> <!-- aio-icon-component -->\t\t<\/div>\t<\/a><\/div>[\/vc_column_inner][\/vc_row_inner][\/vc_column][\/vc_row][vc_row full_width=\u00bbstretch_row\u00bb css=\u00bb.vc_custom_1604139992869{background-color: #2e3192 !important;}\u00bb][vc_column][vc_empty_space height=\u00bb50px\u00bb][vc_empty_space height=\u00bb30px\u00bb][\/vc_column][\/vc_row]<\/p>\n","protected":false},"excerpt":{"rendered":"<p>Revisa los documentos disponibles<\/p>\n","protected":false},"author":7,"featured_media":3706,"parent":0,"menu_order":0,"comment_status":"closed","ping_status":"closed","template":"","meta":[],"tags":[],"tipo_pagina":[44],"acf":[],"_links":{"self":[{"href":"https:\/\/cultural.edu.pe\/juliaca\/wp-json\/wp\/v2\/pages\/68"}],"collection":[{"href":"https:\/\/cultural.edu.pe\/juliaca\/wp-json\/wp\/v2\/pages"}],"about":[{"href":"https:\/\/cultural.edu.pe\/juliaca\/wp-json\/wp\/v2\/types\/page"}],"author":[{"embeddable":true,"href":"https:\/\/cultural.edu.pe\/juliaca\/wp-json\/wp\/v2\/users\/7"}],"replies":[{"embeddable":true,"href":"https:\/\/cultural.edu.pe\/juliaca\/wp-json\/wp\/v2\/comments?post=68"}],"version-history":[{"count":59,"href":"https:\/\/cultural.edu.pe\/juliaca\/wp-json\/wp\/v2\/pages\/68\/revisions"}],"predecessor-version":[{"id":3707,"href":"https:\/\/cultural.edu.pe\/juliaca\/wp-json\/wp\/v2\/pages\/68\/revisions\/3707"}],"wp:featuredmedia":[{"embeddable":true,"href":"https:\/\/cultural.edu.pe\/juliaca\/wp-json\/wp\/v2\/media\/3706"}],"wp:attachment":[{"href":"https:\/\/cultural.edu.pe\/juliaca\/wp-json\/wp\/v2\/media?parent=68"}],"wp:term":[{"taxonomy":"post_tag","embeddable":true,"href":"https:\/\/cultural.edu.pe\/juliaca\/wp-json\/wp\/v2\/tags?post=68"},{"taxonomy":"tipo_pagina","embeddable":true,"href":"https:\/\/cultural.edu.pe\/juliaca\/wp-json\/wp\/v2\/tipo_pagina?post=68"}],"curies":[{"name":"wp","href":"https:\/\/api.w.org\/{rel}","templated":true}]}}