{"id":9,"date":"2020-10-16T01:28:56","date_gmt":"2020-10-16T06:28:56","guid":{"rendered":"https:\/\/cultural.edu.pe\/ilo\/?page_id=9"},"modified":"2025-11-06T09:09:32","modified_gmt":"2025-11-06T14:09:32","slug":"inicio","status":"publish","type":"page","link":"https:\/\/cultural.edu.pe\/ilo\/","title":{"rendered":"Inicio"},"content":{"rendered":"<p>[vc_section el_id=\u00bbhero\u00bb el_class=\u00bbhero\u00bb][vc_row][vc_column][vc_raw_html]JTVCc2xpZGVfaG9tZWhlcm8lNUQ=[\/vc_raw_html][\/vc_column][\/vc_row][\/vc_section][vc_section el_id=\u00bbaccesos-rapidos\u00bb][vc_row][vc_column width=\u00bb1\/4&#8243; el_class=\u00bbaccesos-izquierda\u00bb][vc_column_text]<\/p>\n<p style=\"text-align: left;\"><img loading=\"lazy\" decoding=\"async\" class=\"alignnone size-full wp-image-7734\" src=\"https:\/\/cultural.edu.pe\/wp-content\/uploads\/2023\/06\/alumno-accesos.png\" alt=\"\" width=\"42\" height=\"42\" \/>Ingresa directamente a<\/p>\n<p>[\/vc_column_text][\/vc_column][vc_column width=\u00bb3\/4&#8243; el_class=\u00bbaccesos-derecha\u00bb][vc_wp_custommenu nav_menu=\u00bb40&#8243;][\/vc_column][\/vc_row][\/vc_section][vc_section el_id=\u00bbnosotros\u00bb el_class=\u00bbsecciones\u00bb][vc_row][vc_column][vc_empty_space height=\u00bb40px\u00bb][\/vc_column][\/vc_row][vc_row][vc_column width=\u00bb1\/2&#8243;][vc_single_image image=\u00bb4317&#8243; img_size=\u00bbfull\u00bb alignment=\u00bbcenter\u00bb][\/vc_column][vc_column width=\u00bb1\/2&#8243;][vc_column_text el_class=\u00bbtitulos-secciones\u00bb]<\/p>\n<p style=\"text-align: left;\">M\u00e1s de 70 a\u00f1os impulsando el cambio<\/p>\n<h2 style=\"text-align: left;\">Centro Cultural Peruano Norteamericano<\/h2>\n<p>[\/vc_column_text][vc_column_text]<\/p>\n<p style=\"text-align: justify;\">Consolidados como una instituci\u00f3n promotora de la cultura y como centro de alto nivel en la ense\u00f1anza de ingl\u00e9s, manteniendo y mejorando nuestra calidad educativa.<\/p>\n<p style=\"text-align: justify;\">A lo largo de estos a\u00f1os hemos visto pasar por nuestros pasillos y aulas a muchas generaciones, las cuales recuerdan con felicidad y nostalgia sus a\u00f1os de preparaci\u00f3n del idioma universal, preparaci\u00f3n que les ha servido para alcanzar sus sue\u00f1os y metas.<\/p>\n<p>[\/vc_column_text][vc_btn title=\u00bbVer historia\u00bb style=\u00bbcustom\u00bb custom_background=\u00bb#ff2328&#8243; custom_text=\u00bb#ffffff\u00bb link=\u00bburl:https%3A%2F%2Fcultural.edu.pe%2Filo%2Fnosotros%2F|title:Nosotros\u00bb][\/vc_column][\/vc_row][\/vc_section][vc_section el_id=\u00bbnuestros-programas\u00bb][vc_row][vc_column][vc_empty_space height=\u00bb50px\u00bb][vc_column_text el_class=\u00bbtitulos-secciones\u00bb]<\/p>\n<p style=\"text-align: left;\">Las mejores lecciones de ingl\u00e9s<\/p>\n<h2 style=\"text-align: center;\">Nuestros programas y cursos<\/h2>\n<p>[\/vc_column_text][vc_raw_html]JTVCY2FycnVzZWxfcHJvZ3JhbWFzJTVE[\/vc_raw_html][\/vc_column][\/vc_row][\/vc_section][vc_section el_id=\u00bbexperiencia-cultural\u00bb el_class=\u00bbsecciones\u00bb][vc_row][vc_column][vc_column_text el_class=\u00bbtitulos-secciones\u00bb]<\/p>\n<p style=\"text-align: left;\">Estudia con nosotros<\/p>\n<h2 style=\"text-align: center;\">Vive la experiencia Cultural<\/h2>\n<p>[\/vc_column_text][vc_empty_space][\/vc_column][\/vc_row][vc_row][vc_column width=\u00bb1\/3&#8243;][vc_single_image image=\u00bb3419&#8243; img_size=\u00bbfull\u00bb alignment=\u00bbcenter\u00bb el_class=\u00bbimg-vive\u00bb][\/vc_column][vc_column width=\u00bb1\/3&#8243;][vc_column_text el_class=\u00bbitem-experiencia-cultural\u00bb]<\/p>\n<h4>Alianza estrat\u00e9gica<\/h4>\n<p><img decoding=\"async\" class=\"alignnone size-full wp-image-1828\" src=\"https:\/\/cultural.edu.pe\/wp-content\/uploads\/2020\/11\/logo-3.png\" alt=\"\" width=\"140\" \/><\/p>\n<p>Nuestra metodolog\u00eda educativa basada en actividades y experiencias ayudan a desarrollar tus competencias[\/vc_column_text][vc_column_text el_class=\u00bbitem-experiencia-cultural\u00bb]<\/p>\n<h4>Docentes certificados<\/h4>\n<p><img decoding=\"async\" class=\"alignnone size-full wp-image-1830\" src=\"https:\/\/cultural.edu.pe\/wp-content\/uploads\/2020\/11\/logo-2.png\" alt=\"\" width=\"250\" srcset=\"https:\/\/cultural.edu.pe\/ilo\/wp-content\/uploads\/2020\/11\/logo-2.png 462w, https:\/\/cultural.edu.pe\/ilo\/wp-content\/uploads\/2020\/11\/logo-2-300x61.png 300w\" sizes=\"(max-width: 462px) 100vw, 462px\" \/><\/p>\n<p>Nuestros docentes est\u00e1n certificados por Google para la ense\u00f1anza de ingles a trav\u00e9s de sus plataformas[\/vc_column_text][\/vc_column][vc_column width=\u00bb1\/3&#8243;][vc_column_text el_class=\u00bbitem-experiencia-cultural\u00bb]<\/p>\n<h4>Somos un American Spaces<\/h4>\n<p><img loading=\"lazy\" decoding=\"async\" class=\"alignnone size-full wp-image-1829\" src=\"https:\/\/cultural.edu.pe\/wp-content\/uploads\/2020\/11\/logo-4.png\" alt=\"\" width=\"354\" height=\"60\" srcset=\"https:\/\/cultural.edu.pe\/ilo\/wp-content\/uploads\/2020\/11\/logo-4.png 354w, https:\/\/cultural.edu.pe\/ilo\/wp-content\/uploads\/2020\/11\/logo-4-300x51.png 300w\" sizes=\"auto, (max-width: 354px) 100vw, 354px\" \/><\/p>\n<p>Contamos con las \u00fanicas oficinas de EducationUSA en el sur<br \/>\n(Espacio americano)[\/vc_column_text][\/vc_column][\/vc_row][\/vc_section][vc_section el_id=\u00bbportal-academico\u00bb el_class=\u00bbsecciones\u00bb][vc_row][vc_column width=\u00bb2\/3&#8243;][vc_empty_space height=\u00bb52px\u00bb][vc_column_text el_class=\u00bbportal-informativo\u00bb]<\/p>\n<h2 style=\"color: #ffffff;\">Portal Acad\u00e9mico<\/h2>\n<p style=\"color: #ffffff;\">Consulta tu informaci\u00f3n, matr\u00edcula web, notas y plataforma virtual National Geographic Learning.<\/p>\n<p>[\/vc_column_text][vc_btn title=\u00bbIngresar\u00bb style=\u00bbcustom\u00bb custom_background=\u00bb#ffbd4a\u00bb custom_text=\u00bb#ffffff\u00bb size=\u00bblg\u00bb i_icon_fontawesome=\u00bbfar fa-user\u00bb add_icon=\u00bbtrue\u00bb el_class=\u00bbbtn-acceso-portal\u00bb link=\u00bburl:https%3A%2F%2Fportalacademico.cultural.edu.pe%2Fcultural%2Fstudents|target:_blank\u00bb][\/vc_column][vc_column width=\u00bb1\/3&#8243;][vc_single_image image=\u00bb3420&#8243; img_size=\u00bb260&#215;260&#8243; alignment=\u00bbcenter\u00bb css=\u00bb.vc_custom_1698285640819{margin-bottom: 0px !important;}\u00bb el_class=\u00bbimg-portal\u00bb][\/vc_column][\/vc_row][\/vc_section][vc_section el_id=\u00bbeventos\u00bb][vc_row][vc_column][vc_empty_space height=\u00bb30px\u00bb][vc_raw_html]JTVCY2FycnVzZWxfZXZlbnRvcyU1RA==[\/vc_raw_html][\/vc_column][\/vc_row][\/vc_section][vc_section el_id=\u00bbnoticias\u00bb][vc_row][vc_column][vc_empty_space height=\u00bb30px\u00bb][vc_raw_html]JTVCY2FycnVzZWxfbm90aWNpYXMlNUQ=[\/vc_raw_html][\/vc_column][\/vc_row][\/vc_section]<\/p>\n","protected":false},"excerpt":{"rendered":"<p>[vc_section el_id=\u00bbhero\u00bb el_class=\u00bbhero\u00bb][vc_row][vc_column][vc_raw_html]JTVCc2xpZGVfaG9tZWhlcm8lNUQ=[\/vc_raw_html][\/vc_column][\/vc_row][\/vc_section][vc_section el_id=\u00bbaccesos-rapidos\u00bb][vc_row][vc_column width=\u00bb1\/4&#8243; el_class=\u00bbaccesos-izquierda\u00bb][vc_column_text] Ingresa directamente a [\/vc_column_text][\/vc_column][vc_column width=\u00bb3\/4&#8243; el_class=\u00bbaccesos-derecha\u00bb][vc_wp_custommenu nav_menu=\u00bb40&#8243;][\/vc_column][\/vc_row][\/vc_section][vc_section el_id=\u00bbnosotros\u00bb el_class=\u00bbsecciones\u00bb][vc_row][vc_column][vc_empty_space height=\u00bb40px\u00bb][\/vc_column][\/vc_row][vc_row][vc_column width=\u00bb1\/2&#8243;][vc_single_image image=\u00bb4317&#8243; img_size=\u00bbfull\u00bb alignment=\u00bbcenter\u00bb][\/vc_column][vc_column width=\u00bb1\/2&#8243;][vc_column_text el_class=\u00bbtitulos-secciones\u00bb] M\u00e1s de 70 a\u00f1os impulsando el cambio Centro [&hellip;]<\/p>\n","protected":false},"author":2,"featured_media":0,"parent":0,"menu_order":0,"comment_status":"closed","ping_status":"closed","template":"","meta":{"footnotes":""},"tags":[],"tipo_pagina":[],"class_list":["post-9","page","type-page","status-publish","hentry"],"acf":[],"_links":{"self":[{"href":"https:\/\/cultural.edu.pe\/ilo\/wp-json\/wp\/v2\/pages\/9","targetHints":{"allow":["GET"]}}],"collection":[{"href":"https:\/\/cultural.edu.pe\/ilo\/wp-json\/wp\/v2\/pages"}],"about":[{"href":"https:\/\/cultural.edu.pe\/ilo\/wp-json\/wp\/v2\/types\/page"}],"author":[{"embeddable":true,"href":"https:\/\/cultural.edu.pe\/ilo\/wp-json\/wp\/v2\/users\/2"}],"replies":[{"embeddable":true,"href":"https:\/\/cultural.edu.pe\/ilo\/wp-json\/wp\/v2\/comments?post=9"}],"version-history":[{"count":261,"href":"https:\/\/cultural.edu.pe\/ilo\/wp-json\/wp\/v2\/pages\/9\/revisions"}],"predecessor-version":[{"id":4318,"href":"https:\/\/cultural.edu.pe\/ilo\/wp-json\/wp\/v2\/pages\/9\/revisions\/4318"}],"wp:attachment":[{"href":"https:\/\/cultural.edu.pe\/ilo\/wp-json\/wp\/v2\/media?parent=9"}],"wp:term":[{"taxonomy":"post_tag","embeddable":true,"href":"https:\/\/cultural.edu.pe\/ilo\/wp-json\/wp\/v2\/tags?post=9"},{"taxonomy":"tipo_pagina","embeddable":true,"href":"https:\/\/cultural.edu.pe\/ilo\/wp-json\/wp\/v2\/tipo_pagina?post=9"}],"curies":[{"name":"wp","href":"https:\/\/api.w.org\/{rel}","templated":true}]}}