{"id":3977,"date":"2025-09-02T09:32:20","date_gmt":"2025-09-02T14:32:20","guid":{"rendered":"https:\/\/cultural.edu.pe\/ilo\/?page_id=3977"},"modified":"2025-11-06T12:56:38","modified_gmt":"2025-11-06T17:56:38","slug":"empresas","status":"publish","type":"page","link":"https:\/\/cultural.edu.pe\/ilo\/corporativo\/empresas\/","title":{"rendered":"Empresas"},"content":{"rendered":"<p>[vc_section][vc_row el_id=\u00bbintroE\u00bb el_class=\u00bbvc_row-has-fill\u00bb css=\u00bb.vc_custom_1727823603055{background-color: #f4f4f4 !important;}\u00bb][vc_column el_class=\u00bbintroE-body\u00bb][vc_column_text el_class=\u00bbintroE-title\u00bb]<\/p>\n<p style=\"text-align: left;\"><span class=\"first-subtitle\"><strong>Beneficios<\/strong><\/span><br \/>\n<span class=\"second-subtitle\"><strong>Ingl\u00e9s para empresas<\/strong><\/span><\/p>\n<p>[\/vc_column_text]<div class=\"uavc-list-icon uavc-list-icon-wrapper ult-adjust-bottom-margin introE-list  \"><ul class=\"uavc-list\"><li><div class=\"uavc-list-content\" id=\"list-icon-wrap-9192\">\n<div class=\"uavc-list-icon  \" data-animation=\"\" data-animation-delay=\"03\" style=\"margin-right:15px;\"><div class=\"ult-just-icon-wrapper  \"><div class=\"align-icon\" style=\"text-align:center;\">\n<div class=\"aio-icon none \"  style=\"color:#df4f3e;font-size:24px;display:inline-block;\">\n\t<i class=\"Defaults-check\"><\/i>\n<\/div><\/div><\/div>\n<\/div><span  data-ultimate-target='#list-icon-wrap-9192 .uavc-list-desc'  data-responsive-json-new='{\"font-size\":\"\",\"line-height\":\"\"}'  class=\"uavc-list-desc ult-responsive\" style=\"\">Doble certificaci\u00f3n CULTURAL + TOEFL iTP.<\/span><\/div><\/li><li><div class=\"uavc-list-content\" id=\"list-icon-wrap-1976\">\n<div class=\"uavc-list-icon  \" data-animation=\"\" data-animation-delay=\"03\" style=\"margin-right:15px;\"><div class=\"ult-just-icon-wrapper  \"><div class=\"align-icon\" style=\"text-align:center;\">\n<div class=\"aio-icon none \"  style=\"color:#df4f3e;font-size:24px;display:inline-block;\">\n\t<i class=\"Defaults-check\"><\/i>\n<\/div><\/div><\/div>\n<\/div><span  data-ultimate-target='#list-icon-wrap-1976 .uavc-list-desc'  data-responsive-json-new='{\"font-size\":\"\",\"line-height\":\"\"}'  class=\"uavc-list-desc ult-responsive\" style=\"\">Metodolog\u00eda ConneXion Cultural: \u00danica metodolog\u00eda que integra las mejores pr\u00e1cticas de m\u00faltiples corrientes internacionales con la experiencia y toque especial del Cultural.<\/span><\/div><\/li><li><div class=\"uavc-list-content\" id=\"list-icon-wrap-5170\">\n<div class=\"uavc-list-icon  \" data-animation=\"\" data-animation-delay=\"03\" style=\"margin-right:15px;\"><div class=\"ult-just-icon-wrapper  \"><div class=\"align-icon\" style=\"text-align:center;\">\n<div class=\"aio-icon none \"  style=\"color:#df4f3e;font-size:24px;display:inline-block;\">\n\t<i class=\"Defaults-check\"><\/i>\n<\/div><\/div><\/div>\n<\/div><span  data-ultimate-target='#list-icon-wrap-5170 .uavc-list-desc'  data-responsive-json-new='{\"font-size\":\"\",\"line-height\":\"\"}'  class=\"uavc-list-desc ult-responsive\" style=\"\">Clases 100% en vivo, h\u00edbridas.<\/span><\/div><\/li><li><div class=\"uavc-list-content\" id=\"list-icon-wrap-8814\">\n<div class=\"uavc-list-icon sub-list \" data-animation=\"\" data-animation-delay=\"03\" style=\"margin-right:15px;\"><div class=\"ult-just-icon-wrapper  \"><div class=\"align-icon\" style=\"text-align:center;\">\n<div class=\"aio-icon none \"  style=\"color:#df4f3e;font-size:24px;display:inline-block;\">\n\t<i class=\"Defaults-check\"><\/i>\n<\/div><\/div><\/div>\n<\/div><span  data-ultimate-target='#list-icon-wrap-8814 .uavc-list-desc'  data-responsive-json-new='{\"font-size\":\"\",\"line-height\":\"\"}'  class=\"uavc-list-desc ult-responsive\" style=\"\">Acceso al apoyo con Asesor\u00eda Educacional:<\/p>\n<ul>\n<li>Ex\u00e1menes internacionales.<\/li>\n<li>Viajes de Inmersi\u00f3n a Estados Unidos.<\/li>\n<li>Asesor\u00eda para estudios en Estados Unidos.<\/li>\n<li>Asesor\u00eda para la obtenci\u00f3n de visa.<\/li>\n<\/ul>\n<p><\/span><\/div><\/li><li><div class=\"uavc-list-content\" id=\"list-icon-wrap-2312\">\n<div class=\"uavc-list-icon  \" data-animation=\"\" data-animation-delay=\"03\" style=\"margin-right:15px;\"><div class=\"ult-just-icon-wrapper  \"><div class=\"align-icon\" style=\"text-align:center;\">\n<div class=\"aio-icon none \"  style=\"color:#df4f3e;font-size:24px;display:inline-block;\">\n\t<i class=\"Defaults-check\"><\/i>\n<\/div><\/div><\/div>\n<\/div><span  data-ultimate-target='#list-icon-wrap-2312 .uavc-list-desc'  data-responsive-json-new='{\"font-size\":\"\",\"line-height\":\"\"}'  class=\"uavc-list-desc ult-responsive\" style=\"\">\u00a1Eventos culturales y mucho m\u00e1s!<\/span><\/div><\/li><\/ul><\/div>[vc_single_image image=\u00bb3978&#8243; img_size=\u00bbfull\u00bb el_class=\u00bbintroE-img marginB-0 hide-elem\u00bb][\/vc_column][\/vc_row][vc_row el_id=\u00bbcorporativo-intro\u00bb el_class=\u00bbvc_row-has-fill\u00bb][vc_column][vc_column_text el_class=\u00bbintroE-title\u00bb]<\/p>\n<p style=\"text-align: left;\"><span class=\"first-subtitle\"><strong>R\u00e1pido y efectivo<\/strong><\/span><br \/>\n<span class=\"second-subtitle\"><strong>1. Ingl\u00e9s corporativo<\/strong><\/span><\/p>\n<p>[\/vc_column_text][vc_column_text el_class=\u00bbtext-justify\u00bb]Orientado al sector corporativo para ofrecer a sus colaboradores la oportunidad de aprender ingl\u00e9s de manera r\u00e1pida y efectiva de forma individual o grupal, con el apoyo de nuestros profesores altamente calificados.[\/vc_column_text]<div class=\"ult-content-box-container cards-container\" >\t\t<div class=\"ult-content-box\" style=\"box-shadow: px px px px none;-webkit-transition: all 700ms ease;-moz-transition: all 700ms ease;-ms-transition: all 700ms ease;-o-transition: all 700ms ease;transition: all 700ms ease;\"  data-hover_box_shadow=\"none\"    ><div class=\"aio-icon-component   card-content style_1\"><div id=\"Info-box-wrap-4337\" class=\"aio-icon-box top-icon\" style=\"\"  ><div class=\"aio-icon-top\"><div class=\"ult-just-icon-wrapper  \"><div class=\"align-icon\" style=\"text-align:center;\">\n<div class=\"aio-icon-img \" style=\"font-size:100px;display:inline-block;\" >\n\t<img decoding=\"async\" class=\"img-icon\" alt=\"null\" src=\"https:\/\/cultural.edu.pe\/wp-content\/uploads\/2024\/09\/adaptacion.png\"\/>\n<\/div><\/div><\/div><\/div><div class=\"aio-icon-description ult-responsive\"  data-ultimate-target='#Info-box-wrap-4337 .aio-icon-description'  data-responsive-json-new='{\"font-size\":\"\",\"line-height\":\"\"}'  style=\"\"><\/p>\n<p style=\"text-align: center;\">Nos adaptamos a sus necesidades ofreciendo variedad de horarios, modalidades y niveles de estudio.<\/p>\n<p><\/div> <!-- description --><\/div> <!-- aio-icon-box --><\/div> <!-- aio-icon-component --><div class=\"aio-icon-component   card-content style_1\"><div id=\"Info-box-wrap-9363\" class=\"aio-icon-box top-icon\" style=\"\"  ><div class=\"aio-icon-top\"><div class=\"ult-just-icon-wrapper  \"><div class=\"align-icon\" style=\"text-align:center;\">\n<div class=\"aio-icon-img \" style=\"font-size:100px;display:inline-block;\" >\n\t<img decoding=\"async\" class=\"img-icon\" alt=\"null\" src=\"https:\/\/cultural.edu.pe\/wp-content\/uploads\/2024\/09\/a-tiempo.png\"\/>\n<\/div><\/div><\/div><\/div><div class=\"aio-icon-description ult-responsive\"  data-ultimate-target='#Info-box-wrap-9363 .aio-icon-description'  data-responsive-json-new='{\"font-size\":\"\",\"line-height\":\"\"}'  style=\"\"><\/p>\n<p style=\"text-align: center;\">Flexibilidad de acuerdo a la cantidad de horas que soliciten.<\/p>\n<p><\/div> <!-- description --><\/div> <!-- aio-icon-box --><\/div> <!-- aio-icon-component --><div class=\"aio-icon-component   card-content style_1\"><div id=\"Info-box-wrap-4991\" class=\"aio-icon-box top-icon\" style=\"\"  ><div class=\"aio-icon-top\"><div class=\"ult-just-icon-wrapper  \"><div class=\"align-icon\" style=\"text-align:center;\">\n<div class=\"aio-icon-img \" style=\"font-size:100px;display:inline-block;\" >\n\t<img decoding=\"async\" class=\"img-icon\" alt=\"null\" src=\"https:\/\/cultural.edu.pe\/wp-content\/uploads\/2024\/09\/publico-objetivo.png\"\/>\n<\/div><\/div><\/div><\/div><div class=\"aio-icon-description ult-responsive\"  data-ultimate-target='#Info-box-wrap-4991 .aio-icon-description'  data-responsive-json-new='{\"font-size\":\"\",\"line-height\":\"\"}'  style=\"\"><\/p>\n<p style=\"text-align: center;\">Ingl\u00e9s orientado a objetivos espec\u00edficos.<\/p>\n<p><\/div> <!-- description --><\/div> <!-- aio-icon-box --><\/div> <!-- aio-icon-component --><div class=\"aio-icon-component   card-content style_1\"><div id=\"Info-box-wrap-1017\" class=\"aio-icon-box top-icon\" style=\"\"  ><div class=\"aio-icon-top\"><div class=\"ult-just-icon-wrapper  \"><div class=\"align-icon\" style=\"text-align:center;\">\n<div class=\"aio-icon-img \" style=\"font-size:100px;display:inline-block;\" >\n\t<img decoding=\"async\" class=\"img-icon\" alt=\"null\" src=\"https:\/\/cultural.edu.pe\/wp-content\/uploads\/2024\/09\/aprendizaje-de-idiomas.png\"\/>\n<\/div><\/div><\/div><\/div><div class=\"aio-icon-description ult-responsive\"  data-ultimate-target='#Info-box-wrap-1017 .aio-icon-description'  data-responsive-json-new='{\"font-size\":\"\",\"line-height\":\"\"}'  style=\"\"><\/p>\n<p style=\"text-align: center;\">Traductores a su disposici\u00f3n para conferencias y reuniones corporativas.<\/p>\n<p><\/div> <!-- description --><\/div> <!-- aio-icon-box --><\/div> <!-- aio-icon-component -->\t\t<\/div><\/div>[\/vc_column][\/vc_row][vc_row el_class=\u00bbvc_row-has-fill nuestros-clientes\u00bb css=\u00bb.vc_custom_1727891329382{background-color: #ffffff !important;}\u00bb][vc_column][vc_column_text el_class=\u00bbintroE-title\u00bb]<\/p>\n<p style=\"text-align: left;\"><span class=\"second-subtitle\"><strong>Conf\u00edan en nosotros<\/strong><\/span><\/p>\n<p>[\/vc_column_text]<div class=\"ult-content-box-container edu-container-logos\" >\t\t<div class=\"ult-content-box\" style=\"box-shadow: px px px px none;-webkit-transition: all 700ms ease;-moz-transition: all 700ms ease;-ms-transition: all 700ms ease;-o-transition: all 700ms ease;transition: all 700ms ease;\"  data-hover_box_shadow=\"none\"    >[vc_single_image image=\u00bb1339&#8243; img_size=\u00bbfull\u00bb el_class=\u00bbmarginB0-mobile\u00bb]\t\t<\/div><\/div>[\/vc_column][\/vc_row][vc_row content_placement=\u00bbmiddle\u00bb el_id=\u00bbedu-intro\u00bb el_class=\u00bbvc_row-has-fill\u00bb][vc_column el_class=\u00bbedu-body\u00bb]<div class=\"ult-content-box-container edu-content\" >\t\t<div class=\"ult-content-box\" style=\"box-shadow: px px px px none;-webkit-transition: all 700ms ease;-moz-transition: all 700ms ease;-ms-transition: all 700ms ease;-o-transition: all 700ms ease;transition: all 700ms ease;\"  data-hover_box_shadow=\"none\"    >[vc_column_text el_class=\u00bbintroE-title\u00bb]<\/p>\n<p style=\"text-align: left;\"><span class=\"first-subtitle\"><strong>Universidades, Institutos y Colegios<\/strong><\/span><br \/>\n<span class=\"second-subtitle\"><strong>2. Instituciones Educativas<\/strong><\/span><\/p>\n<p>[\/vc_column_text][vc_column_text el_class=\u00bbtext-justify\u00bb]El Cultural propone a las instituciones educativas crear una sinergia educativa en beneficio de los alumnos, poniendo a su disposici\u00f3n la ense\u00f1anza del idioma ingl\u00e9s, con nuestra metodolog\u00eda acreditada por CEA. Ofrecemos tambi\u00e9n cursos de preparaci\u00f3n para ex\u00e1menes internacionales.[\/vc_column_text]<div class=\"aio-icon-component   edu-info-box style_1\"><div id=\"Info-box-wrap-4467\" class=\"aio-icon-box left-icon\" style=\"\"  ><div class=\"aio-icon-left\"><div class=\"ult-just-icon-wrapper  \"><div class=\"align-icon\" style=\"text-align:center;\">\n<div class=\"aio-icon-img \" style=\"font-size:56px;display:inline-block;\" >\n\t<img decoding=\"async\" class=\"img-icon\" alt=\"null\" src=\"https:\/\/cultural.edu.pe\/wp-content\/uploads\/2024\/10\/icon-actuacion.png\"\/>\n<\/div><\/div><\/div><\/div><div class=\"aio-ibd-block\"><div class=\"aio-icon-description ult-responsive\"  data-ultimate-target='#Info-box-wrap-4467 .aio-icon-description'  data-responsive-json-new='{\"font-size\":\"\",\"line-height\":\"\"}'  style=\"\">Para sus colaboradores, contamos con programas de especializaci\u00f3n de ingl\u00e9s para negocios, comunicaci\u00f3n efectiva, entre otros.<\/div> <!-- description --><\/div> <!-- aio-ibd-block --><\/div> <!-- aio-icon-box --><\/div> <!-- aio-icon-component -->\t\t<\/div><\/div>[vc_single_image image=\u00bb4335&#8243; img_size=\u00bbfull\u00bb alignment=\u00bbcenter\u00bb el_class=\u00bbedu-img\u00bb][\/vc_column][\/vc_row][vc_row disable_element=\u00bbyes\u00bb el_class=\u00bbvc_row-has-fill nuestros-clientes\u00bb css=\u00bb.vc_custom_1756823243154{background-color: #ffffff !important;}\u00bb][vc_column][vc_column_text el_class=\u00bbintroE-title\u00bb]<\/p>\n<p style=\"text-align: left;\"><span class=\"second-subtitle\"><strong>Conf\u00edan en nosotros<\/strong><\/span><\/p>\n<p>[\/vc_column_text]<div class=\"ult-content-box-container edu-container-logos\" >\t\t<div class=\"ult-content-box\" style=\"box-shadow: px px px px none;-webkit-transition: all 700ms ease;-moz-transition: all 700ms ease;-ms-transition: all 700ms ease;-o-transition: all 700ms ease;transition: all 700ms ease;\"  data-hover_box_shadow=\"none\"    >[vc_single_image image=\u00bb1344&#8243; img_size=\u00bbmedium\u00bb alignment=\u00bbcenter\u00bb][vc_single_image image=\u00bb1345&#8243; img_size=\u00bbmedium\u00bb alignment=\u00bbcenter\u00bb][vc_single_image image=\u00bb2364&#8243; img_size=\u00bbmedium\u00bb alignment=\u00bbcenter\u00bb]\t\t<\/div><\/div>[vc_empty_space height=\u00bb60px\u00bb][\/vc_column][\/vc_row][vc_row][vc_column][vc_empty_space height=\u00bb50px\u00bb][\/vc_column][\/vc_row][\/vc_section][vc_row full_width=\u00bbstretch_row\u00bb css=\u00bb.vc_custom_1608090049106{background-color: #2e3192 !important;}\u00bb el_class=\u00bbformulario-footer\u00bb][vc_column][vc_empty_space height=\u00bb50px\u00bb][vc_custom_heading text=\u00bbObt\u00e9n m\u00e1s informaci\u00f3n\u00bb font_container=\u00bbtag:h4|text_align:left|color:%23ffffff\u00bb use_theme_fonts=\u00bbyes\u00bb][vc_column_text]<\/p>\n<p style=\"color: #29abe2; font-weight: 500;\">\u00bfTienes dudas o consultas? Por favor llena el siguiente formulario para ayudarte.<\/p>\n<p>[\/vc_column_text]<div class=\"wpforms-container wpforms-container-full formulario-descuento\" id=\"wpforms-1812\"><form id=\"wpforms-form-1812\" class=\"wpforms-validate wpforms-form wpforms-ajax-form\" data-formid=\"1812\" method=\"post\" enctype=\"multipart\/form-data\" action=\"\/ilo\/wp-json\/wp\/v2\/pages\/3977\" data-token=\"7cf784e45886b1de0634ad6c53993e47\" data-token-time=\"1775402177\"><noscript class=\"wpforms-error-noscript\">Por favor, activa JavaScript en tu navegador para completar este formulario.<\/noscript><div class=\"wpforms-field-container\"><div id=\"wpforms-1812-field_10-container\" class=\"wpforms-field wpforms-field-text input-oculto\" data-field-id=\"10\"><label class=\"wpforms-field-label wpforms-label-hide\" for=\"wpforms-1812-field_10\">Fecha<\/label><input type=\"text\" id=\"wpforms-1812-field_10\" class=\"wpforms-field-medium\" name=\"wpforms[fields][10]\" value=\"05-04-2026 10:16:17\" ><\/div><div id=\"wpforms-1812-field_6-container\" class=\"wpforms-field wpforms-field-text\" data-field-id=\"6\"><label class=\"wpforms-field-label wpforms-label-hide\" for=\"wpforms-1812-field_6\">Nombres completos <span class=\"wpforms-required-label\">*<\/span><\/label><input type=\"text\" id=\"wpforms-1812-field_6\" class=\"wpforms-field-medium wpforms-field-required\" name=\"wpforms[fields][6]\" placeholder=\"Nombre Completo\" required><\/div><div id=\"wpforms-1812-field_1-container\" class=\"wpforms-field wpforms-field-email\" data-field-id=\"1\"><label class=\"wpforms-field-label wpforms-label-hide\" for=\"wpforms-1812-field_1\">Correo electr\u00f3nico <span class=\"wpforms-required-label\">*<\/span><\/label><input type=\"email\" id=\"wpforms-1812-field_1\" class=\"wpforms-field-medium wpforms-field-required\" name=\"wpforms[fields][1]\" placeholder=\"Correo electr\u00f3nico\" spellcheck=\"false\" required><\/div><div id=\"wpforms-1812-field_3-container\" class=\"wpforms-field wpforms-field-number\" data-field-id=\"3\"><label class=\"wpforms-field-label wpforms-label-hide\" for=\"wpforms-1812-field_3\">Tel\u00e9fono\/Celular <span class=\"wpforms-required-label\">*<\/span><\/label><input type=\"number\" id=\"wpforms-1812-field_3\" class=\"wpforms-field-medium wpforms-field-required\" name=\"wpforms[fields][3]\" placeholder=\"Tel\u00e9fono\/celular\" step=\"any\" required><\/div><div id=\"wpforms-1812-field_7-container\" class=\"wpforms-field wpforms-field-textarea\" data-field-id=\"7\"><label class=\"wpforms-field-label wpforms-label-hide\" for=\"wpforms-1812-field_7\">Mensaje: <span class=\"wpforms-required-label\">*<\/span><\/label><textarea id=\"wpforms-1812-field_7\" class=\"wpforms-field-medium wpforms-field-required\" name=\"wpforms[fields][7]\" placeholder=\"Mensaje\" required><\/textarea><\/div><div id=\"wpforms-1812-field_8-container\" class=\"wpforms-field wpforms-field-text input-oculto\" data-field-id=\"8\"><label class=\"wpforms-field-label wpforms-label-hide\" for=\"wpforms-1812-field_8\">Consulta de<\/label><input type=\"text\" id=\"wpforms-1812-field_8\" class=\"wpforms-field-medium\" name=\"wpforms[fields][8]\" ><\/div><div id=\"wpforms-1812-field_9-container\" class=\"wpforms-field wpforms-field-text input-oculto\" data-field-id=\"9\"><label class=\"wpforms-field-label wpforms-label-hide\" for=\"wpforms-1812-field_9\">URL de la pagina<\/label><input type=\"text\" id=\"wpforms-1812-field_9\" class=\"wpforms-field-medium\" name=\"wpforms[fields][9]\" value=\"https:\/\/cultural.edu.pe\/ilo\/wp-json\/wp\/v2\/pages\/3977\" ><\/div><div id=\"wpforms-1812-field_4-container\" class=\"wpforms-field wpforms-field-checkbox\" data-field-id=\"4\"><label class=\"wpforms-field-label wpforms-label-hide\">\u00bfAcepta pol\u00edticas de privacidad? <span class=\"wpforms-required-label\">*<\/span><\/label><ul id=\"wpforms-1812-field_4\" class=\"wpforms-field-required\"><li class=\"choice-1 depth-1\"><input type=\"checkbox\" id=\"wpforms-1812-field_4_1\" name=\"wpforms[fields][4][]\" value=\"He le\u00eddo y acepto la &lt;a href=&quot;https:\/\/cultural.edu.pe\/ilo\/politica-privacidad\/&quot;&gt;Pol\u00edtica de Privacidad del sitio&lt;\/a&gt;\" required ><label class=\"wpforms-field-label-inline\" for=\"wpforms-1812-field_4_1\">He le\u00eddo y acepto la <a href=\"https:\/\/cultural.edu.pe\/ilo\/politica-privacidad\/\">Pol\u00edtica de Privacidad del sitio<\/a><\/label><\/li><\/ul><\/div><\/div><!-- .wpforms-field-container --><div class=\"wpforms-submit-container\" ><input type=\"hidden\" name=\"wpforms[id]\" value=\"1812\"><input type=\"hidden\" name=\"page_title\" value=\"\"><input type=\"hidden\" name=\"page_url\" value=\"https:\/\/cultural.edu.pe\/ilo\/wp-json\/wp\/v2\/pages\/3977\"><input type=\"hidden\" name=\"url_referer\" value=\"\"><button type=\"submit\" name=\"wpforms[submit]\" id=\"wpforms-submit-1812\" class=\"wpforms-submit\" data-alt-text=\"Enviando...\" data-submit-text=\"Enviar\" aria-live=\"assertive\" value=\"wpforms-submit\">Enviar<\/button><img loading=\"lazy\" decoding=\"async\" src=\"https:\/\/cultural.edu.pe\/ilo\/wp-content\/plugins\/wpforms-lite\/assets\/images\/submit-spin.svg\" class=\"wpforms-submit-spinner\" style=\"display: none;\" width=\"26\" height=\"26\" alt=\"Cargando\"><\/div><\/form><\/div>  <!-- .wpforms-container -->[vc_empty_space height=\u00bb30px\u00bb][\/vc_column][\/vc_row][vc_row disable_element=\u00bbyes\u00bb el_id=\u00bbNo-tocar-por-favor\u00bb][vc_column][vc_raw_js]JTNDc2NyaXB0JTNFJTBBJTIxJTI4ZnVuY3Rpb24lMjglMjQlMjklMjAlN0IlMEElMDklMjQlMjhkb2N1bWVudCUyOS5yZWFkeSUyOGZ1bmN0aW9uJTI4JTI5JTIwJTdCJTBBJTA5JTA5JTI0JTI4JTI3LmUtbmF2JTIwbGklMjBhJTI3JTI5Lm9uJTI4JTI3Y2xpY2slMjclMkMlMjBmdW5jdGlvbiUyOGUlMjklMjAlN0IlMEElMDklMDklMDllLnByZXZlbnREZWZhdWx0JTI4JTI5JTNCJTBBJTA5JTA5JTA5dmFyJTIwaGFzaCUyMCUzRCUyMCUyNCUyOHRoaXMlMjkuYXR0ciUyOCUyN2hyZWYlMjclMjklM0IlMEElMDklMDklMDklMjQlMjglMjcuZS1uYXYlMjBsaSUyMGElMjclMjkucmVtb3ZlQ2xhc3MlMjglMjdhY3RpdmUlMjclMjklM0IlMEElMDklMDklMDklMjQlMjh0aGlzJTI5LmFkZENsYXNzJTI4JTI3YWN0aXZlJTI3JTI5JTNCJTBBJTA5JTA5JTdEJTI5JTNCJTBBJTA5JTA5JTBBJTBBJTA5JTA5dmFyJTIwaGFzaCUyMCUzRCUyMHdpbmRvdy5sb2NhdGlvbi5oYXNoJTNCJTBBJTA5JTA5aWYlMjAlMjhoYXNoJTI5JTIwJTdCJTBBJTA5JTA5JTA5JTI0JTI4JTI3LmUtbmF2JTIwbGklMjBhJTVCaHJlZiUzRCUyMiUyNyUyMCUyQiUyMGhhc2glMjAlMkIlMjAlMjclMjIlNUQlMjclMjkuYWRkQ2xhc3MlMjglMjdhY3RpdmUlMjclMjklM0IlMEElMDklMDklN0QlMjBlbHNlJTIwJTdCJTBBJTA5JTA5JTA5JTI0JTI4JTI3LmUtbmF2JTIwbGklM0FmaXJzdC1jaGlsZCUyMGElMjclMjkuYWRkQ2xhc3MlMjglMjdhY3RpdmUlMjclMjklM0IlMEElMDklMDklN0QlMEElMDklN0QlMjklM0IlMEElN0QlMjklMjhqUXVlcnklMjklM0IlMEElM0MlMkZzY3JpcHQlM0U=[\/vc_raw_js][\/vc_column][\/vc_row]<\/p>\n","protected":false},"excerpt":{"rendered":"<p>El presente curso est\u00e1 orientado al sector corporativo, ofreciendo a nuestros clientes la oportunidad de aprender ingl\u00e9s de manera r\u00e1pida y efectiva.<\/p>\n","protected":false},"author":7,"featured_media":3979,"parent":89,"menu_order":0,"comment_status":"closed","ping_status":"closed","template":"","meta":{"footnotes":""},"tags":[],"tipo_pagina":[41],"class_list":["post-3977","page","type-page","status-publish","has-post-thumbnail","hentry","tipo_pagina-corporativo"],"acf":[],"_links":{"self":[{"href":"https:\/\/cultural.edu.pe\/ilo\/wp-json\/wp\/v2\/pages\/3977","targetHints":{"allow":["GET"]}}],"collection":[{"href":"https:\/\/cultural.edu.pe\/ilo\/wp-json\/wp\/v2\/pages"}],"about":[{"href":"https:\/\/cultural.edu.pe\/ilo\/wp-json\/wp\/v2\/types\/page"}],"author":[{"embeddable":true,"href":"https:\/\/cultural.edu.pe\/ilo\/wp-json\/wp\/v2\/users\/7"}],"replies":[{"embeddable":true,"href":"https:\/\/cultural.edu.pe\/ilo\/wp-json\/wp\/v2\/comments?post=3977"}],"version-history":[{"count":6,"href":"https:\/\/cultural.edu.pe\/ilo\/wp-json\/wp\/v2\/pages\/3977\/revisions"}],"predecessor-version":[{"id":3982,"href":"https:\/\/cultural.edu.pe\/ilo\/wp-json\/wp\/v2\/pages\/3977\/revisions\/3982"}],"up":[{"embeddable":true,"href":"https:\/\/cultural.edu.pe\/ilo\/wp-json\/wp\/v2\/pages\/89"}],"wp:featuredmedia":[{"embeddable":true,"href":"https:\/\/cultural.edu.pe\/ilo\/wp-json\/wp\/v2\/media\/3979"}],"wp:attachment":[{"href":"https:\/\/cultural.edu.pe\/ilo\/wp-json\/wp\/v2\/media?parent=3977"}],"wp:term":[{"taxonomy":"post_tag","embeddable":true,"href":"https:\/\/cultural.edu.pe\/ilo\/wp-json\/wp\/v2\/tags?post=3977"},{"taxonomy":"tipo_pagina","embeddable":true,"href":"https:\/\/cultural.edu.pe\/ilo\/wp-json\/wp\/v2\/tipo_pagina?post=3977"}],"curies":[{"name":"wp","href":"https:\/\/api.w.org\/{rel}","templated":true}]}}