{"id":3200,"date":"2021-09-12T23:33:38","date_gmt":"2021-09-13T04:33:38","guid":{"rendered":"https:\/\/cultural.edu.pe\/ilo\/?page_id=3200"},"modified":"2025-10-31T12:16:20","modified_gmt":"2025-10-31T17:16:20","slug":"archivo-audiovisual","status":"publish","type":"page","link":"https:\/\/cultural.edu.pe\/ilo\/archivo-audiovisual\/","title":{"rendered":"Archivo audiovisual"},"content":{"rendered":"<p>[vc_row][vc_column][vc_empty_space height=\u00bb70px\u00bb][vc_row_inner][vc_column_inner][vc_column_text]<\/p>\n<h2>Archivo<\/h2>\n<p>Los centros culturales son una fuente muy importante para el estudio y la investigaci\u00f3n, por ello ofrecemos un repositorio que contiene textos y material audiovisual de inter\u00e9s cultural.[\/vc_column_text]<div class=\"aio-icon-component   item-reconocimiento style_2\"><a class=\"aio-icon-box-link\" href=\"https:\/\/fb.watch\/2d_R3wrmcC\/\" target=\"_blank\" rel=\"noopener\"><div id=\"Info-box-wrap-7230\" class=\"aio-icon-box square_box-icon\" style=\"border-color:#111111;border-width:3px;background-color:#ffffff;\" data-min-height='80px' ><div class=\"aio-icon-header\" ><h5 class=\"aio-icon-title ult-responsive\"  data-ultimate-target='#Info-box-wrap-7230 .aio-icon-title'  data-responsive-json-new='{\"font-size\":\"\",\"line-height\":\"\"}'  style=\"\">Coversatorio con Pablo Quintanilla:<\/h5><\/div> <!-- header --><div class=\"aio-icon-description ult-responsive\"  data-ultimate-target='#Info-box-wrap-7230 .aio-icon-description'  data-responsive-json-new='{\"font-size\":\"\",\"line-height\":\"\"}'  style=\"color:#0a0a0a;\"><\/p>\n<p style=\"text-align: left;\">La filosof\u00eda en tiempos de crisis global y pandemia<\/p>\n<p class=\"color-lightblue\">Clic aqu\u00ed<\/p>\n<p><\/div> <!-- description --><\/div> <!-- aio-icon-box --><\/a><\/div> <!-- aio-icon-component --><div class=\"aio-icon-component   item-reconocimiento style_2\"><a class=\"aio-icon-box-link\" href=\"https:\/\/fb.watch\/2d_ZFhOB7A\/\" target=\"_blank\" rel=\"noopener\"><div id=\"Info-box-wrap-3649\" class=\"aio-icon-box square_box-icon\" style=\"border-color:#111111;border-width:3px;background-color:#ffffff;\" data-min-height='80px' ><div class=\"aio-icon-header\" ><h5 class=\"aio-icon-title ult-responsive\"  data-ultimate-target='#Info-box-wrap-3649 .aio-icon-title'  data-responsive-json-new='{\"font-size\":\"\",\"line-height\":\"\"}'  style=\"\">Presentaci\u00f3n y conversatorio de la muestra colectiva:<\/h5><\/div> <!-- header --><div class=\"aio-icon-description ult-responsive\"  data-ultimate-target='#Info-box-wrap-3649 .aio-icon-description'  data-responsive-json-new='{\"font-size\":\"\",\"line-height\":\"\"}'  style=\"color:#0a0a0a;\"><\/p>\n<p style=\"text-align: left;\">Adi\u00f3s 2020<\/p>\n<p class=\"color-lightblue\">Clic aqu\u00ed<\/p>\n<p><\/div> <!-- description --><\/div> <!-- aio-icon-box --><\/a><\/div> <!-- aio-icon-component --><div class=\"aio-icon-component   item-reconocimiento ultimo-item-reconocimiento style_2\"><a class=\"aio-icon-box-link\" href=\"https:\/\/www.youtube.com\/playlist?list=PLZ3iCRx32YPCgRnfIyc0S4lrJFWM1ppe4\" target=\"_blank\" rel=\"noopener\"><div id=\"Info-box-wrap-7703\" class=\"aio-icon-box square_box-icon\" style=\"border-color:#111111;border-width:3px;background-color:#ffffff;\" data-min-height='80px' ><div class=\"aio-icon-header\" ><h5 class=\"aio-icon-title ult-responsive\"  data-ultimate-target='#Info-box-wrap-7703 .aio-icon-title'  data-responsive-json-new='{\"font-size\":\"\",\"line-height\":\"\"}'  style=\"\">Charlas culturales, un espacio donde conoceremos de la mano de diversas personalidades del medio cultural y creativo<\/h5><\/div> <!-- header --><div class=\"aio-icon-description ult-responsive\"  data-ultimate-target='#Info-box-wrap-7703 .aio-icon-description'  data-responsive-json-new='{\"font-size\":\"\",\"line-height\":\"\"}'  style=\"color:#0a0a0a;\"><\/p>\n<p style=\"text-align: left;\"><span style=\"color: #000000;\"><strong>Como enfrentan la pandemia y que piensan sobre el futuro.<\/strong><\/span><\/p>\n<p class=\"color-lightblue\">Clic aqu\u00ed<\/p>\n<p><\/div> <!-- description --><\/div> <!-- aio-icon-box --><\/a><\/div> <!-- aio-icon-component --><div class=\"aio-icon-component   item-reconocimiento style_2\"><a class=\"aio-icon-box-link\" href=\"https:\/\/fb.watch\/2d-49dSNz7\/\" target=\"_blank\" rel=\"noopener\"><div id=\"Info-box-wrap-5603\" class=\"aio-icon-box square_box-icon\" style=\"border-color:#111111;border-width:3px;background-color:#ffffff;\" data-min-height='80px' ><div class=\"aio-icon-header\" ><h5 class=\"aio-icon-title ult-responsive\"  data-ultimate-target='#Info-box-wrap-5603 .aio-icon-title'  data-responsive-json-new='{\"font-size\":\"\",\"line-height\":\"\"}'  style=\"\">Presentaci\u00f3n virtual por el d\u00eda del m\u00fasico a cargo del Conservatorio Regional de M\u00fasica Luis Duncker Lavalle<\/h5><\/div> <!-- header --><div class=\"aio-icon-description ult-responsive\"  data-ultimate-target='#Info-box-wrap-5603 .aio-icon-description'  data-responsive-json-new='{\"font-size\":\"\",\"line-height\":\"\"}'  style=\"\"><\/p>\n<p class=\"color-lightblue\">Clic aqu\u00ed<\/p>\n<p><\/div> <!-- description --><\/div> <!-- aio-icon-box --><\/a><\/div> <!-- aio-icon-component --><div class=\"aio-icon-component   item-reconocimiento style_2\"><a class=\"aio-icon-box-link\" href=\"https:\/\/www.youtube.com\/playlist?list=PLZ3iCRx32YPAnK3rKbDMHAWdsO9z8Xzb7\" target=\"_blank\" rel=\"noopener\"><div id=\"Info-box-wrap-9728\" class=\"aio-icon-box square_box-icon\" style=\"border-color:#111111;border-width:3px;background-color:#ffffff;\" data-min-height='80px' ><div class=\"aio-icon-header\" ><h5 class=\"aio-icon-title ult-responsive\"  data-ultimate-target='#Info-box-wrap-9728 .aio-icon-title'  data-responsive-json-new='{\"font-size\":\"\",\"line-height\":\"\"}'  style=\"\">Cuentos infantiles en quechua, diversos cuentos de la editorial Alaluna realizados en quechua<\/h5><\/div> <!-- header --><div class=\"aio-icon-description ult-responsive\"  data-ultimate-target='#Info-box-wrap-9728 .aio-icon-description'  data-responsive-json-new='{\"font-size\":\"\",\"line-height\":\"\"}'  style=\"color:#0a0a0a;\"><\/p>\n<p class=\"color-lightblue\">Clic aqu\u00ed<\/p>\n<p><\/div> <!-- description --><\/div> <!-- aio-icon-box --><\/a><\/div> <!-- aio-icon-component --><div class=\"aio-icon-component   item-reconocimiento ultimo-item-reconocimiento style_2\"><a class=\"aio-icon-box-link\" href=\"https:\/\/fb.watch\/2d-wiwU9p_\/\" target=\"_blank\" rel=\"noopener\"><div id=\"Info-box-wrap-3047\" class=\"aio-icon-box square_box-icon\" style=\"border-color:#111111;border-width:3px;background-color:#ffffff;\" data-min-height='80px' ><div class=\"aio-icon-header\" ><h5 class=\"aio-icon-title ult-responsive\"  data-ultimate-target='#Info-box-wrap-3047 .aio-icon-title'  data-responsive-json-new='{\"font-size\":\"\",\"line-height\":\"\"}'  style=\"\">Presentaci\u00f3n del libro:<\/h5><\/div> <!-- header --><div class=\"aio-icon-description ult-responsive\"  data-ultimate-target='#Info-box-wrap-3047 .aio-icon-description'  data-responsive-json-new='{\"font-size\":\"\",\"line-height\":\"\"}'  style=\"color:#0a0a0a;\"><\/p>\n<p style=\"text-align: left;\"><span style=\"color: #000000;\">Poetics from an inhabited world I de Gonzalo R\u00edos y Carlos Zeballos<\/span><\/p>\n<p class=\"color-lightblue\">Clic aqu\u00ed<\/p>\n<p><\/div> <!-- description --><\/div> <!-- aio-icon-box --><\/a><\/div> <!-- aio-icon-component -->[vc_empty_space height=\u00bb50px\u00bb][\/vc_column_inner][\/vc_row_inner][\/vc_column][\/vc_row][vc_row full_width=\u00bbstretch_row\u00bb css=\u00bb.vc_custom_1608090145594{background-color: #2e3192 !important;}\u00bb el_class=\u00bbformulario-footer\u00bb][vc_column][vc_empty_space height=\u00bb50px\u00bb][vc_custom_heading text=\u00bb\u00bfDudas o consultas?\u00bb font_container=\u00bbtag:h3|text_align:left|color:%23ffffff\u00bb use_theme_fonts=\u00bbyes\u00bb][vc_column_text]<\/p>\n<p style=\"color: #29abe2; font-weight: 500;\">Por favor llena el siguiente formulario para ayudarte.<\/p>\n<p>[\/vc_column_text]<div class=\"wpforms-container wpforms-container-full formulario-descuento\" id=\"wpforms-1793\"><form id=\"wpforms-form-1793\" class=\"wpforms-validate wpforms-form wpforms-ajax-form\" data-formid=\"1793\" method=\"post\" enctype=\"multipart\/form-data\" action=\"\/ilo\/wp-json\/wp\/v2\/pages\/3200\" data-token=\"0e3fe16065e4ba26dc75548e17876582\" data-token-time=\"1775391542\"><noscript class=\"wpforms-error-noscript\">Por favor, activa JavaScript en tu navegador para completar este formulario.<\/noscript><div class=\"wpforms-field-container\"><div id=\"wpforms-1793-field_10-container\" class=\"wpforms-field wpforms-field-text input-oculto\" data-field-id=\"10\"><label class=\"wpforms-field-label wpforms-label-hide\" for=\"wpforms-1793-field_10\">Fecha<\/label><input type=\"text\" id=\"wpforms-1793-field_10\" class=\"wpforms-field-medium\" name=\"wpforms[fields][10]\" value=\"05-04-2026 07:19:02\" ><\/div><div id=\"wpforms-1793-field_6-container\" class=\"wpforms-field wpforms-field-text\" data-field-id=\"6\"><label class=\"wpforms-field-label wpforms-label-hide\" for=\"wpforms-1793-field_6\">Nombres completos <span class=\"wpforms-required-label\">*<\/span><\/label><input type=\"text\" id=\"wpforms-1793-field_6\" class=\"wpforms-field-medium wpforms-field-required\" name=\"wpforms[fields][6]\" placeholder=\"Nombre Completo\" required><\/div><div id=\"wpforms-1793-field_1-container\" class=\"wpforms-field wpforms-field-email\" data-field-id=\"1\"><label class=\"wpforms-field-label wpforms-label-hide\" for=\"wpforms-1793-field_1\">Correo electr\u00f3nico <span class=\"wpforms-required-label\">*<\/span><\/label><input type=\"email\" id=\"wpforms-1793-field_1\" class=\"wpforms-field-medium wpforms-field-required\" name=\"wpforms[fields][1]\" placeholder=\"Correo electr\u00f3nico\" spellcheck=\"false\" required><\/div><div id=\"wpforms-1793-field_3-container\" class=\"wpforms-field wpforms-field-number\" data-field-id=\"3\"><label class=\"wpforms-field-label wpforms-label-hide\" for=\"wpforms-1793-field_3\">Tel\u00e9fono\/Celular <span class=\"wpforms-required-label\">*<\/span><\/label><input type=\"number\" id=\"wpforms-1793-field_3\" class=\"wpforms-field-medium wpforms-field-required\" name=\"wpforms[fields][3]\" placeholder=\"Tel\u00e9fono\/celular\" step=\"any\" required><\/div><div id=\"wpforms-1793-field_7-container\" class=\"wpforms-field wpforms-field-textarea\" data-field-id=\"7\"><label class=\"wpforms-field-label wpforms-label-hide\" for=\"wpforms-1793-field_7\">Mensaje: <span class=\"wpforms-required-label\">*<\/span><\/label><textarea id=\"wpforms-1793-field_7\" class=\"wpforms-field-medium wpforms-field-required\" name=\"wpforms[fields][7]\" placeholder=\"Mensaje\" required><\/textarea><\/div><div id=\"wpforms-1793-field_8-container\" class=\"wpforms-field wpforms-field-text input-oculto\" data-field-id=\"8\"><label class=\"wpforms-field-label wpforms-label-hide\" for=\"wpforms-1793-field_8\">Consulta de<\/label><input type=\"text\" id=\"wpforms-1793-field_8\" class=\"wpforms-field-medium\" name=\"wpforms[fields][8]\" ><\/div><div id=\"wpforms-1793-field_9-container\" class=\"wpforms-field wpforms-field-text input-oculto\" data-field-id=\"9\"><label class=\"wpforms-field-label wpforms-label-hide\" for=\"wpforms-1793-field_9\">URL de la pagina<\/label><input type=\"text\" id=\"wpforms-1793-field_9\" class=\"wpforms-field-medium\" name=\"wpforms[fields][9]\" value=\"https:\/\/cultural.edu.pe\/ilo\/wp-json\/wp\/v2\/pages\/3200\" ><\/div><div id=\"wpforms-1793-field_4-container\" class=\"wpforms-field wpforms-field-checkbox\" data-field-id=\"4\"><label class=\"wpforms-field-label wpforms-label-hide\">\u00bfAcepta pol\u00edticas de privacidad? <span class=\"wpforms-required-label\">*<\/span><\/label><ul id=\"wpforms-1793-field_4\" class=\"wpforms-field-required\"><li class=\"choice-1 depth-1\"><input type=\"checkbox\" id=\"wpforms-1793-field_4_1\" name=\"wpforms[fields][4][]\" value=\"He le\u00eddo y acepto la &lt;a href=&quot;https:\/\/cultural.edu.pe\/ilo\/politica-privacidad\/&quot;&gt;Pol\u00edtica de Privacidad del sitio&lt;\/a&gt;\" required ><label class=\"wpforms-field-label-inline\" for=\"wpforms-1793-field_4_1\">He le\u00eddo y acepto la <a href=\"https:\/\/cultural.edu.pe\/ilo\/politica-privacidad\/\">Pol\u00edtica de Privacidad del sitio<\/a><\/label><\/li><\/ul><\/div><\/div><!-- .wpforms-field-container --><div class=\"wpforms-submit-container\" ><input type=\"hidden\" name=\"wpforms[id]\" value=\"1793\"><input type=\"hidden\" name=\"page_title\" value=\"\"><input type=\"hidden\" name=\"page_url\" value=\"https:\/\/cultural.edu.pe\/ilo\/wp-json\/wp\/v2\/pages\/3200\"><input type=\"hidden\" name=\"url_referer\" value=\"\"><button type=\"submit\" name=\"wpforms[submit]\" id=\"wpforms-submit-1793\" class=\"wpforms-submit\" data-alt-text=\"Enviando...\" data-submit-text=\"Enviar\" aria-live=\"assertive\" value=\"wpforms-submit\">Enviar<\/button><img loading=\"lazy\" decoding=\"async\" src=\"https:\/\/cultural.edu.pe\/ilo\/wp-content\/plugins\/wpforms-lite\/assets\/images\/submit-spin.svg\" class=\"wpforms-submit-spinner\" style=\"display: none;\" width=\"26\" height=\"26\" alt=\"Cargando\"><\/div><\/form><\/div>  <!-- .wpforms-container -->[vc_empty_space height=\u00bb30px\u00bb][\/vc_column][\/vc_row]<\/p>\n","protected":false},"excerpt":{"rendered":"<p>Explora nuestra colecci\u00f3n de documentaci\u00f3n hist\u00f3rica y audiovisual.<\/p>\n","protected":false},"author":7,"featured_media":3829,"parent":0,"menu_order":0,"comment_status":"closed","ping_status":"closed","template":"","meta":{"footnotes":""},"tags":[],"tipo_pagina":[49],"class_list":["post-3200","page","type-page","status-publish","has-post-thumbnail","hentry","tipo_pagina-cultura"],"acf":[],"_links":{"self":[{"href":"https:\/\/cultural.edu.pe\/ilo\/wp-json\/wp\/v2\/pages\/3200","targetHints":{"allow":["GET"]}}],"collection":[{"href":"https:\/\/cultural.edu.pe\/ilo\/wp-json\/wp\/v2\/pages"}],"about":[{"href":"https:\/\/cultural.edu.pe\/ilo\/wp-json\/wp\/v2\/types\/page"}],"author":[{"embeddable":true,"href":"https:\/\/cultural.edu.pe\/ilo\/wp-json\/wp\/v2\/users\/7"}],"replies":[{"embeddable":true,"href":"https:\/\/cultural.edu.pe\/ilo\/wp-json\/wp\/v2\/comments?post=3200"}],"version-history":[{"count":7,"href":"https:\/\/cultural.edu.pe\/ilo\/wp-json\/wp\/v2\/pages\/3200\/revisions"}],"predecessor-version":[{"id":4267,"href":"https:\/\/cultural.edu.pe\/ilo\/wp-json\/wp\/v2\/pages\/3200\/revisions\/4267"}],"wp:featuredmedia":[{"embeddable":true,"href":"https:\/\/cultural.edu.pe\/ilo\/wp-json\/wp\/v2\/media\/3829"}],"wp:attachment":[{"href":"https:\/\/cultural.edu.pe\/ilo\/wp-json\/wp\/v2\/media?parent=3200"}],"wp:term":[{"taxonomy":"post_tag","embeddable":true,"href":"https:\/\/cultural.edu.pe\/ilo\/wp-json\/wp\/v2\/tags?post=3200"},{"taxonomy":"tipo_pagina","embeddable":true,"href":"https:\/\/cultural.edu.pe\/ilo\/wp-json\/wp\/v2\/tipo_pagina?post=3200"}],"curies":[{"name":"wp","href":"https:\/\/api.w.org\/{rel}","templated":true}]}}