{"id":3,"date":"2020-10-16T06:11:27","date_gmt":"2020-10-16T06:11:27","guid":{"rendered":"https:\/\/cultural.edu.pe\/ilo\/?page_id=3"},"modified":"2020-11-19T10:02:08","modified_gmt":"2020-11-19T15:02:08","slug":"politica-privacidad","status":"publish","type":"page","link":"https:\/\/cultural.edu.pe\/ilo\/politica-privacidad\/","title":{"rendered":"Pol\u00edtica de privacidad"},"content":{"rendered":"<p>[vc_row][vc_column][vc_empty_space][vc_column_text]<\/p>\n<h2>Pol\u00edtica de Privacidad<\/h2>\n<p>El Centro Cultural Peruano Norteamericano, domiciliado en Calle Melgar 109, Arequipa agradece su inter\u00e9s por este sitio web y otros sitios relacionados. Su privacidad es importante para nosotros y queremos que entienda nuestra pol\u00edtica relacionada a c\u00f3mo recogemos informaci\u00f3n de los visitantes a este sitio y, asimismo, con respecto al uso que hacemos de dicha informaci\u00f3n. Por favor lea con cuidado cada porci\u00f3n o p\u00e1gina del sitio que visite. Ciertas porciones o p\u00e1ginas del sitio pueden contener cambios a la Declaraci\u00f3n de Privacidad aplicable al uso que le d\u00e9 a esa porci\u00f3n o p\u00e1gina. Por ejemplo, ciertas aplicaciones pueden solicitarle informaci\u00f3n adicional.<\/p>\n<h4><strong>Informaci\u00f3n y usos<\/strong><\/h4>\n<p>Cuando alguien visita el sitio web, nuestro servidor autom\u00e1ticamente recoge informaci\u00f3n que permite al sitio comunicarse con la computadora del visitante. Tambi\u00e9n recogemos informaci\u00f3n tal como el n\u00famero de visitas al sitio, qu\u00e9 partes del sitio fueron visitadas, direcci\u00f3n IP (la direcci\u00f3n de Internet asignada a su computadora por su proveedor del servicio de Internet), fecha y hora. Usamos ese tipo de informaci\u00f3n con prop\u00f3sitos estad\u00edsticos que nos ayudan a ordenar y administrar el sitio. Ese tipo de informaci\u00f3n no contiene informaci\u00f3n personal que nos permita identificar o localizar al visitante.<\/p>\n<p>Las preocupaciones sobre privacidad se concentran en el tema de la informaci\u00f3n personal, es decir, la informaci\u00f3n que pudiera identificar a un individuo espec\u00edfico con nombre, direcci\u00f3n, correo electr\u00f3nico y n\u00famero de tel\u00e9fono. Si durante su visita personaliza el sitio, llena un formulario, solicita algo o participa en un concurso o suministra otra informaci\u00f3n, usted nos puede estar dando informaci\u00f3n personal. Es posible que recojamos y usemos esa informaci\u00f3n personal para suministrarle un producto o servicio, para cobrarle por un producto o servicio que solicite, para informarle sobre productos y servicios que creamos y que puedan ser de su inter\u00e9s, o para comunicarnos con usted por cualquier otro motivo.<\/p>\n<p>Cuando usted ingrese informaci\u00f3n a un formulario web con la finalidad de que el Centro Cultural Peruano Norteamericano le informe sobre nuestros programas y servicios, as\u00ed como para invitarle a talleres, charlas y eventos informativos, previa autorizaci\u00f3n sus datos personales ser\u00e1n registrados en nuestra base de datos de interesados, por tiempo indefinido o hasta que ejerza alguno de los derechos previstos en la Ley 29733, Ley de Protecci\u00f3n de Datos Personales.<\/p>\n<p>Asimismo, cuando usted ingrese informaci\u00f3n a un formulario web por el cual se inscriba como interesado(a) a alg\u00fan programa del Centro Cultural Peruano Norteamericano, sus datos personales ser\u00e1n registrados en nuestra base de datos de interesados, por tiempo indefinido o hasta que ejerza alguno de los derechos previstos en la Ley 29733, con la finalidad de i) Orientarle y brindarle informaci\u00f3n sobre el proceso y modalidades de estudio; (ii) absolver sus dudas, reclamos y sugerencias; (iii) aplicar nuestras pol\u00edticas de evaluaci\u00f3n para inscripci\u00f3n de alumnos; (iv) generar estad\u00edsticas o informaci\u00f3n hist\u00f3rica, de manera anonimizada o disociada; y (v) en general, cumplir con cualquier actividad conexa a su condici\u00f3n de estudiante del Centro Cultural Peruano Norteamericano.<\/p>\n<p>Los datos personales que usted nos proporcione en su condici\u00f3n de alumno ser\u00e1n almacenados en nuestra base de datos de alumnos, por tiempo indefinido o hasta que ejerza alguno de los derechos previstos en la Ley 29733, para el cumplimiento de la prestaci\u00f3n de los servicios educativos y de gesti\u00f3n acad\u00e9mica brindados por el Centro Cultural Peruano Norteamericano, y las finalidades para cuales oportunamente se haya recabado su consentimiento conforme a ley.<\/p>\n<p>Tal como se explica abajo, en la secci\u00f3n de Diseminaci\u00f3n de informaci\u00f3n a terceros, no distribuimos o vendemos informaci\u00f3n a terceros a fin de permitirles que le informen acerca de sus productos y servicios.<\/p>\n<h4><strong>Informaci\u00f3n colocada en su computador<\/strong><\/h4>\n<p>Es posible que guardemos alguna informaci\u00f3n com\u00fanmente conocida como \u201ccookie\u201d en su computador cuando visita el sitio web. Esta informaci\u00f3n facilita el personalizar su uso del sitio y asegura que no necesite ingresar su informaci\u00f3n cada vez que nos visite. Puede borrar o bloquear esta informaci\u00f3n de su computador si lo desea. (Su pantalla de \u2018ayuda\u201d o su manual de usuario le indicar\u00e1 c\u00f3mo hacerlo).<\/p>\n<h4><strong>Hiperlinks<\/strong><\/h4>\n<p>Este sitio podr\u00eda contener links a sitios de los que el Centro Cultural Peruano Norteamericano no es due\u00f1o, no controla o mantiene. No podemos hacernos responsables por sus pol\u00edticas o pr\u00e1cticas de privacidad y no representamos ni garantizamos la pol\u00edticas de privacidad de esos sitios. De igual modo, no somos responsables por las pol\u00edticas o pr\u00e1cticas de ning\u00fan sitio desde el cual usted se conect\u00f3 con nuestra web. Recomendamos que verifique la pol\u00edtica de privacidad de otros sitios y que se comunique con el operador si tuviese alguna duda o pregunta.<\/p>\n<h4><strong>Diseminaci\u00f3n de informaci\u00f3n a terceros<\/strong><\/h4>\n<p>El Centro Cultural Peruano Norteamericano no vende o distribuye su informaci\u00f3n personal a terceros a fin de permitirles promocionar sus productos o servicios. Sin embargo, el Centro Cultural Peruano Norteamericano podr\u00e1 tratar sus datos personales directamente o podr\u00e1 contratar a terceros para la realizaci\u00f3n de sus actividades, los cuales pueden encontrarse dentro o fuera del Per\u00fa. El Centro Cultural Peruano Norteamericano y estos terceros han adoptado las medidas de seguridad, t\u00e9cnicas, legales y organizativas necesarias para resguardar sus datos personales.<\/p>\n<h4><strong>Informaci\u00f3n sensible<\/strong><\/h4>\n<p>El Centro Cultural Peruano Norteamericano no busca ning\u00fan tipo de informaci\u00f3n sensible de los visitantes a este sitio a menos que est\u00e9n legalmente requeridos de hacerlo, por ejemplo, en conexi\u00f3n a reclutamiento o contrato de personal.<\/p>\n<p>El Centro Cultural Peruano Norteamericano acepta su consentimiento expl\u00edcito para usar esa informaci\u00f3n de la manera descrita en esta Declaraci\u00f3n de Privacidad o en el modo descrito en el punto donde se solicita este tipo de informaci\u00f3n.<\/p>\n<h4><strong>Ejercicio de derechos<\/strong><\/h4>\n<p>El Centro Cultural Peruano Norteamericano garantiza el ejercicio de sus derechos de Acceso, Rectificaci\u00f3n, Cancelaci\u00f3n y Oposici\u00f3n contenidos en la Ley de Protecci\u00f3n de Datos Personales, Ley 29733, y su Reglamento, Decreto Supremo 003-2013-JUS. Para ello, podr\u00e1 dirigir una comunicaci\u00f3n gratuita al siguiente correo electr\u00f3nico: comunicaciones@cultural.edu.pe<\/p>\n<h4><strong>Condiciones de uso, notificaciones y revisiones<\/strong><\/h4>\n<p>Si usted escoge visitar nuestro sitio, su visita y cualquier disputa sobre privacidad est\u00e1n sujetas a esta Declaraci\u00f3n de Privacidad y a nuestras Condiciones generales de uso, incluyendo cualquier limitaci\u00f3n sobre da\u00f1os, arbitraje de disputas y la aplicaci\u00f3n de las provisiones de ley. Nos reservamos el derecho de cambiar esta declaraci\u00f3n en cualquier momento, sin aviso excepto en los casos que aqu\u00ed se consignan.<\/p>\n<p>[\/vc_column_text][\/vc_column][\/vc_row]<\/p>\n","protected":false},"excerpt":{"rendered":"<p>[vc_row][vc_column][vc_empty_space][vc_column_text] Pol\u00edtica de Privacidad El Centro Cultural Peruano Norteamericano, domiciliado en Calle Melgar 109, Arequipa agradece su inter\u00e9s por este sitio web y otros sitios relacionados. Su privacidad es importante [&hellip;]<\/p>\n","protected":false},"author":2,"featured_media":0,"parent":0,"menu_order":0,"comment_status":"closed","ping_status":"open","template":"","meta":{"footnotes":""},"tags":[],"tipo_pagina":[],"class_list":["post-3","page","type-page","status-publish","hentry"],"acf":[],"_links":{"self":[{"href":"https:\/\/cultural.edu.pe\/ilo\/wp-json\/wp\/v2\/pages\/3","targetHints":{"allow":["GET"]}}],"collection":[{"href":"https:\/\/cultural.edu.pe\/ilo\/wp-json\/wp\/v2\/pages"}],"about":[{"href":"https:\/\/cultural.edu.pe\/ilo\/wp-json\/wp\/v2\/types\/page"}],"author":[{"embeddable":true,"href":"https:\/\/cultural.edu.pe\/ilo\/wp-json\/wp\/v2\/users\/2"}],"replies":[{"embeddable":true,"href":"https:\/\/cultural.edu.pe\/ilo\/wp-json\/wp\/v2\/comments?post=3"}],"version-history":[{"count":2,"href":"https:\/\/cultural.edu.pe\/ilo\/wp-json\/wp\/v2\/pages\/3\/revisions"}],"predecessor-version":[{"id":1752,"href":"https:\/\/cultural.edu.pe\/ilo\/wp-json\/wp\/v2\/pages\/3\/revisions\/1752"}],"wp:attachment":[{"href":"https:\/\/cultural.edu.pe\/ilo\/wp-json\/wp\/v2\/media?parent=3"}],"wp:term":[{"taxonomy":"post_tag","embeddable":true,"href":"https:\/\/cultural.edu.pe\/ilo\/wp-json\/wp\/v2\/tags?post=3"},{"taxonomy":"tipo_pagina","embeddable":true,"href":"https:\/\/cultural.edu.pe\/ilo\/wp-json\/wp\/v2\/tipo_pagina?post=3"}],"curies":[{"name":"wp","href":"https:\/\/api.w.org\/{rel}","templated":true}]}}